{"id":3015,"date":"2017-07-25T23:19:29","date_gmt":"2017-07-25T15:19:29","guid":{"rendered":"http:\/\/castor-wheels.com\/wordpress\/?page_id=1483"},"modified":"2023-09-22T11:45:17","modified_gmt":"2023-09-22T03:45:17","slug":"acerca-de-nosotros","status":"publish","type":"page","link":"https:\/\/castor-wheels.com\/es\/acerca-de-nosotros\/","title":{"rendered":"Sobre nosotros"},"content":{"rendered":"<div data-elementor-type=\"wp-page\" data-elementor-id=\"3015\" class=\"elementor elementor-3015\">\n\t\t\t\t\t\t<section class=\"has_eae_slider elementor-section elementor-top-section elementor-element elementor-element-46c7394e elementor-section-boxed elementor-section-height-default elementor-section-height-default\" data-eae-slider=\"13577\" data-id=\"46c7394e\" data-element_type=\"section\" data-e-type=\"section\">\n\t\t\t\t\t\t<div class=\"elementor-container elementor-column-gap-default\">\n\t\t\t\t\t<div class=\"has_eae_slider elementor-column elementor-col-100 elementor-top-column elementor-element elementor-element-6b111f42\" data-eae-slider=\"17841\" data-id=\"6b111f42\" data-element_type=\"column\" data-e-type=\"column\">\n\t\t\t<div class=\"elementor-widget-wrap elementor-element-populated\">\n\t\t\t\t\t\t<div class=\"elementor-element elementor-element-9c5384c elementor-widget elementor-widget-text-editor\" data-id=\"9c5384c\" data-element_type=\"widget\" data-e-type=\"widget\" data-widget_type=\"text-editor.default\">\n\t\t\t\t<div class=\"elementor-widget-container\">\n\t\t\t\t\t\t\t\t\t<h3><span style=\"color: #000000;\"><em>Xinrui Plastic &amp; Hardware Products Co., Ltd. se e<\/em>ncuentra en Tangshan de la provincia de Hebei, la importante base de fabricaci\u00f3n de acero en el norte de China. La ventaja de ubicaci\u00f3n es beneficiosa para el desarrollo de nuestro negocio como podemos conseguir la materia prima local a precios competitivos.<\/span><\/h3><p><span style=\"color: #000000;\">Nos especializamos en la fabricaci\u00f3n de ruedas y piezas relacionados con ruedas, carretilla, mano transpaleta etcetera. Todos nuestros productos se exportan a todo el mundo. Nuestra gama de productos es el siguiente:<\/span><\/p><h3><span style=\"color: #000000;\">1 rueda giratoria ruedas serie deber Mini ruedas, rueda del echador ligero, medio ruedas, ruedas de trabajo pesado, Extra Heavy Duty rueda, rueda de acero inoxidable, rueda del echador del andamio<\/span><\/h3><h3><span style=\"color: #000000;\">2 ruedas clasificadas por funci\u00f3n: m\u00e1quina y equipo de ruedas, ruedecillas de muebles m\u00e9dico ruedas, ruedas del echador del Hospital, ruedas industriales, ruedas de carro de compras, mano carro de carretilla, ruedas para carretilla<\/span><\/h3><h3><span style=\"color: #000000;\">3 ruedas clasificadas por el material: Pu rueda, rueda del echador de Nylon, rueda del echador de goma,<\/span><\/h3><h3><span style=\"color: #000000;\">Las ruedas del echador 4.Special: alta temperatura con ruedas, goma de rueda de hierro, ruedas Shock absorber<\/span><\/h3><h3><span style=\"color: #000000;\">5.Ruedas de rodillos de puerta deslizante<\/span><\/h3><p><span style=\"color: #000000;\">En nuestras empresas, tratamos a la calidad del producto como la vida de nuestra f\u00e1brica. Durante m\u00e1s de diez a\u00f1os, hemos construido nuestra reputaci\u00f3n por producir ruedas, ruedas de la Pu y nylon ruedas etcetera. Son ampliamente utilizados en muchas industrias como empresa log\u00edstica (ruedas de servicio pesado), hospital (ruedas de ruedas m\u00e9dicas, ruedas de ruedas de la cama del hospital), sitio de construcci\u00f3n (jumbo -extra ruedas de servicio pesado), almac\u00e9n y dep\u00f3sito (PU caster y nylon caster), supermercado ( ruedas de ruedas de carro), industria del mueble (ruedas de ruedas de gabinete, ruedas de muebles) y alguna otra industria que produjo seg\u00fan el requisito especial del cliente (pedido OME aceptado).<\/span><br \/><span style=\"color: #000000;\">Nuestro proceso de fabricaci\u00f3n es adaptable, eficiente y precisa. Mantener las capacidades de dise\u00f1o sofisticado que transforman sus dibujos en fabricaciones exactas. Nuestra fabricaci\u00f3n de precisi\u00f3n combinado con artesan\u00eda experta asegura que cada pieza cumpla con sus requisitos y necesidades especiales.<\/span><br \/><span style=\"color: #000000;\">Para garantizar la calidad de los productos, elegimos materiales de primera calidad y<\/span><br \/><span style=\"color: #000000;\">medidas integrales de control de calidad se han integrado en todos los aspectos del proceso de fabricaci\u00f3n, de inspecci\u00f3n inicial de materiales para verificaci\u00f3n final antes del embalaje, almacenamiento y entrega. Siempre innovaci\u00f3n nos mantiene avanzando y ampliando la gama de productos.<\/span><br \/><span style=\"color: #000000;\">Si usted est\u00e1 interesado en cualesquiera de nuestros productos, sienta por favor libre de entrarnos en contacto con directamente para m\u00e1s informaci\u00f3n. Tambi\u00e9n, estamos interesados en desarrollar nuevos art\u00edculos con los clientes. Se da la bienvenida la pedido del OEM, podemos convertir su dise\u00f1o o imaginaci\u00f3n en verdad. Estamos mirando adelante para cooperar con usted en un futuro cercano.<\/span><\/p>\t\t\t\t\t\t\t\t<\/div>\n\t\t\t\t<\/div>\n\t\t\t\t\t<\/div>\n\t\t<\/div>\n\t\t\t\t\t<\/div>\n\t\t<\/section>\n\t\t\t\t<section class=\"has_eae_slider elementor-section elementor-top-section elementor-element elementor-element-9c213e4 elementor-section-boxed elementor-section-height-default elementor-section-height-default\" data-eae-slider=\"21309\" data-id=\"9c213e4\" data-element_type=\"section\" data-e-type=\"section\">\n\t\t\t\t\t\t<div class=\"elementor-container elementor-column-gap-default\">\n\t\t\t\t\t<div class=\"has_eae_slider elementor-column elementor-col-25 elementor-top-column elementor-element elementor-element-d5237b4\" data-eae-slider=\"12933\" data-id=\"d5237b4\" data-element_type=\"column\" data-e-type=\"column\">\n\t\t\t<div class=\"elementor-widget-wrap elementor-element-populated\">\n\t\t\t\t\t\t<div class=\"elementor-element elementor-element-9bdd4c1 elementor-widget elementor-widget-image\" data-id=\"9bdd4c1\" data-element_type=\"widget\" data-e-type=\"widget\" data-widget_type=\"image.default\">\n\t\t\t\t<div class=\"elementor-widget-container\">\n\t\t\t\t\t\t\t\t\t\t\t\t\t\t\t<img fetchpriority=\"high\" decoding=\"async\" width=\"300\" height=\"300\" src=\"https:\/\/i0.wp.com\/castor-wheels.com\/wp-content\/uploads\/2023\/09\/heavy-duty-pu4.webp?fit=300%2C300&amp;ssl=1\" class=\"attachment-large size-large wp-image-6004\" alt=\"heavy duty PU caster\" srcset=\"https:\/\/i0.wp.com\/castor-wheels.com\/wp-content\/uploads\/2023\/09\/heavy-duty-pu4.webp?w=300&amp;ssl=1 300w, https:\/\/i0.wp.com\/castor-wheels.com\/wp-content\/uploads\/2023\/09\/heavy-duty-pu4.webp?resize=150%2C150&amp;ssl=1 150w\" sizes=\"(max-width: 300px) 100vw, 300px\" data-attachment-id=\"6004\" data-permalink=\"https:\/\/castor-wheels.com\/extra-heavy-duty-caster\/heavy-duty-pu4\/\" data-orig-file=\"https:\/\/i0.wp.com\/castor-wheels.com\/wp-content\/uploads\/2023\/09\/heavy-duty-pu4.webp?fit=300%2C300&amp;ssl=1\" data-orig-size=\"300,300\" data-comments-opened=\"0\" data-image-meta=\"{&quot;aperture&quot;:&quot;0&quot;,&quot;credit&quot;:&quot;&quot;,&quot;camera&quot;:&quot;&quot;,&quot;caption&quot;:&quot;&quot;,&quot;created_timestamp&quot;:&quot;0&quot;,&quot;copyright&quot;:&quot;&quot;,&quot;focal_length&quot;:&quot;0&quot;,&quot;iso&quot;:&quot;0&quot;,&quot;shutter_speed&quot;:&quot;0&quot;,&quot;title&quot;:&quot;&quot;,&quot;orientation&quot;:&quot;1&quot;}\" data-image-title=\"heavy-duty-pu4\" data-image-description=\"&lt;p&gt;heavy duty PU caster&lt;\/p&gt;\" data-image-caption=\"&lt;p&gt;heavy duty PU caster&lt;\/p&gt;\" data-large-file=\"https:\/\/i0.wp.com\/castor-wheels.com\/wp-content\/uploads\/2023\/09\/heavy-duty-pu4.webp?fit=300%2C300&amp;ssl=1\" \/>\t\t\t\t\t\t\t\t\t\t\t\t\t\t\t<\/div>\n\t\t\t\t<\/div>\n\t\t\t\t\t<\/div>\n\t\t<\/div>\n\t\t\t\t<div class=\"has_eae_slider elementor-column elementor-col-25 elementor-top-column elementor-element elementor-element-57ed49e\" data-eae-slider=\"2209\" data-id=\"57ed49e\" data-element_type=\"column\" data-e-type=\"column\">\n\t\t\t<div class=\"elementor-widget-wrap elementor-element-populated\">\n\t\t\t\t\t\t<div class=\"elementor-element elementor-element-91f69c1 elementor-widget elementor-widget-image\" data-id=\"91f69c1\" data-element_type=\"widget\" data-e-type=\"widget\" data-widget_type=\"image.default\">\n\t\t\t\t<div class=\"elementor-widget-container\">\n\t\t\t\t\t\t\t\t\t\t\t\t\t\t\t<img decoding=\"async\" width=\"300\" height=\"300\" src=\"https:\/\/i0.wp.com\/castor-wheels.com\/wp-content\/uploads\/2023\/09\/scaffold-caster07.webp?fit=300%2C300&amp;ssl=1\" class=\"attachment-large size-large wp-image-5848\" alt=\"caster wheels\" srcset=\"https:\/\/i0.wp.com\/castor-wheels.com\/wp-content\/uploads\/2023\/09\/scaffold-caster07.webp?w=300&amp;ssl=1 300w, https:\/\/i0.wp.com\/castor-wheels.com\/wp-content\/uploads\/2023\/09\/scaffold-caster07.webp?resize=150%2C150&amp;ssl=1 150w\" sizes=\"(max-width: 300px) 100vw, 300px\" data-attachment-id=\"5848\" data-permalink=\"https:\/\/castor-wheels.com\/scaffolding-caster-wheel\/scaffold-caster07\/\" data-orig-file=\"https:\/\/i0.wp.com\/castor-wheels.com\/wp-content\/uploads\/2023\/09\/scaffold-caster07.webp?fit=300%2C300&amp;ssl=1\" data-orig-size=\"300,300\" data-comments-opened=\"0\" data-image-meta=\"{&quot;aperture&quot;:&quot;8&quot;,&quot;credit&quot;:&quot;&quot;,&quot;camera&quot;:&quot;Canon EOS 700D&quot;,&quot;caption&quot;:&quot;&quot;,&quot;created_timestamp&quot;:&quot;1453222144&quot;,&quot;copyright&quot;:&quot;&quot;,&quot;focal_length&quot;:&quot;42&quot;,&quot;iso&quot;:&quot;1600&quot;,&quot;shutter_speed&quot;:&quot;0.0125&quot;,&quot;title&quot;:&quot;&quot;,&quot;orientation&quot;:&quot;1&quot;}\" data-image-title=\"scaffold caster07\" data-image-description=\"&lt;p&gt;nylon scaffolding caster&lt;\/p&gt;\" data-image-caption=\"&lt;p&gt;nylon scaffolding caster&lt;\/p&gt;\" data-large-file=\"https:\/\/i0.wp.com\/castor-wheels.com\/wp-content\/uploads\/2023\/09\/scaffold-caster07.webp?fit=300%2C300&amp;ssl=1\" \/>\t\t\t\t\t\t\t\t\t\t\t\t\t\t\t<\/div>\n\t\t\t\t<\/div>\n\t\t\t\t\t<\/div>\n\t\t<\/div>\n\t\t\t\t<div class=\"has_eae_slider elementor-column elementor-col-25 elementor-top-column elementor-element elementor-element-56002ea\" data-eae-slider=\"35274\" data-id=\"56002ea\" data-element_type=\"column\" data-e-type=\"column\">\n\t\t\t<div class=\"elementor-widget-wrap elementor-element-populated\">\n\t\t\t\t\t\t<div class=\"elementor-element elementor-element-12cc4d6 elementor-widget elementor-widget-image\" data-id=\"12cc4d6\" data-element_type=\"widget\" data-e-type=\"widget\" data-widget_type=\"image.default\">\n\t\t\t\t<div class=\"elementor-widget-container\">\n\t\t\t\t\t\t\t\t\t\t\t\t\t\t\t<img decoding=\"async\" width=\"300\" height=\"300\" src=\"https:\/\/i0.wp.com\/castor-wheels.com\/wp-content\/uploads\/2022\/03\/8x2inch-single-3ton.webp?fit=300%2C300&amp;ssl=1\" class=\"attachment-large size-large wp-image-5787\" alt=\"\" srcset=\"https:\/\/i0.wp.com\/castor-wheels.com\/wp-content\/uploads\/2022\/03\/8x2inch-single-3ton.webp?w=300&amp;ssl=1 300w, https:\/\/i0.wp.com\/castor-wheels.com\/wp-content\/uploads\/2022\/03\/8x2inch-single-3ton.webp?resize=150%2C150&amp;ssl=1 150w\" sizes=\"(max-width: 300px) 100vw, 300px\" data-attachment-id=\"5787\" data-permalink=\"https:\/\/castor-wheels.com\/iso-shipping-container-castor-wheel\/8x2inch-single-3ton\/\" data-orig-file=\"https:\/\/i0.wp.com\/castor-wheels.com\/wp-content\/uploads\/2022\/03\/8x2inch-single-3ton.webp?fit=300%2C300&amp;ssl=1\" data-orig-size=\"300,300\" data-comments-opened=\"0\" data-image-meta=\"{&quot;aperture&quot;:&quot;0&quot;,&quot;credit&quot;:&quot;&quot;,&quot;camera&quot;:&quot;&quot;,&quot;caption&quot;:&quot;&quot;,&quot;created_timestamp&quot;:&quot;0&quot;,&quot;copyright&quot;:&quot;&quot;,&quot;focal_length&quot;:&quot;0&quot;,&quot;iso&quot;:&quot;0&quot;,&quot;shutter_speed&quot;:&quot;0&quot;,&quot;title&quot;:&quot;&quot;,&quot;orientation&quot;:&quot;0&quot;}\" data-image-title=\"8x2inch single 3ton\" data-image-description=\"\" data-image-caption=\"&lt;p&gt;shipping container caster&lt;\/p&gt;\" data-large-file=\"https:\/\/i0.wp.com\/castor-wheels.com\/wp-content\/uploads\/2022\/03\/8x2inch-single-3ton.webp?fit=300%2C300&amp;ssl=1\" \/>\t\t\t\t\t\t\t\t\t\t\t\t\t\t\t<\/div>\n\t\t\t\t<\/div>\n\t\t\t\t\t<\/div>\n\t\t<\/div>\n\t\t\t\t<div class=\"has_eae_slider elementor-column elementor-col-25 elementor-top-column elementor-element elementor-element-259c08f\" data-eae-slider=\"4927\" data-id=\"259c08f\" data-element_type=\"column\" data-e-type=\"column\">\n\t\t\t<div class=\"elementor-widget-wrap elementor-element-populated\">\n\t\t\t\t\t\t<div class=\"elementor-element elementor-element-bdc4bd1 elementor-widget elementor-widget-image\" data-id=\"bdc4bd1\" data-element_type=\"widget\" data-e-type=\"widget\" data-widget_type=\"image.default\">\n\t\t\t\t<div class=\"elementor-widget-container\">\n\t\t\t\t\t\t\t\t\t\t\t\t\t\t\t<img loading=\"lazy\" decoding=\"async\" width=\"300\" height=\"300\" src=\"https:\/\/i0.wp.com\/castor-wheels.com\/wp-content\/uploads\/2023\/08\/all-wheel.jpg?fit=300%2C300&amp;ssl=1\" class=\"attachment-large size-large wp-image-5698\" alt=\"roller wheel for forklift and pallet truck\" srcset=\"https:\/\/i0.wp.com\/castor-wheels.com\/wp-content\/uploads\/2023\/08\/all-wheel.jpg?w=300&amp;ssl=1 300w, https:\/\/i0.wp.com\/castor-wheels.com\/wp-content\/uploads\/2023\/08\/all-wheel.jpg?resize=150%2C150&amp;ssl=1 150w\" sizes=\"(max-width: 300px) 100vw, 300px\" data-attachment-id=\"5698\" data-permalink=\"https:\/\/castor-wheels.com\/forklift-pu-wheel\/all-wheel\/\" data-orig-file=\"https:\/\/i0.wp.com\/castor-wheels.com\/wp-content\/uploads\/2023\/08\/all-wheel.jpg?fit=300%2C300&amp;ssl=1\" data-orig-size=\"300,300\" data-comments-opened=\"0\" data-image-meta=\"{&quot;aperture&quot;:&quot;0&quot;,&quot;credit&quot;:&quot;&quot;,&quot;camera&quot;:&quot;&quot;,&quot;caption&quot;:&quot;&quot;,&quot;created_timestamp&quot;:&quot;0&quot;,&quot;copyright&quot;:&quot;&quot;,&quot;focal_length&quot;:&quot;0&quot;,&quot;iso&quot;:&quot;0&quot;,&quot;shutter_speed&quot;:&quot;0&quot;,&quot;title&quot;:&quot;&quot;,&quot;orientation&quot;:&quot;1&quot;}\" data-image-title=\"all wheel\" data-image-description=\"&lt;p&gt;roller wheel for forklift and pallet truck stacket&lt;\/p&gt;\" data-image-caption=\"&lt;p&gt;roller wheel for forklift and pallet truck&lt;\/p&gt;\" data-large-file=\"https:\/\/i0.wp.com\/castor-wheels.com\/wp-content\/uploads\/2023\/08\/all-wheel.jpg?fit=300%2C300&amp;ssl=1\" \/>\t\t\t\t\t\t\t\t\t\t\t\t\t\t\t<\/div>\n\t\t\t\t<\/div>\n\t\t\t\t\t<\/div>\n\t\t<\/div>\n\t\t\t\t\t<\/div>\n\t\t<\/section>\n\t\t\t\t<\/div>","protected":false},"excerpt":{"rendered":"<p>Xinrui Plastic &amp; Hardware Products Co., Ltd. se encuentra en Tangshan de la provincia de Hebei, la importante base de fabricaci\u00f3n de acero en el norte de China. La ventaja de ubicaci\u00f3n es beneficiosa para el desarrollo de nuestro negocio como podemos conseguir la materia prima local a precios competitivos. Nos especializamos en la fabricaci\u00f3n [&hellip;]<\/p>\n","protected":false},"author":1,"featured_media":0,"parent":0,"menu_order":0,"comment_status":"closed","ping_status":"closed","template":"","meta":{"footnotes":""},"class_list":["post-3015","page","type-page","status-publish","hentry"],"jetpack_sharing_enabled":true,"jetpack_shortlink":"https:\/\/wp.me\/P96XZu-MD","jetpack-related-posts":[{"id":3070,"url":"https:\/\/castor-wheels.com\/es\/inicio\/","url_meta":{"origin":3015,"position":0},"title":"P\u00e1gina de inicio","author":"caster","date":"julio 27, 2017","format":false,"excerpt":"F\u00e1brica de ruedas Xinrui rueda en China\u00a0\u00a0\u00a0\u00a0\u00a0\u00a0\u00a0\u00a0\u00a0\u00a0\u00a0 Xinrui Plastic & Hardware Products Co., Ltd. se encuentra en Tangshan de la provincia de Hebei, la importante base de fabricaci\u00f3n de acero en el norte de China. La ventaja de ubicaci\u00f3n es beneficiosa para el desarrollo de nuestro negocio como podemos conseguir\u2026","rel":"","context":"Entrada similar ","block_context":{"text":"Entrada similar ","link":""},"img":{"alt_text":"rubber caster wheel","src":"https:\/\/i0.wp.com\/castor-wheels.com\/wp-content\/uploads\/2017\/08\/rubber-golden-rim.jpg?resize=350%2C200&ssl=1","width":350,"height":200},"classes":[]},{"id":3131,"url":"https:\/\/castor-wheels.com\/es\/productos-2\/","url_meta":{"origin":3015,"position":1},"title":"Productos","author":"caster","date":"agosto 27, 2017","format":false,"excerpt":"Ruedas Ruedas del echador de la PUrueda del echador de 6 \" ruedas r\u00edgidas del echadordiverso tama\u00f1o disponible ruedas giratorias del echadorruedas resistentes estupendas de la PU del echador Ruedas de nylon del echadorRueda de nylon del echador ruedas de goma del echadordiverso tama\u00f1o disponible rueda ligera del echadorrueda de\u2026","rel":"","context":"Entrada similar ","block_context":{"text":"Entrada similar ","link":""},"img":{"alt_text":"6inch PU caster wheel","src":"https:\/\/i0.wp.com\/castor-wheels.com\/wp-content\/uploads\/2017\/08\/6inch-PU-caster-wheel-yellow.jpg?resize=350%2C200&ssl=1","width":350,"height":200},"classes":[]},{"id":4093,"url":"https:\/\/castor-wheels.com\/es\/nylon-rueda-giratoria\/","url_meta":{"origin":3015,"position":2},"title":"Rueda de nylon del echador","author":"caster","date":"agosto 2, 2017","format":false,"excerpt":"Ruedas del echador del PARuedas del echador del PA con la cubierta \u00a0ruedas de nylon del echadorRuedas de nylon del echadorRueda del echador del PA con el frenoRuedas del echador del PArueda ligera del echadorruedas de nylondiverso tama\u00f1o disponibleechador de poca potenciaruedas de nylon del echadorRuedas de nylon del echadorRueda\u2026","rel":"","context":"Entrada similar ","block_context":{"text":"Entrada similar ","link":""},"img":{"alt_text":"nylon caster wheel","src":"https:\/\/i0.wp.com\/castor-wheels.com\/wp-content\/uploads\/2017\/08\/nylon-wheel-with-cover.jpg?resize=350%2C200&ssl=1","width":350,"height":200},"classes":[]},{"id":4381,"url":"https:\/\/castor-wheels.com\/es\/alto-temperatura-echador\/","url_meta":{"origin":3015,"position":3},"title":"Echador de alta temperatura","author":"caster","date":"agosto 2, 2017","format":false,"excerpt":"rueda resistente al calorrueda de alta temperatura ruedas giratoriasrueda resistente al calor echador del arrabioechador del arrabio rueda resistente del echadorechador d\u00factil del hierro rueda resistente al calorrueda de alta temperatura ruedas giratoriasrueda resistente al calor echador del arrabiorueda de alta temperatura rueda resistente del echadorrueda de alta temperatura","rel":"","context":"Entrada similar ","block_context":{"text":"Entrada similar ","link":""},"img":{"alt_text":"","src":"","width":0,"height":0},"classes":[]},{"id":3058,"url":"https:\/\/castor-wheels.com\/es\/pu-rueda-giratoria\/","url_meta":{"origin":3015,"position":4},"title":"Rueda del echador de la PU","author":"caster","date":"agosto 2, 2017","format":false,"excerpt":"Ruedas del echador de la PUrueda del echador de 6 \" ruedas r\u00edgidas del echadordiverso tama\u00f1o disponible ruedas giratorias del echadorruedas resistentes estupendas de la PU del echador Ruedas del echador de la PURueda del echador de la PU Ruedas del echador de la PUSerie de la rueda de la\u2026","rel":"","context":"Entrada similar ","block_context":{"text":"Entrada similar ","link":""},"img":{"alt_text":"","src":"","width":0,"height":0},"classes":[]},{"id":3037,"url":"https:\/\/castor-wheels.com\/es\/casterwheels-3\/","url_meta":{"origin":3015,"position":5},"title":"Ruedas del echador","author":"caster","date":"julio 30, 2017","format":false,"excerpt":"\u00a0 Ruedas del echador de la PU rueda del echador de 6 \" ruedas r\u00edgidas del echador diverso tama\u00f1o disponible ruedas giratorias del echador ruedas resistentes estupendas de la PU del echador Ruedas de nylon del echador Rueda de nylon del echador Ruedas del echador del PA 5 \"rueda r\u00edgida\u2026","rel":"","context":"Entrada similar ","block_context":{"text":"Entrada similar ","link":""},"img":{"alt_text":"","src":"","width":0,"height":0},"classes":[]}],"_links":{"self":[{"href":"https:\/\/castor-wheels.com\/es\/wp-json\/wp\/v2\/pages\/3015","targetHints":{"allow":["GET"]}}],"collection":[{"href":"https:\/\/castor-wheels.com\/es\/wp-json\/wp\/v2\/pages"}],"about":[{"href":"https:\/\/castor-wheels.com\/es\/wp-json\/wp\/v2\/types\/page"}],"author":[{"embeddable":true,"href":"https:\/\/castor-wheels.com\/es\/wp-json\/wp\/v2\/users\/1"}],"replies":[{"embeddable":true,"href":"https:\/\/castor-wheels.com\/es\/wp-json\/wp\/v2\/comments?post=3015"}],"version-history":[{"count":6,"href":"https:\/\/castor-wheels.com\/es\/wp-json\/wp\/v2\/pages\/3015\/revisions"}],"predecessor-version":[{"id":6070,"href":"https:\/\/castor-wheels.com\/es\/wp-json\/wp\/v2\/pages\/3015\/revisions\/6070"}],"wp:attachment":[{"href":"https:\/\/castor-wheels.com\/es\/wp-json\/wp\/v2\/media?parent=3015"}],"curies":[{"name":"wp","href":"https:\/\/api.w.org\/{rel}","templated":true}]}}