{"id":3037,"date":"2017-07-30T21:48:18","date_gmt":"2017-07-30T13:48:18","guid":{"rendered":"http:\/\/castor-wheels.com\/wordpress\/?page_id=1617"},"modified":"2017-12-01T20:30:20","modified_gmt":"2017-12-01T12:30:20","slug":"casterwheels-3","status":"publish","type":"page","link":"https:\/\/castor-wheels.com\/es\/casterwheels-3\/","title":{"rendered":"Ruedas del echador"},"content":{"rendered":"<p>\u00a0<\/p>\n<figure><a href=\"\/es\/pu-caster-detail\/\"><img data-recalc-dims=\"1\" decoding=\"async\" title=\"rueda giratoria\" src=\"https:\/\/i0.wp.com\/castor-wheels.com\/wp-content\/uploads\/2017\/08\/6inch-PU-caster-wheel-blue.jpg?w=525\" alt=\"Rueda del echador de la PU azul\" \/><\/a><\/figure>\n<h3><a href=\"\/es\/pu-caster-detail\/\">Ruedas del echador de la PU<\/a><\/h3>\n<p>rueda del echador de 6 &quot;<\/p>\n<figure><a href=\"\/es\/pu-caster-detail\/\"><img data-recalc-dims=\"1\" decoding=\"async\" title=\"6inch-PU-rueda giratoria\" src=\"https:\/\/i0.wp.com\/castor-wheels.com\/wp-content\/uploads\/2017\/08\/6inch-PU-caster-wheel-yellow.jpg?w=525\" alt=\"rueda del echador de la PU de 6inch\" \/><\/a><\/figure>\n<h3><a href=\"\/es\/pu-caster-detail\/\">ruedas r\u00edgidas del echador<\/a><\/h3>\n<p>diverso tama\u00f1o disponible<\/p>\n<figure><img data-recalc-dims=\"1\" decoding=\"async\" title=\"Super-heavy-deber-PU-rueda giratoria\" src=\"https:\/\/i0.wp.com\/castor-wheels.com\/wp-content\/uploads\/2017\/08\/super-heavy-duty-PU-caster-wheel.jpg?w=525\" alt=\"echador resistente estupendo de la PU\" \/><\/figure>\n<h3>ruedas giratorias del echador<\/h3>\n<p>ruedas resistentes estupendas de la PU del echador<\/p>\n<figure><img data-recalc-dims=\"1\" decoding=\"async\" title=\"nylon-rueda giratoria\" src=\"https:\/\/i0.wp.com\/castor-wheels.com\/wp-content\/uploads\/2017\/08\/6-inch-nylon-caster-wheel-1.jpg?w=525\" alt=\"rueda de nylon del echador\" \/><\/figure>\n<h3>Ruedas de nylon del echador<\/h3>\n<p>Rueda de nylon del echador<\/p>\n<figure><img data-recalc-dims=\"1\" decoding=\"async\" title=\"nylon-rueda giratoria\" src=\"https:\/\/i0.wp.com\/castor-wheels.com\/wp-content\/uploads\/2017\/08\/6-inch-nylon-caster-wheel-1.jpg?w=525\" alt=\"rueda de nylon del echador\" \/><\/figure>\n<h3>Ruedas del echador del PA<\/h3>\n<p>5 &quot;rueda r\u00edgida del echador<\/p>\n<figure><img data-recalc-dims=\"1\" decoding=\"async\" title=\"W96-rueda de goma\" src=\"https:\/\/i0.wp.com\/castor-wheels.com\/wp-content\/uploads\/2017\/08\/W96-rubber-wheel-1.jpg?w=525\" alt=\"rueda de goma\" \/><\/figure>\n<h3>ruedas de goma del echador<\/h3>\n<p>diverso tama\u00f1o disponible<\/p>\n<figure><img data-recalc-dims=\"1\" decoding=\"async\" title=\"4inch-PU-rojo\" src=\"https:\/\/i0.wp.com\/castor-wheels.com\/wp-content\/uploads\/2017\/08\/4-inch-PU-red-.jpg?w=525\" alt=\"4 &quot;echador de la PU\" \/><\/figure>\n<h3>rueda ligera del echador<\/h3>\n<p>rueda del echador de 3 &quot;PU<\/p>\n<figure><img data-recalc-dims=\"1\" decoding=\"async\" title=\"TPR-rueda\" src=\"https:\/\/i0.wp.com\/castor-wheels.com\/wp-content\/uploads\/2017\/08\/W70-TPR-3.jpg?w=525\" alt=\"Rueda del echador de TPR\" \/><\/figure>\n<h3>Ruedas del echador de TPR<\/h3>\n<p>Rueda del echador de TPR<\/p>\n<figure><img data-recalc-dims=\"1\" decoding=\"async\" title=\"Super-heavy-deber-PU-Caster\" src=\"https:\/\/i0.wp.com\/castor-wheels.com\/wp-content\/uploads\/2017\/08\/super-heavy-duty-PU-caster-.jpg?w=525\" alt=\"echador resistente estupendo de la PU\" \/><\/figure>\n<h3>ruedas del echador<\/h3>\n<p>rueda resistente estupenda del echador de la PU<\/p>\n<figure><img data-recalc-dims=\"1\" decoding=\"async\" title=\"luz \u2013 deber \u2013 rueda giratoria\" src=\"https:\/\/i0.wp.com\/castor-wheels.com\/wp-content\/uploads\/2017\/07\/light-duty05.jpg?w=525\" alt=\"rueda ligera del echador\" \/><\/figure>\n<h3>Mini rueda del echador del deber<\/h3>\n<p>rueda del echador de 2 &quot;<\/p>\n<figure><img data-recalc-dims=\"1\" decoding=\"async\" title=\"W185-PU-iron-Core\" src=\"https:\/\/i0.wp.com\/castor-wheels.com\/wp-content\/uploads\/2017\/08\/W185-PU-iron-core.jpg?w=525\" alt=\"Rueda resistente del echador de la PU\" \/><\/figure>\n<h3>Rueda del echador de la PU<\/h3>\n<p>rueda resistente del echador de la PU<\/p>\n<figure><img data-recalc-dims=\"1\" decoding=\"async\" title=\"W68-rueda de goma\" src=\"https:\/\/i0.wp.com\/castor-wheels.com\/wp-content\/uploads\/2017\/08\/W68-rubber-wheel-2.jpg?w=525\" alt=\"rueda de goma del echador\" \/><\/figure>\n<h3>rueda de goma del echador<\/h3>\n<p>rueda de oro del echador del borde<\/p>\n<figure><img data-recalc-dims=\"1\" decoding=\"async\" title=\"W163-Super-heavy-deber\" src=\"https:\/\/i0.wp.com\/castor-wheels.com\/wp-content\/uploads\/2017\/08\/w163-super-heavy-duty.jpg?w=525\" alt=\"rueda resistente estupenda del echador\" \/><\/figure>\n<h3>ruedas del echador<\/h3>\n<p>rueda resistente estupenda del echador de la PU<\/p>\n<figure><img data-recalc-dims=\"1\" decoding=\"async\" title=\"W65-PA-wheel\" src=\"https:\/\/i0.wp.com\/castor-wheels.com\/wp-content\/uploads\/2017\/08\/W65-PA-wheel-2.jpg?w=525\" alt=\"Rueda del PA\" \/><\/figure>\n<h3>rueda de nylon<\/h3>\n<p>Rueda del PA<\/p>\n<figure><img data-recalc-dims=\"1\" decoding=\"async\" title=\"W120-PU-wheel\" src=\"https:\/\/i0.wp.com\/castor-wheels.com\/wp-content\/uploads\/2017\/08\/W120-PU-wheel.jpg?w=525\" alt=\"Rueda de la PU con el freno lateral\" \/><\/figure>\n<h3>Rueda del echador de la PU<\/h3>\n<p>Rueda del echador de la PU con el freno<\/p>\n<figure><img data-recalc-dims=\"1\" decoding=\"async\" title=\"W198-palet-cami\u00f3n-rueda\" src=\"https:\/\/i0.wp.com\/castor-wheels.com\/wp-content\/uploads\/2017\/08\/W198-pallet-truck-wheel.jpg?w=525\" alt=\"rueda de gato de la plataforma\" \/><\/figure>\n<h3>rueda del carro de la plataforma<\/h3>\n<p>PU &amp; Nylon rueda de ruedas<\/p>","protected":false},"excerpt":{"rendered":"<p>\u00a0 Ruedas del echador de la PU rueda del echador de 6 &quot; ruedas r\u00edgidas del echador diverso tama\u00f1o disponible ruedas giratorias del echador ruedas resistentes estupendas de la PU del echador Ruedas de nylon del echador Rueda de nylon del echador Ruedas del echador del PA 5 &quot;rueda r\u00edgida del echador ruedas de goma [&hellip;]<\/p>\n","protected":false},"author":1,"featured_media":0,"parent":0,"menu_order":0,"comment_status":"closed","ping_status":"closed","template":"","meta":{"footnotes":""},"class_list":["post-3037","page","type-page","status-publish","hentry"],"jetpack_sharing_enabled":true,"jetpack_shortlink":"https:\/\/wp.me\/P96XZu-MZ","jetpack-related-posts":[{"id":3058,"url":"https:\/\/castor-wheels.com\/es\/pu-rueda-giratoria\/","url_meta":{"origin":3037,"position":0},"title":"Rueda del echador de la PU","author":"caster","date":"agosto 2, 2017","format":false,"excerpt":"Ruedas del echador de la PUrueda del echador de 6 \" ruedas r\u00edgidas del echadordiverso tama\u00f1o disponible ruedas giratorias del echadorruedas resistentes estupendas de la PU del echador Ruedas del echador de la PURueda del echador de la PU Ruedas del echador de la PUSerie de la rueda de la\u2026","rel":"","context":"Entrada similar ","block_context":{"text":"Entrada similar ","link":""},"img":{"alt_text":"","src":"","width":0,"height":0},"classes":[]},{"id":4009,"url":"https:\/\/castor-wheels.com\/es\/ruedas-de-trabajo-pesado\/","url_meta":{"origin":3037,"position":1},"title":"Ruedas resistentes del echador","author":"caster","date":"agosto 2, 2017","format":false,"excerpt":"echador industrial pesado de gomarueda de deber de Heacy ruedas r\u00edgidas del echadordiverso tama\u00f1o disponible ruedas giratorias del echadorruedas resistentes estupendas de la PU del echador Ruedas del echador de la PURueda de nylon del echador echador industrial pesado de gomarueda de deber de Heacy ruedas resistentes del echadorrueda resistente\u2026","rel":"","context":"Entrada similar ","block_context":{"text":"Entrada similar ","link":""},"img":{"alt_text":"","src":"","width":0,"height":0},"classes":[]},{"id":4018,"url":"https:\/\/castor-wheels.com\/es\/ruedas-de-trabajo-pesado-2\/","url_meta":{"origin":3037,"position":2},"title":"Ruedas resistentes del echador","author":"caster","date":"agosto 2, 2017","format":false,"excerpt":"echador industrial pesado de gomarueda de deber de Heacy ruedas r\u00edgidas del echadordiverso tama\u00f1o disponible ruedas giratorias del echadorruedas resistentes estupendas de la PU del echador Ruedas del echador de la PURueda de nylon del echador echador industrial pesado de gomarueda de deber de Heacy ruedas resistentes del echadorrueda resistente\u2026","rel":"","context":"Entrada similar ","block_context":{"text":"Entrada similar ","link":""},"img":{"alt_text":"","src":"","width":0,"height":0},"classes":[]},{"id":4068,"url":"https:\/\/castor-wheels.com\/es\/ruedas-de-trabajo-mediano\/","url_meta":{"origin":3037,"position":3},"title":"Ruedas del echador del deber medio","author":"caster","date":"agosto 2, 2017","format":false,"excerpt":"\u00a0 Ruedas del echador de la PU tipo de agujero de perno ruedas ruedas r\u00edgidas del echador diverso tama\u00f1o disponible ruedas giratorias del echador ruedas del echador del deber medio Ruedas de nylon del echador rueda del echador del deber medio Ruedas del echador de la PU rueda del echador\u2026","rel":"","context":"Entrada similar ","block_context":{"text":"Entrada similar ","link":""},"img":{"alt_text":"","src":"","width":0,"height":0},"classes":[]},{"id":3112,"url":"https:\/\/castor-wheels.com\/es\/pesado-aranceles-ruedas-ruedas\/","url_meta":{"origin":3037,"position":4},"title":"Ruedas de trabajo pesado","author":"caster","date":"agosto 2, 2017","format":false,"excerpt":"rueda industrial pesada de gomarueda de Heacy deber ruedas del echador r\u00edgidodiverso tama\u00f1o disponible las ruedas del echador del eslab\u00f3n giratorioSuper ruedas de PU de alta resistencia Ruedas del echador de la PURueda del echador de nylon rueda industrial pesada de gomarueda de Heacy deber ruedas de trabajo pesadorueda de\u2026","rel":"","context":"Entrada similar ","block_context":{"text":"Entrada similar ","link":""},"img":{"alt_text":"","src":"","width":0,"height":0},"classes":[]},{"id":3119,"url":"https:\/\/castor-wheels.com\/es\/industrial-ruedas-giratorias\/","url_meta":{"origin":3037,"position":5},"title":"Ruedas industriales del echador","author":"caster","date":"agosto 2, 2017","format":false,"excerpt":"ruedas de nylon del echadorrueda industrial rueda industrialdiverso tama\u00f1o disponible ruedas giratorias del echadorruedas resistentes estupendas de la PU del echador Ruedas de nylon del echadorRueda de nylon del echador rueda de goma resistenterueda industrial rueda industrialdiverso tama\u00f1o disponible ruedas giratorias del echadorruedas resistentes estupendas de la PU del echador\u2026","rel":"","context":"Entrada similar ","block_context":{"text":"Entrada similar ","link":""},"img":{"alt_text":"","src":"","width":0,"height":0},"classes":[]}],"_links":{"self":[{"href":"https:\/\/castor-wheels.com\/es\/wp-json\/wp\/v2\/pages\/3037","targetHints":{"allow":["GET"]}}],"collection":[{"href":"https:\/\/castor-wheels.com\/es\/wp-json\/wp\/v2\/pages"}],"about":[{"href":"https:\/\/castor-wheels.com\/es\/wp-json\/wp\/v2\/types\/page"}],"author":[{"embeddable":true,"href":"https:\/\/castor-wheels.com\/es\/wp-json\/wp\/v2\/users\/1"}],"replies":[{"embeddable":true,"href":"https:\/\/castor-wheels.com\/es\/wp-json\/wp\/v2\/comments?post=3037"}],"version-history":[{"count":2,"href":"https:\/\/castor-wheels.com\/es\/wp-json\/wp\/v2\/pages\/3037\/revisions"}],"predecessor-version":[{"id":3346,"href":"https:\/\/castor-wheels.com\/es\/wp-json\/wp\/v2\/pages\/3037\/revisions\/3346"}],"wp:attachment":[{"href":"https:\/\/castor-wheels.com\/es\/wp-json\/wp\/v2\/media?parent=3037"}],"curies":[{"name":"wp","href":"https:\/\/api.w.org\/{rel}","templated":true}]}}