{"id":3044,"date":"2017-07-25T23:19:29","date_gmt":"2017-07-25T15:19:29","guid":{"rendered":"http:\/\/castor-wheels.com\/wordpress\/?page_id=1484"},"modified":"2023-09-22T11:33:56","modified_gmt":"2023-09-22T03:33:56","slug":"contactos","status":"publish","type":"page","link":"https:\/\/castor-wheels.com\/es\/contactos\/","title":{"rendered":"Contactos"},"content":{"rendered":"<div data-elementor-type=\"wp-page\" data-elementor-id=\"3044\" class=\"elementor elementor-3044\">\n\t\t\t\t\t\t<section class=\"has_eae_slider elementor-section elementor-top-section elementor-element elementor-element-450abb6 elementor-section-boxed elementor-section-height-default elementor-section-height-default\" data-eae-slider=\"29301\" data-id=\"450abb6\" data-element_type=\"section\" data-e-type=\"section\">\n\t\t\t\t\t\t<div class=\"elementor-container elementor-column-gap-default\">\n\t\t\t\t\t<div class=\"has_eae_slider elementor-column elementor-col-100 elementor-top-column elementor-element elementor-element-59f91844\" data-eae-slider=\"21289\" data-id=\"59f91844\" data-element_type=\"column\" data-e-type=\"column\">\n\t\t\t<div class=\"elementor-widget-wrap elementor-element-populated\">\n\t\t\t\t\t\t<div class=\"elementor-element elementor-element-4edc6da1 elementor-widget elementor-widget-text-editor\" data-id=\"4edc6da1\" data-element_type=\"widget\" data-e-type=\"widget\" data-widget_type=\"text-editor.default\">\n\t\t\t\t<div class=\"elementor-widget-container\">\n\t\t\t\t\t\t\t\t\t<p><em>Direcci\u00f3n de la f\u00e1brica:<\/em><\/p>\n<p><em>&nbsp; Industry Zone, Fengnan, Tangshan, Hebei provincia, China<\/em><\/p>\n<p><em>&nbsp;<\/em><\/p>\n<p><em>Correo elec<a href=\"mailto:tony@castor-wheels.com\">tr\u00f3nico: tony@castor-wheels.com<\/a><\/em><\/p>\n<p><em>Tel: 86-3152-228019<\/em><\/p>\n<p><em>M\u00f3vil: 86-1373-1509-321<\/em><\/p>\n<p><\/p>\n\n\n<p><\/p>\n\t\t\t\t\t\t\t\t<\/div>\n\t\t\t\t<\/div>\n\t\t\t\t\t<\/div>\n\t\t<\/div>\n\t\t\t\t\t<\/div>\n\t\t<\/section>\n\t\t\t\t<\/div>","protected":false},"excerpt":{"rendered":"<p>Direcci\u00f3n de la f\u00e1brica: &nbsp; Industry Zone, Fengnan, Tangshan, Hebei provincia, China &nbsp; Correo electr\u00f3nico: tony@castor-wheels.com Tel: 86-3152-228019 M\u00f3vil: 86-1373-1509-321<\/p>","protected":false},"author":1,"featured_media":0,"parent":0,"menu_order":0,"comment_status":"closed","ping_status":"closed","template":"","meta":{"footnotes":""},"class_list":["post-3044","page","type-page","status-publish","hentry"],"jetpack_sharing_enabled":true,"jetpack_shortlink":"https:\/\/wp.me\/P96XZu-N6","jetpack-related-posts":[],"_links":{"self":[{"href":"https:\/\/castor-wheels.com\/es\/wp-json\/wp\/v2\/pages\/3044","targetHints":{"allow":["GET"]}}],"collection":[{"href":"https:\/\/castor-wheels.com\/es\/wp-json\/wp\/v2\/pages"}],"about":[{"href":"https:\/\/castor-wheels.com\/es\/wp-json\/wp\/v2\/types\/page"}],"author":[{"embeddable":true,"href":"https:\/\/castor-wheels.com\/es\/wp-json\/wp\/v2\/users\/1"}],"replies":[{"embeddable":true,"href":"https:\/\/castor-wheels.com\/es\/wp-json\/wp\/v2\/comments?post=3044"}],"version-history":[{"count":3,"href":"https:\/\/castor-wheels.com\/es\/wp-json\/wp\/v2\/pages\/3044\/revisions"}],"predecessor-version":[{"id":6066,"href":"https:\/\/castor-wheels.com\/es\/wp-json\/wp\/v2\/pages\/3044\/revisions\/6066"}],"wp:attachment":[{"href":"https:\/\/castor-wheels.com\/es\/wp-json\/wp\/v2\/media?parent=3044"}],"curies":[{"name":"wp","href":"https:\/\/api.w.org\/{rel}","templated":true}]}}