{"id":3050,"date":"2017-09-07T22:51:48","date_gmt":"2017-09-07T14:51:48","guid":{"rendered":"http:\/\/castor-wheels.com\/?page_id=2924"},"modified":"2017-12-13T20:54:24","modified_gmt":"2017-12-13T12:54:24","slug":"pu-caster-detalle","status":"publish","type":"page","link":"https:\/\/castor-wheels.com\/es\/pu-caster-detalle\/","title":{"rendered":"Detalle del echador de la PU"},"content":{"rendered":"<figure>\n\t\t\t\t\t\t<a href=\"https:\/\/i0.wp.com\/castor-wheels.com\/wp-content\/uploads\/2017\/08\/6inch-PU-caster-wheel-blue.jpg\" data-elementor-open-lightbox=\"default\"><br \/>\n\t\t<img data-recalc-dims=\"1\" decoding=\"async\" width=\"150\" height=\"150\" src=\"https:\/\/i0.wp.com\/castor-wheels.com\/wp-content\/uploads\/2017\/08\/6inch-PU-caster-wheel-blue.jpg?resize=150%2C150\" alt=\"Rueda del echador de la PU azul\" \/>\t\t\t\t<\/a><figcaption>Rueda del echador de la PU<\/figcaption><\/figure>\n<p>Descripci\u00f3n: rueda del echador de la PU (PU roja, PU azul, rueda amarilla de la PU)<\/p>\n<p>Materiales: PU, rueda de poliu<em>retano<\/em><\/p>\n<p>Tama\u00f1o disponible: 3 &quot;, 4&quot;, 5 &quot;, 6&quot;<\/p>\n<p>Cargamento: 80kgs-250 kg<\/p>\n<p>Acabamiento: cinc plateado<\/p>\n<p>Uso: f\u00e1brica, almac\u00e9n etc<\/p>\n<p>La rueda del echador del poliuretano se puede hacer en otros tama\u00f1os, formas y Dur\u00f3metros. P\u00f3ngase<strong> <a href=\"http:\/\/castor-wheels.com\/contacts\/\">en contacto <\/a>c<\/strong>on nosotros con los detalles de su solicitud.<\/p>\n<p>\u00a0<\/p>\n<p>[table id=2 \/]<\/p>\n<figure><img data-recalc-dims=\"1\" decoding=\"async\" src=\"https:\/\/i0.wp.com\/castor-wheels.com\/wp-content\/uploads\/2017\/08\/6inch-PU-caster-wheel-blue.jpg?w=525\" alt=\"Rueda del echador de la PU azul\" title=\"rueda giratoria\"><\/figure>\n<h3>Ruedas del echador de la PU<\/h3>\n<p>rueda del echador de 6 &quot; <\/p>\n<figure><img data-recalc-dims=\"1\" decoding=\"async\" src=\"https:\/\/i0.wp.com\/castor-wheels.com\/wp-content\/uploads\/2017\/08\/6inch-PU-caster-wheel-yellow.jpg?w=525\" alt=\"rueda del echador de la PU de 6inch\" title=\"6inch-PU-rueda giratoria\"><\/figure>\n<h3>ruedas r\u00edgidas del echador<\/h3>\n<p>diverso tama\u00f1o disponible<\/p>\n<figure><a href=\"\/heavy-duty-caster-wheels\/\"><img data-recalc-dims=\"1\" decoding=\"async\" src=\"https:\/\/i0.wp.com\/castor-wheels.com\/wp-content\/uploads\/2017\/08\/super-heavy-duty-PU-caster-wheel.jpg?w=525\" alt=\"echador resistente estupendo de la PU\" title=\"Super-heavy-deber-PU-rueda giratoria\"><\/a><\/figure>\n<h3><a href=\"\/heavy-duty-caster-wheels\/\">ruedas giratorias del echador<\/a><\/h3>\n<p>ruedas resistentes estupendas de la PU del echador<\/p>\n<figure><a href=\"\/nylon-caster-wheel\/\"><img data-recalc-dims=\"1\" decoding=\"async\" src=\"https:\/\/i0.wp.com\/castor-wheels.com\/wp-content\/uploads\/2017\/08\/6-inch-nylon-caster-wheel-1.jpg?w=525\" alt=\"rueda de nylon del echador\" title=\"nylon-rueda giratoria\"><\/a><\/figure>\n<h3><a href=\"\/nylon-caster-wheel\/\">Ruedas de nylon del echador<\/a><\/h3>\n<p>Rueda de nylon del echador<\/p>\n","protected":false},"excerpt":{"rendered":"<p>Rueda del echador de la PU Descripci\u00f3n: rueda del echador de la PU (PU roja, PU azul, rueda amarilla de la PU) Materiales: PU, rueda de poliuretano Tama\u00f1o disponible: 3 &quot;, 4&quot;, 5 &quot;, 6&quot; Cargamento: 80kgs-250 kg Acabamiento: cinc plateado Uso: f\u00e1brica, almac\u00e9n etc La rueda del echador del poliuretano se puede hacer en [&hellip;]<\/p>\n","protected":false},"author":1,"featured_media":0,"parent":0,"menu_order":0,"comment_status":"closed","ping_status":"closed","template":"","meta":{"footnotes":""},"class_list":["post-3050","page","type-page","status-publish","hentry"],"jetpack_sharing_enabled":true,"jetpack_shortlink":"https:\/\/wp.me\/P96XZu-Nc","jetpack-related-posts":[{"id":3058,"url":"https:\/\/castor-wheels.com\/es\/pu-rueda-giratoria\/","url_meta":{"origin":3050,"position":0},"title":"Rueda del echador de la PU","author":"caster","date":"agosto 2, 2017","format":false,"excerpt":"Ruedas del echador de la PUrueda del echador de 6 \" ruedas r\u00edgidas del echadordiverso tama\u00f1o disponible ruedas giratorias del echadorruedas resistentes estupendas de la PU del echador Ruedas del echador de la PURueda del echador de la PU Ruedas del echador de la PUSerie de la rueda de la\u2026","rel":"","context":"Entrada similar ","block_context":{"text":"Entrada similar ","link":""},"img":{"alt_text":"","src":"","width":0,"height":0},"classes":[]},{"id":3037,"url":"https:\/\/castor-wheels.com\/es\/casterwheels-3\/","url_meta":{"origin":3050,"position":1},"title":"Ruedas del echador","author":"caster","date":"julio 30, 2017","format":false,"excerpt":"\u00a0 Ruedas del echador de la PU rueda del echador de 6 \" ruedas r\u00edgidas del echador diverso tama\u00f1o disponible ruedas giratorias del echador ruedas resistentes estupendas de la PU del echador Ruedas de nylon del echador Rueda de nylon del echador Ruedas del echador del PA 5 \"rueda r\u00edgida\u2026","rel":"","context":"Entrada similar ","block_context":{"text":"Entrada similar ","link":""},"img":{"alt_text":"","src":"","width":0,"height":0},"classes":[]},{"id":4009,"url":"https:\/\/castor-wheels.com\/es\/ruedas-de-trabajo-pesado\/","url_meta":{"origin":3050,"position":2},"title":"Ruedas resistentes del echador","author":"caster","date":"agosto 2, 2017","format":false,"excerpt":"echador industrial pesado de gomarueda de deber de Heacy ruedas r\u00edgidas del echadordiverso tama\u00f1o disponible ruedas giratorias del echadorruedas resistentes estupendas de la PU del echador Ruedas del echador de la PURueda de nylon del echador echador industrial pesado de gomarueda de deber de Heacy ruedas resistentes del echadorrueda resistente\u2026","rel":"","context":"Entrada similar ","block_context":{"text":"Entrada similar ","link":""},"img":{"alt_text":"","src":"","width":0,"height":0},"classes":[]},{"id":4018,"url":"https:\/\/castor-wheels.com\/es\/ruedas-de-trabajo-pesado-2\/","url_meta":{"origin":3050,"position":3},"title":"Ruedas resistentes del echador","author":"caster","date":"agosto 2, 2017","format":false,"excerpt":"echador industrial pesado de gomarueda de deber de Heacy ruedas r\u00edgidas del echadordiverso tama\u00f1o disponible ruedas giratorias del echadorruedas resistentes estupendas de la PU del echador Ruedas del echador de la PURueda de nylon del echador echador industrial pesado de gomarueda de deber de Heacy ruedas resistentes del echadorrueda resistente\u2026","rel":"","context":"Entrada similar ","block_context":{"text":"Entrada similar ","link":""},"img":{"alt_text":"","src":"","width":0,"height":0},"classes":[]},{"id":3112,"url":"https:\/\/castor-wheels.com\/es\/pesado-aranceles-ruedas-ruedas\/","url_meta":{"origin":3050,"position":4},"title":"Ruedas de trabajo pesado","author":"caster","date":"agosto 2, 2017","format":false,"excerpt":"rueda industrial pesada de gomarueda de Heacy deber ruedas del echador r\u00edgidodiverso tama\u00f1o disponible las ruedas del echador del eslab\u00f3n giratorioSuper ruedas de PU de alta resistencia Ruedas del echador de la PURueda del echador de nylon rueda industrial pesada de gomarueda de Heacy deber ruedas de trabajo pesadorueda de\u2026","rel":"","context":"Entrada similar ","block_context":{"text":"Entrada similar ","link":""},"img":{"alt_text":"","src":"","width":0,"height":0},"classes":[]},{"id":4068,"url":"https:\/\/castor-wheels.com\/es\/ruedas-de-trabajo-mediano\/","url_meta":{"origin":3050,"position":5},"title":"Ruedas del echador del deber medio","author":"caster","date":"agosto 2, 2017","format":false,"excerpt":"\u00a0 Ruedas del echador de la PU tipo de agujero de perno ruedas ruedas r\u00edgidas del echador diverso tama\u00f1o disponible ruedas giratorias del echador ruedas del echador del deber medio Ruedas de nylon del echador rueda del echador del deber medio Ruedas del echador de la PU rueda del echador\u2026","rel":"","context":"Entrada similar ","block_context":{"text":"Entrada similar ","link":""},"img":{"alt_text":"","src":"","width":0,"height":0},"classes":[]}],"_links":{"self":[{"href":"https:\/\/castor-wheels.com\/es\/wp-json\/wp\/v2\/pages\/3050","targetHints":{"allow":["GET"]}}],"collection":[{"href":"https:\/\/castor-wheels.com\/es\/wp-json\/wp\/v2\/pages"}],"about":[{"href":"https:\/\/castor-wheels.com\/es\/wp-json\/wp\/v2\/types\/page"}],"author":[{"embeddable":true,"href":"https:\/\/castor-wheels.com\/es\/wp-json\/wp\/v2\/users\/1"}],"replies":[{"embeddable":true,"href":"https:\/\/castor-wheels.com\/es\/wp-json\/wp\/v2\/comments?post=3050"}],"version-history":[{"count":1,"href":"https:\/\/castor-wheels.com\/es\/wp-json\/wp\/v2\/pages\/3050\/revisions"}],"predecessor-version":[{"id":4128,"href":"https:\/\/castor-wheels.com\/es\/wp-json\/wp\/v2\/pages\/3050\/revisions\/4128"}],"wp:attachment":[{"href":"https:\/\/castor-wheels.com\/es\/wp-json\/wp\/v2\/media?parent=3050"}],"curies":[{"name":"wp","href":"https:\/\/api.w.org\/{rel}","templated":true}]}}