{"id":3076,"date":"2017-08-02T22:24:25","date_gmt":"2017-08-02T14:24:25","guid":{"rendered":"http:\/\/castor-wheels.com\/wordpress\/?page_id=1665"},"modified":"2017-08-02T22:24:25","modified_gmt":"2017-08-02T14:24:25","slug":"extra-pesado-aranceles-caster","status":"publish","type":"page","link":"https:\/\/castor-wheels.com\/es\/extra-pesado-aranceles-caster\/","title":{"rendered":"Extra resistente"},"content":{"rendered":"<figure><img data-recalc-dims=\"1\" decoding=\"async\" src=\"https:\/\/i0.wp.com\/castor-wheels.com\/wp-content\/uploads\/2017\/08\/w163-super-heavy-duty.jpg?w=525\" alt=\"rueda del echador resistente estupenda\" title=\"W163-super resistente\"><\/figure>\n<h3>Ruedas del echador de la PU<\/h3>\n<p>rueda del echador resistente estupenda<\/p>\n<figure><img data-recalc-dims=\"1\" decoding=\"async\" src=\"https:\/\/i0.wp.com\/castor-wheels.com\/wp-content\/uploads\/2017\/08\/W160-super-heavy-duty.jpg?w=525\" alt=\"rueda super resistente\" title=\"W160-super resistente\"><\/figure>\n<h3>Ruedas del echador de la PU<\/h3>\n<p>rueda extra pesados<\/p>\n<figure><img data-recalc-dims=\"1\" decoding=\"async\" src=\"https:\/\/i0.wp.com\/castor-wheels.com\/wp-content\/uploads\/2017\/08\/W144-super-heavy-duty.jpg?w=525\" alt=\"rueda super resistente\" title=\"Super resistente W144\"><\/figure>\n<h3>las ruedas del echador del eslab\u00f3n giratorio<\/h3>\n<p>Super ruedas de PU de alta resistencia<\/p>\n<figure><img data-recalc-dims=\"1\" decoding=\"async\" src=\"https:\/\/i0.wp.com\/castor-wheels.com\/wp-content\/uploads\/2017\/08\/W158-super-heavy-duty.jpg?w=525\" alt=\"rueda super resistente\" title=\"W158 super resistente\"><\/figure>\n<h3>Ruedas del echador de la PU<\/h3>\n<p>rueda extra pesados<\/p>","protected":false},"excerpt":{"rendered":"<p>Ruedas del echador de la PU rueda del echador resistente estupenda Ruedas del echador de la PU rueda extra pesados las ruedas del echador del eslab\u00f3n giratorio Super ruedas de PU de alta resistencia Ruedas del echador de la PU rueda extra pesados<\/p>","protected":false},"author":1,"featured_media":0,"parent":0,"menu_order":0,"comment_status":"closed","ping_status":"closed","template":"","meta":{"footnotes":""},"class_list":["post-3076","page","type-page","status-publish","hentry"],"jetpack_sharing_enabled":true,"jetpack_shortlink":"https:\/\/wp.me\/P96XZu-NC","jetpack-related-posts":[{"id":4009,"url":"https:\/\/castor-wheels.com\/es\/ruedas-de-trabajo-pesado\/","url_meta":{"origin":3076,"position":0},"title":"Ruedas resistentes del echador","author":"caster","date":"agosto 2, 2017","format":false,"excerpt":"echador industrial pesado de gomarueda de deber de Heacy ruedas r\u00edgidas del echadordiverso tama\u00f1o disponible ruedas giratorias del echadorruedas resistentes estupendas de la PU del echador Ruedas del echador de la PURueda de nylon del echador echador industrial pesado de gomarueda de deber de Heacy ruedas resistentes del echadorrueda resistente\u2026","rel":"","context":"Entrada similar ","block_context":{"text":"Entrada similar ","link":""},"img":{"alt_text":"","src":"","width":0,"height":0},"classes":[]},{"id":4018,"url":"https:\/\/castor-wheels.com\/es\/ruedas-de-trabajo-pesado-2\/","url_meta":{"origin":3076,"position":1},"title":"Ruedas resistentes del echador","author":"caster","date":"agosto 2, 2017","format":false,"excerpt":"echador industrial pesado de gomarueda de deber de Heacy ruedas r\u00edgidas del echadordiverso tama\u00f1o disponible ruedas giratorias del echadorruedas resistentes estupendas de la PU del echador Ruedas del echador de la PURueda de nylon del echador echador industrial pesado de gomarueda de deber de Heacy ruedas resistentes del echadorrueda resistente\u2026","rel":"","context":"Entrada similar ","block_context":{"text":"Entrada similar ","link":""},"img":{"alt_text":"","src":"","width":0,"height":0},"classes":[]},{"id":4357,"url":"https:\/\/castor-wheels.com\/es\/extra-pesado-duty-caster\/","url_meta":{"origin":3076,"position":2},"title":"Echador adicional resistente","author":"caster","date":"agosto 2, 2017","format":false,"excerpt":"Ruedas del echador de la PUrueda de echador resistente estupenda Ruedas del echador de la PUrueda de echador adicional resistente ruedas giratorias del echadorruedas resistentes estupendas del echador de la PU Ruedas del echador de la PUrueda resistente adicional","rel":"","context":"Entrada similar ","block_context":{"text":"Entrada similar ","link":""},"img":{"alt_text":"","src":"","width":0,"height":0},"classes":[]},{"id":3112,"url":"https:\/\/castor-wheels.com\/es\/pesado-aranceles-ruedas-ruedas\/","url_meta":{"origin":3076,"position":3},"title":"Ruedas de trabajo pesado","author":"caster","date":"agosto 2, 2017","format":false,"excerpt":"rueda industrial pesada de gomarueda de Heacy deber ruedas del echador r\u00edgidodiverso tama\u00f1o disponible las ruedas del echador del eslab\u00f3n giratorioSuper ruedas de PU de alta resistencia Ruedas del echador de la PURueda del echador de nylon rueda industrial pesada de gomarueda de Heacy deber ruedas de trabajo pesadorueda de\u2026","rel":"","context":"Entrada similar ","block_context":{"text":"Entrada similar ","link":""},"img":{"alt_text":"","src":"","width":0,"height":0},"classes":[]},{"id":3119,"url":"https:\/\/castor-wheels.com\/es\/industrial-ruedas-giratorias\/","url_meta":{"origin":3076,"position":4},"title":"Ruedas industriales del echador","author":"caster","date":"agosto 2, 2017","format":false,"excerpt":"ruedas de nylon del echadorrueda industrial rueda industrialdiverso tama\u00f1o disponible ruedas giratorias del echadorruedas resistentes estupendas de la PU del echador Ruedas de nylon del echadorRueda de nylon del echador rueda de goma resistenterueda industrial rueda industrialdiverso tama\u00f1o disponible ruedas giratorias del echadorruedas resistentes estupendas de la PU del echador\u2026","rel":"","context":"Entrada similar ","block_context":{"text":"Entrada similar ","link":""},"img":{"alt_text":"","src":"","width":0,"height":0},"classes":[]},{"id":3968,"url":"https:\/\/castor-wheels.com\/es\/extra-heavy-duty-caster-4\/","url_meta":{"origin":3076,"position":5},"title":"Echador resistente adicional","author":"caster","date":"agosto 2, 2017","format":false,"excerpt":"Ruedas del echador de la PUrueda resistente estupenda del echador Ruedas del echador de la PUrueda resistente adicional del echador ruedas giratorias del echadorruedas resistentes estupendas de la PU del echador Ruedas del echador de la PUrueda resistente adicional","rel":"","context":"Entrada similar ","block_context":{"text":"Entrada similar ","link":""},"img":{"alt_text":"","src":"","width":0,"height":0},"classes":[]}],"_links":{"self":[{"href":"https:\/\/castor-wheels.com\/es\/wp-json\/wp\/v2\/pages\/3076","targetHints":{"allow":["GET"]}}],"collection":[{"href":"https:\/\/castor-wheels.com\/es\/wp-json\/wp\/v2\/pages"}],"about":[{"href":"https:\/\/castor-wheels.com\/es\/wp-json\/wp\/v2\/types\/page"}],"author":[{"embeddable":true,"href":"https:\/\/castor-wheels.com\/es\/wp-json\/wp\/v2\/users\/1"}],"replies":[{"embeddable":true,"href":"https:\/\/castor-wheels.com\/es\/wp-json\/wp\/v2\/comments?post=3076"}],"version-history":[{"count":0,"href":"https:\/\/castor-wheels.com\/es\/wp-json\/wp\/v2\/pages\/3076\/revisions"}],"wp:attachment":[{"href":"https:\/\/castor-wheels.com\/es\/wp-json\/wp\/v2\/media?parent=3076"}],"curies":[{"name":"wp","href":"https:\/\/api.w.org\/{rel}","templated":true}]}}