{"id":3091,"date":"2017-07-25T23:19:29","date_gmt":"2017-07-25T15:19:29","guid":{"rendered":"http:\/\/castor-wheels.com\/wordpress\/?page_id=1481"},"modified":"2023-09-22T21:35:35","modified_gmt":"2023-09-22T13:35:35","slug":"mano-paleta-camion-detalle","status":"publish","type":"page","link":"https:\/\/castor-wheels.com\/es\/mano-paleta-camion-detalle\/","title":{"rendered":"carretilla de paleta de la mano"},"content":{"rendered":"<figure><a href=\"https:\/\/i0.wp.com\/castor-wheels.com\/wp-content\/uploads\/2017\/08\/pallet-truck-s.jpg\" data-elementor-open-lightbox=\"default\"><br \/>\n<img data-recalc-dims=\"1\" fetchpriority=\"high\" decoding=\"async\" src=\"https:\/\/i0.wp.com\/castor-wheels.com\/wp-content\/uploads\/2017\/08\/pallet-truck-s.jpg?resize=300%2C300\" sizes=\"(max-width: 300px) 100vw, 300px\" srcset=\"https:\/\/i2.wp.com\/castor-wheels.com\/wp-content\/uploads\/2017\/08\/pallet-truck-s.jpg?w=300 300w, https:\/\/i2.wp.com\/castor-wheels.com\/wp-content\/uploads\/2017\/08\/pallet-truck-s.jpg?resize=150%2C150 150w\" alt=\"gato de la plataforma de la mano\" width=\"300\" height=\"300\" \/> <\/a><figcaption>carretilla de paleta de la mano<\/figcaption><\/figure>\n<p>Descripci\u00f3n: gato de la plataforma de la mano\/carro de plataforma de la mano<\/p>\n<p>Caracter\u00edsticas:<\/p>\n<ol>\n<li>Manija f\u00e1cil del control de 3 posiciones&#8211;suba, baje, neutral. pedal.<\/li>\n<\/ol>\n<p>2. Bomba de fundici\u00f3n integrada sin soldadura, con sistema de sobrecarga y bypass de seguridad<\/p>\n<p>3. Opciones de la rueda: rueda de nylon o rueda de la PU<\/p>\n<p>[table id=1 \/]<\/p>\n","protected":false},"excerpt":{"rendered":"<p>carretilla de paleta de la mano Descripci\u00f3n: gato de la plataforma de la mano\/carro de plataforma de la mano Caracter\u00edsticas: Manija f\u00e1cil del control de 3 posiciones&#8211;suba, baje, neutral. pedal. 2. Bomba de fundici\u00f3n integrada sin soldadura, con sistema de sobrecarga y bypass de seguridad 3. Opciones de la rueda: rueda de nylon o rueda [&hellip;]<\/p>\n","protected":false},"author":1,"featured_media":0,"parent":0,"menu_order":0,"comment_status":"closed","ping_status":"closed","template":"","meta":{"footnotes":""},"class_list":["post-3091","page","type-page","status-publish","hentry"],"jetpack_sharing_enabled":true,"jetpack_shortlink":"https:\/\/wp.me\/P96XZu-NR","jetpack-related-posts":[{"id":3989,"url":"https:\/\/castor-wheels.com\/es\/hand-palet-truck\/","url_meta":{"origin":3091,"position":0},"title":"Carretilla de paleta de mano","author":"caster","date":"agosto 2, 2017","format":false,"excerpt":"carretilla de paleta de manogato de la paleta de la mano gato de la paleta de la manocarro de plataforma de nylon de la rueda embalaje de la plataforma de la mano6sets por palet rueda de gato de la plataformarueda de gato de la plataforma","rel":"","context":"Entrada similar ","block_context":{"text":"Entrada similar ","link":""},"img":{"alt_text":"","src":"","width":0,"height":0},"classes":[]},{"id":4372,"url":"https:\/\/castor-wheels.com\/es\/mano-plataforma-carro\/","url_meta":{"origin":3091,"position":1},"title":"Carretilla de paleta de la mano","author":"caster","date":"agosto 2, 2017","format":false,"excerpt":"carretilla de paleta de la manogato de la plataforma de la mano gato de la plataforma de la manocarro de paleta de nylon de la rueda embalaje de la plataforma de la mano6sets por palet rueda de gato de la plataformarueda de gato de la plataforma","rel":"","context":"Entrada similar ","block_context":{"text":"Entrada similar ","link":""},"img":{"alt_text":"","src":"","width":0,"height":0},"classes":[]},{"id":3929,"url":"https:\/\/castor-wheels.com\/es\/carretilla\/","url_meta":{"origin":3091,"position":2},"title":"Carretilla","author":"caster","date":"diciembre 3, 2017","format":false,"excerpt":"carretilla plegable\/carro de manocarro de mano carretilla de manocarro de mano plegable carro de mano del sacoentrega de camiones de mano pala de mano nariz de camionescarretilla de mano al por menor carros de plataformacarretilla movible de la mano plataforma de camionescarro de mano plegable carretilla de mano al por\u2026","rel":"","context":"Entrada similar ","block_context":{"text":"Entrada similar ","link":""},"img":{"alt_text":"hand truck","src":"https:\/\/i0.wp.com\/castor-wheels.com\/wp-content\/uploads\/2017\/09\/foldable-troley-b-wheel-2-1-150x150.jpg?resize=350%2C200&ssl=1","width":350,"height":200},"classes":[]},{"id":3999,"url":"https:\/\/castor-wheels.com\/es\/carretilla-de-mano-carro\/","url_meta":{"origin":3091,"position":3},"title":"Carretilla del carro de mano","author":"caster","date":"agosto 2, 2017","format":false,"excerpt":"troley plegablecarretilla plegable\/carro de mano carro de mano del sacoentrega de camiones de mano carros de plataformacarretilla movible de la mano pala de mano nariz de camionescarretilla de mano al por menor plataforma de camionescarro de mano plegablecarretilla de mano al por menorcarretillas de manoplataforma de mano de camionescarro de\u2026","rel":"","context":"Entrada similar ","block_context":{"text":"Entrada similar ","link":""},"img":{"alt_text":"hand truck","src":"https:\/\/i0.wp.com\/castor-wheels.com\/wp-content\/uploads\/2017\/09\/foldable-troley-b-wheel-2-1.jpg?resize=350%2C200","width":350,"height":200},"classes":[]},{"id":7168,"url":"https:\/\/castor-wheels.com\/es\/neumatico\/","url_meta":{"origin":3091,"position":4},"title":"Neum\u00e1tico","author":"caster","date":"marzo 6, 2025","format":false,"excerpt":"Ruedas inflables neum\u00e1ticas ruedas neumaticas de gomaRuedas de goma 200x50 ruedas de carro de gomaInflatable ruedas neumaticasCarro de goma de alta resistencia con ruedas inflables Ruedas de 13\" x 4,00-6Neum\u00e1ticos de goma 13x4.00-6 Neum\u00e1ticos de goma 10x3,5-4Neum\u00e1ticos 10x3,5-4 13*3.25-3.00 wheelRueda de 13 x 3,25-3,00 Neum\u00e1ticos 13*3,25-3,00-8Rueda neum\u00e1tica 13*3,25-3,00-8 Rueda de\u2026","rel":"","context":"Entrada similar ","block_context":{"text":"Entrada similar ","link":""},"img":{"alt_text":"pneumatic tyre wheel","src":"https:\/\/i0.wp.com\/castor-wheels.com\/wp-content\/uploads\/2025\/02\/pneumatic-wheel-pr0803.jpg?resize=350%2C200&ssl=1","width":350,"height":200},"classes":[]},{"id":4461,"url":"https:\/\/castor-wheels.com\/es\/carretilla-rueda\/","url_meta":{"origin":3091,"position":5},"title":"Ruedas de la carretilla","author":"caster","date":"marzo 30, 2018","format":false,"excerpt":"\u00a0 Ruedas del echador de la PU ruedas de la carretilla ruedas r\u00edgidas del echador rueda troley ruedas giratorias del echador ruedas de carretilla medianas Ruedas de nylon del echador rueda r\u00edgida de la carretilla Ruedas del echador de la PU rueda movible de la carretilla ruedas r\u00edgidas del echador\u2026","rel":"","context":"Entrada similar ","block_context":{"text":"Entrada similar ","link":""},"img":{"alt_text":"","src":"","width":0,"height":0},"classes":[]}],"_links":{"self":[{"href":"https:\/\/castor-wheels.com\/es\/wp-json\/wp\/v2\/pages\/3091","targetHints":{"allow":["GET"]}}],"collection":[{"href":"https:\/\/castor-wheels.com\/es\/wp-json\/wp\/v2\/pages"}],"about":[{"href":"https:\/\/castor-wheels.com\/es\/wp-json\/wp\/v2\/types\/page"}],"author":[{"embeddable":true,"href":"https:\/\/castor-wheels.com\/es\/wp-json\/wp\/v2\/users\/1"}],"replies":[{"embeddable":true,"href":"https:\/\/castor-wheels.com\/es\/wp-json\/wp\/v2\/comments?post=3091"}],"version-history":[{"count":3,"href":"https:\/\/castor-wheels.com\/es\/wp-json\/wp\/v2\/pages\/3091\/revisions"}],"predecessor-version":[{"id":6107,"href":"https:\/\/castor-wheels.com\/es\/wp-json\/wp\/v2\/pages\/3091\/revisions\/6107"}],"wp:attachment":[{"href":"https:\/\/castor-wheels.com\/es\/wp-json\/wp\/v2\/media?parent=3091"}],"curies":[{"name":"wp","href":"https:\/\/api.w.org\/{rel}","templated":true}]}}