{"id":3098,"date":"2017-08-02T22:39:33","date_gmt":"2017-08-02T14:39:33","guid":{"rendered":"http:\/\/castor-wheels.com\/wordpress\/?page_id=1689"},"modified":"2017-08-02T22:39:33","modified_gmt":"2017-08-02T14:39:33","slug":"transpaleta-manual","status":"publish","type":"page","link":"https:\/\/castor-wheels.com\/es\/transpaleta-manual\/","title":{"rendered":"Transpaleta manual"},"content":{"rendered":"<figure><a href=\"\/es\/hand-pallet-truck-detail\/\"><img data-recalc-dims=\"1\" decoding=\"async\" src=\"https:\/\/i0.wp.com\/castor-wheels.com\/wp-content\/uploads\/2017\/08\/hand-pallet-truck-nylon.jpg?w=525\" alt=\"rueda de nylon carro de plataforma de la mano\" title=\"mano-plataforma-cami\u00f3n-nylon\"><\/a><\/figure>\n<h3><a href=\"\/es\/hand-pallet-truck-detail\/\">Transpaleta manual<\/a><\/h3>\n<p>Transpaleta de mano<\/p>\n<figure><a href=\"\/es\/hand-pallet-truck-detail\/\"><img data-recalc-dims=\"1\" decoding=\"async\" src=\"https:\/\/i0.wp.com\/castor-wheels.com\/wp-content\/uploads\/2017\/08\/pallet-truck-s.jpg?w=525\" alt=\"Transpaleta de mano\" title=\"plataforma-cami\u00f3n-s\"><\/a><\/figure>\n<h3><a href=\"\/es\/hand-pallet-truck-detail\/\">Transpaleta de mano<\/a><\/h3>\n<p>carro de plataforma de rueda de nylon<\/p>\n<figure><img data-recalc-dims=\"1\" decoding=\"async\" src=\"https:\/\/i0.wp.com\/castor-wheels.com\/wp-content\/uploads\/2017\/08\/pallet-truck-packing-s.jpg?w=525\" alt=\"embalaje de la plataforma de camiones\" title=\"Pallet-jack-embalaje\"><\/figure>\n<h3>embalaje de la plataforma de mano<\/h3>\n<p>6sets por la plataforma<\/p>\n<figure><img data-recalc-dims=\"1\" decoding=\"async\" src=\"https:\/\/i0.wp.com\/castor-wheels.com\/wp-content\/uploads\/2017\/08\/pallet-truck-wheel.jpg?w=525\" alt=\"rueda de pallet jack\" title=\"rueda del carro de plataforma\"><\/figure>\n<h3>rueda de pallet jack<\/h3>\n<p>rueda de pallet jack<\/p>","protected":false},"excerpt":{"rendered":"<p>Transpaleta manual Transpaleta de mano Transpaleta de mano carro de plataforma de rueda de nylon embalaje de la plataforma de mano 6sets por la plataforma rueda de pallet jack rueda de pallet jack<\/p>","protected":false},"author":1,"featured_media":0,"parent":0,"menu_order":0,"comment_status":"closed","ping_status":"closed","template":"","meta":{"footnotes":""},"class_list":["post-3098","page","type-page","status-publish","hentry"],"jetpack_sharing_enabled":true,"jetpack_shortlink":"https:\/\/wp.me\/P96XZu-NY","jetpack-related-posts":[{"id":4552,"url":"https:\/\/castor-wheels.com\/es\/carretilla-elevadora-pu-wheel-2\/","url_meta":{"origin":3098,"position":0},"title":"Montacargas PU wheel","author":"caster","date":"mayo 12, 2019","format":false,"excerpt":"\u00a0 ruedas de PU para montacargas rueda elevadora de 80x60mm ruedas elevadoras el\u00e9ctricas 80x70mm PU rueda ruedas de tracci\u00f3n de montacargas 230x70mm PU rueda de accionamiento para EV todo tama\u00f1o de ruedas EV PU rueda el\u00e9ctrica EV PU con cubo de acero Las ruedas de PU de Stacker La rueda\u2026","rel":"","context":"Entrada similar ","block_context":{"text":"Entrada similar ","link":""},"img":{"alt_text":"Rueda de tracci\u00f3n Heli montacargas 250x80mm","src":"https:\/\/i0.wp.com\/castor-wheels.com\/wp-content\/uploads\/2019\/05\/heli-250x80.jpg?resize=350%2C200","width":350,"height":200},"classes":[]},{"id":7135,"url":"https:\/\/castor-wheels.com\/es\/rueda-giratoria-de-nailon\/","url_meta":{"origin":3098,"position":1},"title":"Rueda giratoria de nailon","author":"caster","date":"marzo 5, 2025","format":false,"excerpt":"Ruedas giratorias de nailon Ruedas PA CasterRuedas giratorias PA con cubierta Ruedas r\u00edgidasDiferente tama\u00f1o disponible ruedas giratoriasruedas giratorias de nailon Ruedas de nylon chicasRueda giratoria PA con freno Ruedas de Nylon para Ruedas: Una Visi\u00f3n General CompletaLas ruedas de nylon para ruedas son una opci\u00f3n popular para una amplia gama\u2026","rel":"","context":"Entrada similar ","block_context":{"text":"Entrada similar ","link":""},"img":{"alt_text":"nylon caster wheel","src":"https:\/\/i0.wp.com\/castor-wheels.com\/wp-content\/uploads\/2017\/08\/nylon-wheel-with-cover.jpg?resize=350%2C200&ssl=1","width":350,"height":200},"classes":[]},{"id":3070,"url":"https:\/\/castor-wheels.com\/es\/inicio\/","url_meta":{"origin":3098,"position":2},"title":"P\u00e1gina de inicio","author":"caster","date":"julio 27, 2017","format":false,"excerpt":"F\u00e1brica de ruedas Xinrui rueda en China\u00a0\u00a0\u00a0\u00a0\u00a0\u00a0\u00a0\u00a0\u00a0\u00a0\u00a0 Xinrui Plastic & Hardware Products Co., Ltd. se encuentra en Tangshan de la provincia de Hebei, la importante base de fabricaci\u00f3n de acero en el norte de China. La ventaja de ubicaci\u00f3n es beneficiosa para el desarrollo de nuestro negocio como podemos conseguir\u2026","rel":"","context":"Entrada similar ","block_context":{"text":"Entrada similar ","link":""},"img":{"alt_text":"rubber caster wheel","src":"https:\/\/i0.wp.com\/castor-wheels.com\/wp-content\/uploads\/2017\/08\/rubber-golden-rim.jpg?resize=350%2C200&ssl=1","width":350,"height":200},"classes":[]},{"id":6763,"url":"https:\/\/castor-wheels.com\/es\/sobre-nosotros\/","url_meta":{"origin":3098,"position":3},"title":"Sobre nosotros","author":"caster","date":"febrero 14, 2025","format":false,"excerpt":"Acerca de la f\u00e1brica de ruedas giratorias de Xinrui Xinrui Plastic & Hardware Products Co., Ltd. es un fabricante de ruedas giratorias en China. Desde 2000, nos hemos centrado en la fabricaci\u00f3n y producci\u00f3n de todo tipo de ruedas giratorias. La ventaja de nuestra ubicaci\u00f3n es beneficiosa para el desarrollo\u2026","rel":"","context":"Entrada similar ","block_context":{"text":"Entrada similar ","link":""},"img":{"alt_text":"caster wheels","src":"https:\/\/i0.wp.com\/castor-wheels.com\/wp-content\/uploads\/2023\/09\/cropped-site-icon.webp?fit=512%2C512&ssl=1&resize=350%2C200","width":350,"height":200},"classes":[]},{"id":3015,"url":"https:\/\/castor-wheels.com\/es\/acerca-de-nosotros\/","url_meta":{"origin":3098,"position":4},"title":"Sobre nosotros","author":"caster","date":"julio 25, 2017","format":false,"excerpt":"Xinrui Plastic & Hardware Products Co., Ltd. se encuentra en Tangshan de la provincia de Hebei, la importante base de fabricaci\u00f3n de acero en el norte de China. La ventaja de ubicaci\u00f3n es beneficiosa para el desarrollo de nuestro negocio como podemos conseguir la materia prima local a precios competitivos.Nos\u2026","rel":"","context":"Entrada similar ","block_context":{"text":"Entrada similar ","link":""},"img":{"alt_text":"heavy duty PU caster","src":"https:\/\/i0.wp.com\/castor-wheels.com\/wp-content\/uploads\/2023\/09\/heavy-duty-pu4.jpg?resize=350%2C200&ssl=1","width":350,"height":200},"classes":[]},{"id":4372,"url":"https:\/\/castor-wheels.com\/es\/mano-plataforma-carro\/","url_meta":{"origin":3098,"position":5},"title":"Carretilla de paleta de la mano","author":"caster","date":"agosto 2, 2017","format":false,"excerpt":"carretilla de paleta de la manogato de la plataforma de la mano gato de la plataforma de la manocarro de paleta de nylon de la rueda embalaje de la plataforma de la mano6sets por palet rueda de gato de la plataformarueda de gato de la plataforma","rel":"","context":"Entrada similar ","block_context":{"text":"Entrada similar ","link":""},"img":{"alt_text":"","src":"","width":0,"height":0},"classes":[]}],"_links":{"self":[{"href":"https:\/\/castor-wheels.com\/es\/wp-json\/wp\/v2\/pages\/3098","targetHints":{"allow":["GET"]}}],"collection":[{"href":"https:\/\/castor-wheels.com\/es\/wp-json\/wp\/v2\/pages"}],"about":[{"href":"https:\/\/castor-wheels.com\/es\/wp-json\/wp\/v2\/types\/page"}],"author":[{"embeddable":true,"href":"https:\/\/castor-wheels.com\/es\/wp-json\/wp\/v2\/users\/1"}],"replies":[{"embeddable":true,"href":"https:\/\/castor-wheels.com\/es\/wp-json\/wp\/v2\/comments?post=3098"}],"version-history":[{"count":0,"href":"https:\/\/castor-wheels.com\/es\/wp-json\/wp\/v2\/pages\/3098\/revisions"}],"wp:attachment":[{"href":"https:\/\/castor-wheels.com\/es\/wp-json\/wp\/v2\/media?parent=3098"}],"curies":[{"name":"wp","href":"https:\/\/api.w.org\/{rel}","templated":true}]}}