{"id":3112,"date":"2017-08-02T22:23:45","date_gmt":"2017-08-02T14:23:45","guid":{"rendered":"http:\/\/castor-wheels.com\/wordpress\/?page_id=1663"},"modified":"2017-08-02T22:23:45","modified_gmt":"2017-08-02T14:23:45","slug":"pesado-aranceles-ruedas-ruedas","status":"publish","type":"page","link":"https:\/\/castor-wheels.com\/es\/pesado-aranceles-ruedas-ruedas\/","title":{"rendered":"Ruedas de trabajo pesado"},"content":{"rendered":"<figure><img data-recalc-dims=\"1\" decoding=\"async\" src=\"https:\/\/i0.wp.com\/castor-wheels.com\/wp-content\/uploads\/2017\/08\/W214-rubber-heavy-industrial-caster.jpg?w=525\" alt=\"rueda industrial pesada de goma\" title=\"Echador de W214-goma-pesado-industrial\"><\/figure>\n<h3> rueda industrial pesada de goma<\/h3>\n<p>rueda de Heacy deber <\/p>\n<figure><img data-recalc-dims=\"1\" decoding=\"async\" src=\"https:\/\/i0.wp.com\/castor-wheels.com\/wp-content\/uploads\/2017\/08\/super-heavy-duty-PU-caster-.jpg?w=525\" alt=\"echador de la PU super resistente\" title=\"s\u00faper-pesado-aranceles--echador de la PU\"><\/figure>\n<h3>ruedas del echador r\u00edgido<\/h3>\n<p>diverso tama\u00f1o disponible<\/p>\n<figure><img data-recalc-dims=\"1\" decoding=\"async\" src=\"https:\/\/i0.wp.com\/castor-wheels.com\/wp-content\/uploads\/2017\/08\/super-heavy-duty-PU-caster-wheel.jpg?w=525\" alt=\"echador de la PU super resistente\" title=\"super-heavy-duty-PU-caster-wheel\"><\/figure>\n<h3>las ruedas del echador del eslab\u00f3n giratorio<\/h3>\n<p>Super ruedas de PU de alta resistencia<\/p>\n<figure><img data-recalc-dims=\"1\" decoding=\"async\" src=\"https:\/\/i0.wp.com\/castor-wheels.com\/wp-content\/uploads\/2017\/08\/W208-PU-heavy-duty-wheel.jpg?w=525\" alt=\"Rueda de PU resistente\" title=\"W208-PU-heavy-duty-rueda\"><\/figure>\n<h3>Ruedas del echador de la PU<\/h3>\n<p>Rueda del echador de nylon<\/p>\n<figure><img data-recalc-dims=\"1\" decoding=\"async\" src=\"https:\/\/i0.wp.com\/castor-wheels.com\/wp-content\/uploads\/2017\/08\/W191-super-heavy-series.jpg?w=525\" alt=\"serie Super pesada\" title=\"W191-s\u00faper-pesado-serie\"><\/figure>\n<h3> rueda industrial pesada de goma<\/h3>\n<p>rueda de Heacy deber <\/p>\n<figure><img data-recalc-dims=\"1\" decoding=\"async\" src=\"https:\/\/i0.wp.com\/castor-wheels.com\/wp-content\/uploads\/2017\/08\/W148-heavy-duty-PU.jpg?w=525\" alt=\"rueda de servicio pesado\" title=\"W148-heavy-duty-PU\"><\/figure>\n<h3>ruedas de trabajo pesado<\/h3>\n<p>rueda de servicio pesado<\/p>\n<figure><img data-recalc-dims=\"1\" decoding=\"async\" src=\"https:\/\/i0.wp.com\/castor-wheels.com\/wp-content\/uploads\/2017\/08\/W185-PU-iron-core.jpg?w=525\" alt=\"Rueda del echador PU resistente\" title=\"Base de hierro W185-PU\"><\/figure>\n<h3>las ruedas del echador del eslab\u00f3n giratorio<\/h3>\n<p>Rueda del echador PU resistente<\/p>\n<figure><img data-recalc-dims=\"1\" decoding=\"async\" src=\"https:\/\/i0.wp.com\/castor-wheels.com\/wp-content\/uploads\/2017\/08\/W207-PU-heavy-duty-wheel.jpg?w=525\" alt=\"Rueda de PU resistente\" title=\"W207-PU-heavy-duty-rueda\"><\/figure>\n<h3>Ruedas del echador de la PU<\/h3>\n<p>diverso tama\u00f1o disponible<\/p>\n<figure><img data-recalc-dims=\"1\" decoding=\"async\" src=\"https:\/\/i0.wp.com\/castor-wheels.com\/wp-content\/uploads\/2017\/08\/W159-super-heavy-duty.jpg?w=525\" alt=\"super resistente\" title=\"W159-s\u00faper-pesado-aranceles\"><\/figure>\n<h3> rueda industrial pesada de goma<\/h3>\n<p>rueda de Heacy deber <\/p>\n<figure><img data-recalc-dims=\"1\" decoding=\"async\" src=\"https:\/\/i0.wp.com\/castor-wheels.com\/wp-content\/uploads\/2017\/08\/W184-PU-iron-core.jpg?w=525\" alt=\"Rueda del echador de PU\" title=\"Base de hierro W184-PU\"><\/figure>\n<h3>ruedas de trabajo pesado<\/h3>\n<p>Rueda de PU resistente<\/p>\n<figure><img data-recalc-dims=\"1\" decoding=\"async\" src=\"https:\/\/i0.wp.com\/castor-wheels.com\/wp-content\/uploads\/2017\/08\/W144-super-heavy-duty.jpg?w=525\" alt=\"rueda super resistente\" title=\"Super resistente W144\"><\/figure>\n<h3>las ruedas del echador del eslab\u00f3n giratorio<\/h3>\n<p>Rueda del echador PU resistente<\/p>\n<figure><img data-recalc-dims=\"1\" decoding=\"async\" src=\"https:\/\/i0.wp.com\/castor-wheels.com\/wp-content\/uploads\/2017\/08\/W145-heavy-duty-rubber.jpg?w=525\" alt=\"rueda de goma resistente\" title=\"W145-heavy-duty-goma\"><\/figure>\n<h3>ruedas de goma<\/h3>\n<p>rueda del echador resistente<\/p>","protected":false},"excerpt":{"rendered":"<p>rueda industrial pesada de goma rueda de Heacy deber ruedas del echador r\u00edgido diverso tama\u00f1o disponible las ruedas del echador del eslab\u00f3n giratorio Super ruedas de PU de alta resistencia Ruedas del echador de la PU Rueda del echador de nylon rueda industrial pesada de goma rueda de Heacy deber ruedas de trabajo pesado rueda [&hellip;]<\/p>\n","protected":false},"author":1,"featured_media":0,"parent":0,"menu_order":0,"comment_status":"closed","ping_status":"closed","template":"","meta":{"footnotes":""},"class_list":["post-3112","page","type-page","status-publish","hentry"],"jetpack_sharing_enabled":true,"jetpack_shortlink":"https:\/\/wp.me\/P96XZu-Oc","jetpack-related-posts":[{"id":4093,"url":"https:\/\/castor-wheels.com\/es\/nylon-rueda-giratoria\/","url_meta":{"origin":3112,"position":0},"title":"Rueda de nylon del echador","author":"caster","date":"agosto 2, 2017","format":false,"excerpt":"Ruedas del echador del PARuedas del echador del PA con la cubierta \u00a0ruedas de nylon del echadorRuedas de nylon del echadorRueda del echador del PA con el frenoRuedas del echador del PArueda ligera del echadorruedas de nylondiverso tama\u00f1o disponibleechador de poca potenciaruedas de nylon del echadorRuedas de nylon del echadorRueda\u2026","rel":"","context":"Entrada similar ","block_context":{"text":"Entrada similar ","link":""},"img":{"alt_text":"nylon caster wheel","src":"https:\/\/i0.wp.com\/castor-wheels.com\/wp-content\/uploads\/2017\/08\/nylon-wheel-with-cover.jpg?resize=350%2C200&ssl=1","width":350,"height":200},"classes":[]},{"id":3037,"url":"https:\/\/castor-wheels.com\/es\/casterwheels-3\/","url_meta":{"origin":3112,"position":1},"title":"Ruedas del echador","author":"caster","date":"julio 30, 2017","format":false,"excerpt":"\u00a0 Ruedas del echador de la PU rueda del echador de 6 \" ruedas r\u00edgidas del echador diverso tama\u00f1o disponible ruedas giratorias del echador ruedas resistentes estupendas de la PU del echador Ruedas de nylon del echador Rueda de nylon del echador Ruedas del echador del PA 5 \"rueda r\u00edgida\u2026","rel":"","context":"Entrada similar ","block_context":{"text":"Entrada similar ","link":""},"img":{"alt_text":"","src":"","width":0,"height":0},"classes":[]},{"id":3058,"url":"https:\/\/castor-wheels.com\/es\/pu-rueda-giratoria\/","url_meta":{"origin":3112,"position":2},"title":"Rueda del echador de la PU","author":"caster","date":"agosto 2, 2017","format":false,"excerpt":"Ruedas del echador de la PUrueda del echador de 6 \" ruedas r\u00edgidas del echadordiverso tama\u00f1o disponible ruedas giratorias del echadorruedas resistentes estupendas de la PU del echador Ruedas del echador de la PURueda del echador de la PU Ruedas del echador de la PUSerie de la rueda de la\u2026","rel":"","context":"Entrada similar ","block_context":{"text":"Entrada similar ","link":""},"img":{"alt_text":"","src":"","width":0,"height":0},"classes":[]},{"id":4167,"url":"https:\/\/castor-wheels.com\/es\/ruedas-de-goma\/","url_meta":{"origin":3112,"position":3},"title":"Rueda de goma del echador","author":"caster","date":"agosto 2, 2017","format":false,"excerpt":"ruedas de goma del echadordiverso tama\u00f1o disponible ruedas giratorias del echadorechador de goma el\u00e1stico Neum\u00e1ticoRueda neum\u00e1tica del neum\u00e1tico base interior de la rueda de goma PPrueda de goma del echador ruedas de goma del echadorrueda de goma con el borde de oro ruedas giratorias del echadorechador de goma el\u00e1stico echador\u2026","rel":"","context":"Entrada similar ","block_context":{"text":"Entrada similar ","link":""},"img":{"alt_text":"","src":"","width":0,"height":0},"classes":[]},{"id":4068,"url":"https:\/\/castor-wheels.com\/es\/ruedas-de-trabajo-mediano\/","url_meta":{"origin":3112,"position":4},"title":"Ruedas del echador del deber medio","author":"caster","date":"agosto 2, 2017","format":false,"excerpt":"\u00a0 Ruedas del echador de la PU tipo de agujero de perno ruedas ruedas r\u00edgidas del echador diverso tama\u00f1o disponible ruedas giratorias del echador ruedas del echador del deber medio Ruedas de nylon del echador rueda del echador del deber medio Ruedas del echador de la PU rueda del echador\u2026","rel":"","context":"Entrada similar ","block_context":{"text":"Entrada similar ","link":""},"img":{"alt_text":"","src":"","width":0,"height":0},"classes":[]},{"id":4055,"url":"https:\/\/castor-wheels.com\/es\/medico-ruedas-giratorias\/","url_meta":{"origin":3112,"position":5},"title":"Ruedas m\u00e9dicas del echador","author":"caster","date":"agosto 2, 2017","format":false,"excerpt":"rueda m\u00e9dica del echadordiverso tama\u00f1o disponible ruedas del echador del hospitalechador m\u00e9dico ruedas giratorias del echadorrueda del echador del hospital rueda de goma gris del echadorechador de goma r\u00edgido cama de hospital Castorrueda del echador del hospital ruedas del echador del hospitalechador de goma del hospital ruedas r\u00edgidas del echadorrueda\u2026","rel":"","context":"Entrada similar ","block_context":{"text":"Entrada similar ","link":""},"img":{"alt_text":"","src":"","width":0,"height":0},"classes":[]}],"_links":{"self":[{"href":"https:\/\/castor-wheels.com\/es\/wp-json\/wp\/v2\/pages\/3112","targetHints":{"allow":["GET"]}}],"collection":[{"href":"https:\/\/castor-wheels.com\/es\/wp-json\/wp\/v2\/pages"}],"about":[{"href":"https:\/\/castor-wheels.com\/es\/wp-json\/wp\/v2\/types\/page"}],"author":[{"embeddable":true,"href":"https:\/\/castor-wheels.com\/es\/wp-json\/wp\/v2\/users\/1"}],"replies":[{"embeddable":true,"href":"https:\/\/castor-wheels.com\/es\/wp-json\/wp\/v2\/comments?post=3112"}],"version-history":[{"count":0,"href":"https:\/\/castor-wheels.com\/es\/wp-json\/wp\/v2\/pages\/3112\/revisions"}],"wp:attachment":[{"href":"https:\/\/castor-wheels.com\/es\/wp-json\/wp\/v2\/media?parent=3112"}],"curies":[{"name":"wp","href":"https:\/\/api.w.org\/{rel}","templated":true}]}}