{"id":3211,"date":"2017-07-25T23:19:29","date_gmt":"2017-07-25T15:19:29","guid":{"rendered":"http:\/\/castor-wheels.com\/wordpress\/?page_id=1484"},"modified":"2025-05-13T22:12:54","modified_gmt":"2025-05-13T14:12:54","slug":"contactos-2","status":"publish","type":"page","link":"https:\/\/castor-wheels.com\/es\/contactos-2\/","title":{"rendered":"Contactos"},"content":{"rendered":"<div data-elementor-type=\"wp-page\" data-elementor-id=\"3211\" class=\"elementor elementor-3211\">\n\t\t\t\t\t\t<section class=\"has_eae_slider elementor-section elementor-top-section elementor-element elementor-element-19e2aa48 elementor-section-boxed elementor-section-height-default elementor-section-height-default\" data-eae-slider=\"66662\" data-id=\"19e2aa48\" data-element_type=\"section\" data-e-type=\"section\">\n\t\t\t\t\t\t<div class=\"elementor-container elementor-column-gap-default\">\n\t\t\t\t\t<div class=\"has_eae_slider elementor-column elementor-col-100 elementor-top-column elementor-element elementor-element-7f820057\" data-eae-slider=\"85380\" data-id=\"7f820057\" data-element_type=\"column\" data-e-type=\"column\">\n\t\t\t<div class=\"elementor-widget-wrap elementor-element-populated\">\n\t\t\t\t\t\t<div class=\"elementor-element elementor-element-1f983e79 elementor-widget elementor-widget-text-editor\" data-id=\"1f983e79\" data-element_type=\"widget\" data-e-type=\"widget\" data-widget_type=\"text-editor.default\">\n\t\t\t\t<div class=\"elementor-widget-container\">\n\t\t\t\t\t\t\t\t\t<p><span style=\"color: #ccffff;\"><em>Direcci\u00f3n de f\u00e1br<\/em><\/span>ic<span style=\"color: #ccffff;\"><em>a:<\/em><\/span><\/p><p>Zona industrial, Fengnan, Tangshan, provincia de Hebe<em>i,China\u00a0<\/em><\/p><p>orreo electr\u00f3nico: <a href=\"mailto:tony@castor-wheels.com\">tony@castor-wheels.com<\/a><\/p><p><a href=\"mailto:sales@castor-wheels.com\">sales@castor-wheels.com<\/a><span style=\"color: #ccffff;\"><em> \u00a0<\/em><\/span><\/p><p>Tel: 86-1373-1509-321<\/p>\t\t\t\t\t\t\t\t<\/div>\n\t\t\t\t<\/div>\n\t\t\t\t\t<\/div>\n\t\t<\/div>\n\t\t\t\t\t<\/div>\n\t\t<\/section>\n\t\t\t\t<\/div>","protected":false},"excerpt":{"rendered":"<p>Direcci\u00f3n de f\u00e1brica: Zona industrial, Fengnan, Tangshan, provincia de Hebei,China\u00a0 orreo electr\u00f3nico: tony@castor-wheels.com sales@castor-wheels.com \u00a0 Tel: 86-1373-1509-321<\/p>","protected":false},"author":1,"featured_media":0,"parent":0,"menu_order":0,"comment_status":"closed","ping_status":"closed","template":"","meta":{"footnotes":""},"class_list":["post-3211","page","type-page","status-publish","hentry"],"jetpack_sharing_enabled":true,"jetpack_shortlink":"https:\/\/wp.me\/P96XZu-PN","jetpack-related-posts":[{"id":4055,"url":"https:\/\/castor-wheels.com\/es\/medico-ruedas-giratorias\/","url_meta":{"origin":3211,"position":0},"title":"Ruedas m\u00e9dicas del echador","author":"caster","date":"agosto 2, 2017","format":false,"excerpt":"rueda m\u00e9dica del echadordiverso tama\u00f1o disponible ruedas del echador del hospitalechador m\u00e9dico ruedas giratorias del echadorrueda del echador del hospital rueda de goma gris del echadorechador de goma r\u00edgido cama de hospital Castorrueda del echador del hospital ruedas del echador del hospitalechador de goma del hospital ruedas r\u00edgidas del echadorrueda\u2026","rel":"","context":"Entrada similar ","block_context":{"text":"Entrada similar ","link":""},"img":{"alt_text":"","src":"","width":0,"height":0},"classes":[]},{"id":4590,"url":"https:\/\/castor-wheels.com\/es\/medico-ruedas-giratorias-2\/","url_meta":{"origin":3211,"position":1},"title":"Ruedas m\u00e9dicas del echador","author":"caster","date":"agosto 2, 2017","format":false,"excerpt":"rueda m\u00e9dica del echadordiverso tama\u00f1o disponible ruedas del echador del hospitalechador m\u00e9dico ruedas giratorias del echadorrueda del echador del hospital rueda de goma gris del echadorechador de goma r\u00edgido cama de hospital Castorrueda del echador del hospital ruedas del echador del hospitalechador de goma del hospital ruedas r\u00edgidas del echadorrueda\u2026","rel":"","context":"Entrada similar ","block_context":{"text":"Entrada similar ","link":""},"img":{"alt_text":"","src":"","width":0,"height":0},"classes":[]},{"id":3999,"url":"https:\/\/castor-wheels.com\/es\/carretilla-de-mano-carro\/","url_meta":{"origin":3211,"position":2},"title":"Carretilla del carro de mano","author":"caster","date":"agosto 2, 2017","format":false,"excerpt":"troley plegablecarretilla plegable\/carro de mano carro de mano del sacoentrega de camiones de mano carros de plataformacarretilla movible de la mano pala de mano nariz de camionescarretilla de mano al por menor plataforma de camionescarro de mano plegablecarretilla de mano al por menorcarretillas de manoplataforma de mano de camionescarro de\u2026","rel":"","context":"Entrada similar ","block_context":{"text":"Entrada similar ","link":""},"img":{"alt_text":"hand truck","src":"https:\/\/i0.wp.com\/castor-wheels.com\/wp-content\/uploads\/2017\/09\/foldable-troley-b-wheel-2-1.jpg?resize=350%2C200","width":350,"height":200},"classes":[]},{"id":7235,"url":"https:\/\/castor-wheels.com\/es\/noticias-6\/","url_meta":{"origin":3211,"position":3},"title":"Noticias","author":"caster","date":"marzo 6, 2025","format":false,"excerpt":"F\u00e1brica de ruedas giratorias de China: servicio integral para sus necesidades What is the difference between inflatable wheel and pneumatic wheel The difference between inflatable wheel and pneumatic wheel Inflatable wheels and... Read More .What are the different types of castor wheels? The different types of castor wheels Castor wheels\u2026","rel":"","context":"Entrada similar ","block_context":{"text":"Entrada similar ","link":""},"img":{"alt_text":"","src":"","width":0,"height":0},"classes":[]},{"id":3084,"url":"https:\/\/castor-wheels.com\/es\/muebles-caster\/","url_meta":{"origin":3211,"position":4},"title":"Ruedecilla de muebles","author":"caster","date":"agosto 2, 2017","format":false,"excerpt":"rueda del echador resistente Minirueda del echador de nylon ruedas del echadordiverso tama\u00f1o disponible ruedas peque\u00f1as pivotantesruedecillas de mueble Ruedas de nylonRueda del echador de nylon rueda del echador muebleRueda del echador PP muebles Ruedas de PPdiverso tama\u00f1o disponible ruedas minifuniture echador de la PU + PP soporte de ruedasrueda\u2026","rel":"","context":"Entrada similar ","block_context":{"text":"Entrada similar ","link":""},"img":{"alt_text":"","src":"","width":0,"height":0},"classes":[]},{"id":4461,"url":"https:\/\/castor-wheels.com\/es\/carretilla-rueda\/","url_meta":{"origin":3211,"position":5},"title":"Ruedas de la carretilla","author":"caster","date":"marzo 30, 2018","format":false,"excerpt":"\u00a0 Ruedas del echador de la PU ruedas de la carretilla ruedas r\u00edgidas del echador rueda troley ruedas giratorias del echador ruedas de carretilla medianas Ruedas de nylon del echador rueda r\u00edgida de la carretilla Ruedas del echador de la PU rueda movible de la carretilla ruedas r\u00edgidas del echador\u2026","rel":"","context":"Entrada similar ","block_context":{"text":"Entrada similar ","link":""},"img":{"alt_text":"","src":"","width":0,"height":0},"classes":[]}],"_links":{"self":[{"href":"https:\/\/castor-wheels.com\/es\/wp-json\/wp\/v2\/pages\/3211","targetHints":{"allow":["GET"]}}],"collection":[{"href":"https:\/\/castor-wheels.com\/es\/wp-json\/wp\/v2\/pages"}],"about":[{"href":"https:\/\/castor-wheels.com\/es\/wp-json\/wp\/v2\/types\/page"}],"author":[{"embeddable":true,"href":"https:\/\/castor-wheels.com\/es\/wp-json\/wp\/v2\/users\/1"}],"replies":[{"embeddable":true,"href":"https:\/\/castor-wheels.com\/es\/wp-json\/wp\/v2\/comments?post=3211"}],"version-history":[{"count":7,"href":"https:\/\/castor-wheels.com\/es\/wp-json\/wp\/v2\/pages\/3211\/revisions"}],"predecessor-version":[{"id":7466,"href":"https:\/\/castor-wheels.com\/es\/wp-json\/wp\/v2\/pages\/3211\/revisions\/7466"}],"wp:attachment":[{"href":"https:\/\/castor-wheels.com\/es\/wp-json\/wp\/v2\/media?parent=3211"}],"curies":[{"name":"wp","href":"https:\/\/api.w.org\/{rel}","templated":true}]}}