{"id":4009,"date":"2017-08-02T22:23:45","date_gmt":"2017-08-02T14:23:45","guid":{"rendered":"http:\/\/castor-wheels.com\/wordpress\/?page_id=1663"},"modified":"2017-08-02T22:23:45","modified_gmt":"2017-08-02T14:23:45","slug":"ruedas-de-trabajo-pesado","status":"publish","type":"page","link":"https:\/\/castor-wheels.com\/es\/ruedas-de-trabajo-pesado\/","title":{"rendered":"Ruedas resistentes del echador"},"content":{"rendered":"<figure><img data-recalc-dims=\"1\" decoding=\"async\" src=\"https:\/\/i0.wp.com\/castor-wheels.com\/wp-content\/uploads\/2017\/08\/W214-rubber-heavy-industrial-caster.jpg?w=525\" alt=\"echador industrial pesado de goma\" title=\"W214-caucho-echador pesado-industrial\"><\/figure>\n<h3> echador industrial pesado de goma<\/h3>\n<p>rueda de deber de Heacy <\/p>\n<figure><img data-recalc-dims=\"1\" decoding=\"async\" src=\"https:\/\/i0.wp.com\/castor-wheels.com\/wp-content\/uploads\/2017\/08\/super-heavy-duty-PU-caster-.jpg?w=525\" alt=\"echador resistente estupendo de la PU\" title=\"Super-heavy-deber-PU-Caster\"><\/figure>\n<h3>ruedas r\u00edgidas del echador<\/h3>\n<p>diverso tama\u00f1o disponible<\/p>\n<figure><img data-recalc-dims=\"1\" decoding=\"async\" src=\"https:\/\/i0.wp.com\/castor-wheels.com\/wp-content\/uploads\/2017\/08\/super-heavy-duty-PU-caster-wheel.jpg?w=525\" alt=\"echador resistente estupendo de la PU\" title=\"Super-heavy-deber-PU-rueda giratoria\"><\/figure>\n<h3>ruedas giratorias del echador<\/h3>\n<p>ruedas resistentes estupendas de la PU del echador<\/p>\n<figure><img data-recalc-dims=\"1\" decoding=\"async\" src=\"https:\/\/i0.wp.com\/castor-wheels.com\/wp-content\/uploads\/2017\/08\/W208-PU-heavy-duty-wheel.jpg?w=525\" alt=\"Rueda resistente de la PU\" title=\"W208-PU-pesado-deber-rueda\"><\/figure>\n<h3>Ruedas del echador de la PU<\/h3>\n<p>Rueda de nylon del echador<\/p>\n<figure><img data-recalc-dims=\"1\" decoding=\"async\" src=\"https:\/\/i0.wp.com\/castor-wheels.com\/wp-content\/uploads\/2017\/08\/W191-super-heavy-series.jpg?w=525\" alt=\"serie pesada estupenda\" title=\"W191-Super-Heavy-series\"><\/figure>\n<h3> echador industrial pesado de goma<\/h3>\n<p>rueda de deber de Heacy <\/p>\n<figure><img data-recalc-dims=\"1\" decoding=\"async\" src=\"https:\/\/i0.wp.com\/castor-wheels.com\/wp-content\/uploads\/2017\/08\/W148-heavy-duty-PU.jpg?w=525\" alt=\"rueda resistente\" title=\"W148-resistente-PU\"><\/figure>\n<h3>ruedas resistentes del echador<\/h3>\n<p>rueda resistente<\/p>\n<figure><img data-recalc-dims=\"1\" decoding=\"async\" src=\"https:\/\/i0.wp.com\/castor-wheels.com\/wp-content\/uploads\/2017\/08\/W185-PU-iron-core.jpg?w=525\" alt=\"Rueda resistente del echador de la PU\" title=\"W185-PU-iron-Core\"><\/figure>\n<h3>ruedas giratorias del echador<\/h3>\n<p>Rueda resistente del echador de la PU<\/p>\n<figure><img data-recalc-dims=\"1\" decoding=\"async\" src=\"https:\/\/i0.wp.com\/castor-wheels.com\/wp-content\/uploads\/2017\/08\/W207-PU-heavy-duty-wheel.jpg?w=525\" alt=\"Rueda resistente de la PU\" title=\"W207-PU-pesado-deber-rueda\"><\/figure>\n<h3>Ruedas del echador de la PU<\/h3>\n<p>diverso tama\u00f1o disponible<\/p>\n<figure><img data-recalc-dims=\"1\" decoding=\"async\" src=\"https:\/\/i0.wp.com\/castor-wheels.com\/wp-content\/uploads\/2017\/08\/W159-super-heavy-duty.jpg?w=525\" alt=\"deber pesado estupendo\" title=\"W159-Super-heavy-deber\"><\/figure>\n<h3> echador industrial pesado de goma<\/h3>\n<p>rueda de deber de Heacy <\/p>\n<figure><img data-recalc-dims=\"1\" decoding=\"async\" src=\"https:\/\/i0.wp.com\/castor-wheels.com\/wp-content\/uploads\/2017\/08\/W184-PU-iron-core.jpg?w=525\" alt=\"Rueda del echador de la PU\" title=\"W184-PU-iron-Core\"><\/figure>\n<h3>ruedas resistentes del echador<\/h3>\n<p>Rueda resistente de la PU<\/p>\n<figure><img data-recalc-dims=\"1\" decoding=\"async\" src=\"https:\/\/i0.wp.com\/castor-wheels.com\/wp-content\/uploads\/2017\/08\/W144-super-heavy-duty.jpg?w=525\" alt=\"rueda resistente estupenda\" title=\"W144 super resistente\"><\/figure>\n<h3>ruedas giratorias del echador<\/h3>\n<p>Rueda resistente del echador de la PU<\/p>\n<figure><img data-recalc-dims=\"1\" decoding=\"async\" src=\"https:\/\/i0.wp.com\/castor-wheels.com\/wp-content\/uploads\/2017\/08\/W145-heavy-duty-rubber.jpg?w=525\" alt=\"rueda de goma resistente\" title=\"W145-resistente-caucho\"><\/figure>\n<h3>ruedas de goma del echador<\/h3>\n<p>rueda resistente del echador<\/p>","protected":false},"excerpt":{"rendered":"<p>echador industrial pesado de goma rueda de deber de Heacy ruedas r\u00edgidas del echador diverso tama\u00f1o disponible ruedas giratorias del echador ruedas resistentes estupendas de la PU del echador Ruedas del echador de la PU Rueda de nylon del echador echador industrial pesado de goma rueda de deber de Heacy ruedas resistentes del echador rueda [&hellip;]<\/p>\n","protected":false},"author":1,"featured_media":0,"parent":0,"menu_order":0,"comment_status":"closed","ping_status":"closed","template":"","meta":{"footnotes":""},"class_list":["post-4009","page","type-page","status-publish","hentry"],"jetpack_sharing_enabled":true,"jetpack_shortlink":"https:\/\/wp.me\/P96XZu-12F","jetpack-related-posts":[{"id":4018,"url":"https:\/\/castor-wheels.com\/es\/ruedas-de-trabajo-pesado-2\/","url_meta":{"origin":4009,"position":0},"title":"Ruedas resistentes del echador","author":"caster","date":"agosto 2, 2017","format":false,"excerpt":"echador industrial pesado de gomarueda de deber de Heacy ruedas r\u00edgidas del echadordiverso tama\u00f1o disponible ruedas giratorias del echadorruedas resistentes estupendas de la PU del echador Ruedas del echador de la PURueda de nylon del echador echador industrial pesado de gomarueda de deber de Heacy ruedas resistentes del echadorrueda resistente\u2026","rel":"","context":"Entrada similar ","block_context":{"text":"Entrada similar ","link":""},"img":{"alt_text":"","src":"","width":0,"height":0},"classes":[]},{"id":3058,"url":"https:\/\/castor-wheels.com\/es\/pu-rueda-giratoria\/","url_meta":{"origin":4009,"position":1},"title":"Rueda del echador de la PU","author":"caster","date":"agosto 2, 2017","format":false,"excerpt":"Ruedas del echador de la PUrueda del echador de 6 \" ruedas r\u00edgidas del echadordiverso tama\u00f1o disponible ruedas giratorias del echadorruedas resistentes estupendas de la PU del echador Ruedas del echador de la PURueda del echador de la PU Ruedas del echador de la PUSerie de la rueda de la\u2026","rel":"","context":"Entrada similar ","block_context":{"text":"Entrada similar ","link":""},"img":{"alt_text":"","src":"","width":0,"height":0},"classes":[]},{"id":3037,"url":"https:\/\/castor-wheels.com\/es\/casterwheels-3\/","url_meta":{"origin":4009,"position":2},"title":"Ruedas del echador","author":"caster","date":"julio 30, 2017","format":false,"excerpt":"\u00a0 Ruedas del echador de la PU rueda del echador de 6 \" ruedas r\u00edgidas del echador diverso tama\u00f1o disponible ruedas giratorias del echador ruedas resistentes estupendas de la PU del echador Ruedas de nylon del echador Rueda de nylon del echador Ruedas del echador del PA 5 \"rueda r\u00edgida\u2026","rel":"","context":"Entrada similar ","block_context":{"text":"Entrada similar ","link":""},"img":{"alt_text":"","src":"","width":0,"height":0},"classes":[]},{"id":3112,"url":"https:\/\/castor-wheels.com\/es\/pesado-aranceles-ruedas-ruedas\/","url_meta":{"origin":4009,"position":3},"title":"Ruedas de trabajo pesado","author":"caster","date":"agosto 2, 2017","format":false,"excerpt":"rueda industrial pesada de gomarueda de Heacy deber ruedas del echador r\u00edgidodiverso tama\u00f1o disponible las ruedas del echador del eslab\u00f3n giratorioSuper ruedas de PU de alta resistencia Ruedas del echador de la PURueda del echador de nylon rueda industrial pesada de gomarueda de Heacy deber ruedas de trabajo pesadorueda de\u2026","rel":"","context":"Entrada similar ","block_context":{"text":"Entrada similar ","link":""},"img":{"alt_text":"","src":"","width":0,"height":0},"classes":[]},{"id":3119,"url":"https:\/\/castor-wheels.com\/es\/industrial-ruedas-giratorias\/","url_meta":{"origin":4009,"position":4},"title":"Ruedas industriales del echador","author":"caster","date":"agosto 2, 2017","format":false,"excerpt":"ruedas de nylon del echadorrueda industrial rueda industrialdiverso tama\u00f1o disponible ruedas giratorias del echadorruedas resistentes estupendas de la PU del echador Ruedas de nylon del echadorRueda de nylon del echador rueda de goma resistenterueda industrial rueda industrialdiverso tama\u00f1o disponible ruedas giratorias del echadorruedas resistentes estupendas de la PU del echador\u2026","rel":"","context":"Entrada similar ","block_context":{"text":"Entrada similar ","link":""},"img":{"alt_text":"","src":"","width":0,"height":0},"classes":[]},{"id":4357,"url":"https:\/\/castor-wheels.com\/es\/extra-pesado-duty-caster\/","url_meta":{"origin":4009,"position":5},"title":"Echador adicional resistente","author":"caster","date":"agosto 2, 2017","format":false,"excerpt":"Ruedas del echador de la PUrueda de echador resistente estupenda Ruedas del echador de la PUrueda de echador adicional resistente ruedas giratorias del echadorruedas resistentes estupendas del echador de la PU Ruedas del echador de la PUrueda resistente adicional","rel":"","context":"Entrada similar ","block_context":{"text":"Entrada similar ","link":""},"img":{"alt_text":"","src":"","width":0,"height":0},"classes":[]}],"_links":{"self":[{"href":"https:\/\/castor-wheels.com\/es\/wp-json\/wp\/v2\/pages\/4009","targetHints":{"allow":["GET"]}}],"collection":[{"href":"https:\/\/castor-wheels.com\/es\/wp-json\/wp\/v2\/pages"}],"about":[{"href":"https:\/\/castor-wheels.com\/es\/wp-json\/wp\/v2\/types\/page"}],"author":[{"embeddable":true,"href":"https:\/\/castor-wheels.com\/es\/wp-json\/wp\/v2\/users\/1"}],"replies":[{"embeddable":true,"href":"https:\/\/castor-wheels.com\/es\/wp-json\/wp\/v2\/comments?post=4009"}],"version-history":[{"count":0,"href":"https:\/\/castor-wheels.com\/es\/wp-json\/wp\/v2\/pages\/4009\/revisions"}],"wp:attachment":[{"href":"https:\/\/castor-wheels.com\/es\/wp-json\/wp\/v2\/media?parent=4009"}],"curies":[{"name":"wp","href":"https:\/\/api.w.org\/{rel}","templated":true}]}}