{"id":4045,"date":"2017-08-02T22:22:19","date_gmt":"2017-08-02T14:22:19","guid":{"rendered":"http:\/\/castor-wheels.com\/wordpress\/?page_id=1658"},"modified":"2017-08-02T22:22:19","modified_gmt":"2017-08-02T14:22:19","slug":"ruedas-de-servicio-liviano","status":"publish","type":"page","link":"https:\/\/castor-wheels.com\/es\/ruedas-de-servicio-liviano\/","title":{"rendered":"Ruedas ligeras del echador"},"content":{"rendered":"<figure><img data-recalc-dims=\"1\" decoding=\"async\" src=\"https:\/\/i0.wp.com\/castor-wheels.com\/wp-content\/uploads\/2017\/07\/light-duty20.jpg?w=525\" alt=\"rueda ligera del echador\" title=\"luz-duty20\"><\/figure>\n<h3>rueda ligera del echador<\/h3>\n<p>rueda peque\u00f1a del echador <\/p>\n<figure><img data-recalc-dims=\"1\" decoding=\"async\" src=\"https:\/\/i0.wp.com\/castor-wheels.com\/wp-content\/uploads\/2017\/07\/light-duty01.jpg?w=525\" alt=\"Mini rueda del echador del deber\" title=\"luz-duty01\"><\/figure>\n<h3>rueda del deber ligero<\/h3>\n<p>truckle peque\u00f1o<\/p>\n<figure><img data-recalc-dims=\"1\" decoding=\"async\" src=\"https:\/\/i0.wp.com\/castor-wheels.com\/wp-content\/uploads\/2017\/07\/light-duty26.jpg?w=525\" alt=\"rueda de goma gris del deber ligero\" title=\"luz-duty26\"><\/figure>\n<h3>ruedas r\u00edgidas del echador<\/h3>\n<p>rueda de goma gris del deber ligero<\/p>\n<figure><img data-recalc-dims=\"1\" decoding=\"async\" src=\"https:\/\/i0.wp.com\/castor-wheels.com\/wp-content\/uploads\/2017\/07\/light-duty14.jpg?w=525\" alt=\"rueda roja de la PU del deber ligero\" title=\"luz-duty14\"><\/figure>\n<h3>Ruedas del echador de la PU<\/h3>\n<p>rueda roja de la PU del deber ligero<\/p>\n<figure><img data-recalc-dims=\"1\" decoding=\"async\" src=\"https:\/\/i0.wp.com\/castor-wheels.com\/wp-content\/uploads\/2017\/07\/light-duty16.jpg?w=525\" alt=\"Mini echador de deber\" title=\"luz-duty16\"><\/figure>\n<h3>rueda truckle<\/h3>\n<p>rueda peque\u00f1a del echador <\/p>\n<figure><img data-recalc-dims=\"1\" decoding=\"async\" src=\"https:\/\/i0.wp.com\/castor-wheels.com\/wp-content\/uploads\/2017\/07\/light-duty07.jpg?w=525\" alt=\"truckle ruedas\" title=\"luz-duty07\"><\/figure>\n<h3>truckle del deber ligero<\/h3>\n<p>truckle peque\u00f1o<\/p>\n<figure><img data-recalc-dims=\"1\" decoding=\"async\" src=\"https:\/\/i0.wp.com\/castor-wheels.com\/wp-content\/uploads\/2017\/08\/W164-Scaffold-Caster.jpg?w=525\" alt=\"Echador del andamio\" title=\"W164-andamio-Caster\"><\/figure>\n<h3>ruedas del echador<\/h3>\n<p>rueda scafolding<\/p>\n<figure><img data-recalc-dims=\"1\" decoding=\"async\" src=\"https:\/\/i0.wp.com\/castor-wheels.com\/wp-content\/uploads\/2017\/07\/light-duty30.jpg?w=525\" alt=\"Mini rueda del echador del deber\" title=\"luz-duty30\"><\/figure>\n<h3>Truckle de nylon<\/h3>\n<p>rueda del deber ligero<\/p>","protected":false},"excerpt":{"rendered":"<p>rueda ligera del echador rueda peque\u00f1a del echador rueda del deber ligero truckle peque\u00f1o ruedas r\u00edgidas del echador rueda de goma gris del deber ligero Ruedas del echador de la PU rueda roja de la PU del deber ligero rueda truckle rueda peque\u00f1a del echador truckle del deber ligero truckle peque\u00f1o ruedas del echador rueda [&hellip;]<\/p>\n","protected":false},"author":1,"featured_media":0,"parent":0,"menu_order":0,"comment_status":"closed","ping_status":"closed","template":"","meta":{"footnotes":""},"class_list":["post-4045","page","type-page","status-publish","hentry"],"jetpack_sharing_enabled":true,"jetpack_shortlink":"https:\/\/wp.me\/P96XZu-13f","jetpack-related-posts":[{"id":4079,"url":"https:\/\/castor-wheels.com\/es\/mini-duty-ruedas-giratorias\/","url_meta":{"origin":4045,"position":0},"title":"Mini ruedas del echador del deber","author":"caster","date":"agosto 2, 2017","format":false,"excerpt":"Ruedas del echador de la PUMini rueda del echador del deber ruedas r\u00edgidas del echadordiverso tama\u00f1o disponible Mini rueda del echador del deberRuedas del echador del PA Ruedas de nylon del echadorRueda de nylon del echador Ruedas del echador de la PUMini rueda del echador del deber ruedas r\u00edgidas del\u2026","rel":"","context":"Entrada similar ","block_context":{"text":"Entrada similar ","link":""},"img":{"alt_text":"","src":"","width":0,"height":0},"classes":[]},{"id":4093,"url":"https:\/\/castor-wheels.com\/es\/nylon-rueda-giratoria\/","url_meta":{"origin":4045,"position":1},"title":"Rueda de nylon del echador","author":"caster","date":"agosto 2, 2017","format":false,"excerpt":"Ruedas del echador del PARuedas del echador del PA con la cubierta \u00a0ruedas de nylon del echadorRuedas de nylon del echadorRueda del echador del PA con el frenoRuedas del echador del PArueda ligera del echadorruedas de nylondiverso tama\u00f1o disponibleechador de poca potenciaruedas de nylon del echadorRuedas de nylon del echadorRueda\u2026","rel":"","context":"Entrada similar ","block_context":{"text":"Entrada similar ","link":""},"img":{"alt_text":"nylon caster wheel","src":"https:\/\/i0.wp.com\/castor-wheels.com\/wp-content\/uploads\/2017\/08\/nylon-wheel-with-cover.jpg?resize=350%2C200&ssl=1","width":350,"height":200},"classes":[]},{"id":4068,"url":"https:\/\/castor-wheels.com\/es\/ruedas-de-trabajo-mediano\/","url_meta":{"origin":4045,"position":2},"title":"Ruedas del echador del deber medio","author":"caster","date":"agosto 2, 2017","format":false,"excerpt":"\u00a0 Ruedas del echador de la PU tipo de agujero de perno ruedas ruedas r\u00edgidas del echador diverso tama\u00f1o disponible ruedas giratorias del echador ruedas del echador del deber medio Ruedas de nylon del echador rueda del echador del deber medio Ruedas del echador de la PU rueda del echador\u2026","rel":"","context":"Entrada similar ","block_context":{"text":"Entrada similar ","link":""},"img":{"alt_text":"","src":"","width":0,"height":0},"classes":[]},{"id":3037,"url":"https:\/\/castor-wheels.com\/es\/casterwheels-3\/","url_meta":{"origin":4045,"position":3},"title":"Ruedas del echador","author":"caster","date":"julio 30, 2017","format":false,"excerpt":"\u00a0 Ruedas del echador de la PU rueda del echador de 6 \" ruedas r\u00edgidas del echador diverso tama\u00f1o disponible ruedas giratorias del echador ruedas resistentes estupendas de la PU del echador Ruedas de nylon del echador Rueda de nylon del echador Ruedas del echador del PA 5 \"rueda r\u00edgida\u2026","rel":"","context":"Entrada similar ","block_context":{"text":"Entrada similar ","link":""},"img":{"alt_text":"","src":"","width":0,"height":0},"classes":[]},{"id":4009,"url":"https:\/\/castor-wheels.com\/es\/ruedas-de-trabajo-pesado\/","url_meta":{"origin":4045,"position":4},"title":"Ruedas resistentes del echador","author":"caster","date":"agosto 2, 2017","format":false,"excerpt":"echador industrial pesado de gomarueda de deber de Heacy ruedas r\u00edgidas del echadordiverso tama\u00f1o disponible ruedas giratorias del echadorruedas resistentes estupendas de la PU del echador Ruedas del echador de la PURueda de nylon del echador echador industrial pesado de gomarueda de deber de Heacy ruedas resistentes del echadorrueda resistente\u2026","rel":"","context":"Entrada similar ","block_context":{"text":"Entrada similar ","link":""},"img":{"alt_text":"","src":"","width":0,"height":0},"classes":[]},{"id":4018,"url":"https:\/\/castor-wheels.com\/es\/ruedas-de-trabajo-pesado-2\/","url_meta":{"origin":4045,"position":5},"title":"Ruedas resistentes del echador","author":"caster","date":"agosto 2, 2017","format":false,"excerpt":"echador industrial pesado de gomarueda de deber de Heacy ruedas r\u00edgidas del echadordiverso tama\u00f1o disponible ruedas giratorias del echadorruedas resistentes estupendas de la PU del echador Ruedas del echador de la PURueda de nylon del echador echador industrial pesado de gomarueda de deber de Heacy ruedas resistentes del echadorrueda resistente\u2026","rel":"","context":"Entrada similar ","block_context":{"text":"Entrada similar ","link":""},"img":{"alt_text":"","src":"","width":0,"height":0},"classes":[]}],"_links":{"self":[{"href":"https:\/\/castor-wheels.com\/es\/wp-json\/wp\/v2\/pages\/4045","targetHints":{"allow":["GET"]}}],"collection":[{"href":"https:\/\/castor-wheels.com\/es\/wp-json\/wp\/v2\/pages"}],"about":[{"href":"https:\/\/castor-wheels.com\/es\/wp-json\/wp\/v2\/types\/page"}],"author":[{"embeddable":true,"href":"https:\/\/castor-wheels.com\/es\/wp-json\/wp\/v2\/users\/1"}],"replies":[{"embeddable":true,"href":"https:\/\/castor-wheels.com\/es\/wp-json\/wp\/v2\/comments?post=4045"}],"version-history":[{"count":0,"href":"https:\/\/castor-wheels.com\/es\/wp-json\/wp\/v2\/pages\/4045\/revisions"}],"wp:attachment":[{"href":"https:\/\/castor-wheels.com\/es\/wp-json\/wp\/v2\/media?parent=4045"}],"curies":[{"name":"wp","href":"https:\/\/api.w.org\/{rel}","templated":true}]}}