{"id":4068,"date":"2017-08-02T22:23:04","date_gmt":"2017-08-02T14:23:04","guid":{"rendered":"http:\/\/castor-wheels.com\/wordpress\/?page_id=1661"},"modified":"2017-12-13T22:13:08","modified_gmt":"2017-12-13T14:13:08","slug":"ruedas-de-trabajo-mediano","status":"publish","type":"page","link":"https:\/\/castor-wheels.com\/es\/ruedas-de-trabajo-mediano\/","title":{"rendered":"Ruedas del echador del deber medio"},"content":{"rendered":"<p>\u00a0<\/p>\n<figure><img data-recalc-dims=\"1\" decoding=\"async\" title=\"W101-PU-Caster-amarillo\" src=\"https:\/\/i0.wp.com\/castor-wheels.com\/wp-content\/uploads\/2017\/08\/W101-PU-caster-yellow.jpg?w=525\" alt=\"Rueda de ricino de la PU\" \/><\/figure>\n<h3>Ruedas del echador de la PU<\/h3>\n<p>tipo de agujero de perno ruedas<\/p>\n<figure><img data-recalc-dims=\"1\" decoding=\"async\" title=\"6inch-PU-rueda giratoria\" src=\"https:\/\/i0.wp.com\/castor-wheels.com\/wp-content\/uploads\/2017\/08\/6inch-PU-caster-wheel-yellow.jpg?w=525\" alt=\"rueda del echador de la PU de 6inch\" \/><\/figure>\n<h3>ruedas r\u00edgidas del echador<\/h3>\n<p>diverso tama\u00f1o disponible<\/p>\n<figure><img data-recalc-dims=\"1\" decoding=\"async\" title=\"W173-PA-rueda giratoria\" src=\"https:\/\/i0.wp.com\/castor-wheels.com\/wp-content\/uploads\/2017\/08\/W173-PA-caster-wheel.jpg?w=525\" alt=\"Rueda del PA del echador\" \/><\/figure>\n<h3>ruedas giratorias del echador<\/h3>\n<p>ruedas del echador del deber medio<\/p>\n<figure><img data-recalc-dims=\"1\" decoding=\"async\" title=\"nylon-rueda giratoria\" src=\"https:\/\/i0.wp.com\/castor-wheels.com\/wp-content\/uploads\/2017\/08\/6-inch-nylon-caster-wheel-1.jpg?w=525\" alt=\"rueda de nylon del echador\" \/><\/figure>\n<h3>Ruedas de nylon del echador<\/h3>\n<p>rueda del echador del deber medio<\/p>\n<figure><img data-recalc-dims=\"1\" decoding=\"async\" title=\"rueda giratoria\" src=\"https:\/\/i0.wp.com\/castor-wheels.com\/wp-content\/uploads\/2017\/08\/6inch-PU-caster-wheel-blue.jpg?w=525\" alt=\"Rueda del echador de la PU azul\" \/><\/figure>\n<h3>Ruedas del echador de la PU<\/h3>\n<p>rueda del echador de 6 &quot;<\/p>\n<figure><img data-recalc-dims=\"1\" decoding=\"async\" title=\"Rueda de la PU de W52\" src=\"https:\/\/i0.wp.com\/castor-wheels.com\/wp-content\/uploads\/2017\/08\/W52-PU-wheel-3.jpg?w=525\" alt=\"rueda r\u00edgida de la PU del echador\" \/><\/figure>\n<h3>ruedas r\u00edgidas del echador<\/h3>\n<p>tipo de agujero de perno ruedas<\/p>\n<figure><img data-recalc-dims=\"1\" decoding=\"async\" title=\"nylon-rueda-grande\" src=\"https:\/\/i0.wp.com\/castor-wheels.com\/wp-content\/uploads\/2017\/08\/nylon-wheel-big-1.jpg?w=525\" alt=\"rueda de nylon del echador\" \/><\/figure>\n<h3>ruedas giratorias del echador<\/h3>\n<p>ruedas del echador del deber medio<\/p>\n<figure><img data-recalc-dims=\"1\" decoding=\"async\" title=\"W78-nylon-wheel\" src=\"https:\/\/i0.wp.com\/castor-wheels.com\/wp-content\/uploads\/2017\/08\/W78-nylon-wheel-1.jpg?w=525\" alt=\"Castor de nylon\" \/><\/figure>\n<h3>Ruedas de nylon del echador<\/h3>\n<p>rueda del echador del deber medio<\/p>","protected":false},"excerpt":{"rendered":"<p>\u00a0 Ruedas del echador de la PU tipo de agujero de perno ruedas ruedas r\u00edgidas del echador diverso tama\u00f1o disponible ruedas giratorias del echador ruedas del echador del deber medio Ruedas de nylon del echador rueda del echador del deber medio Ruedas del echador de la PU rueda del echador de 6 &quot; ruedas r\u00edgidas [&hellip;]<\/p>\n","protected":false},"author":1,"featured_media":0,"parent":0,"menu_order":0,"comment_status":"closed","ping_status":"closed","template":"","meta":{"footnotes":""},"class_list":["post-4068","page","type-page","status-publish","hentry"],"jetpack_sharing_enabled":true,"jetpack_shortlink":"https:\/\/wp.me\/P96XZu-13C","jetpack-related-posts":[{"id":4079,"url":"https:\/\/castor-wheels.com\/es\/mini-duty-ruedas-giratorias\/","url_meta":{"origin":4068,"position":0},"title":"Mini ruedas del echador del deber","author":"caster","date":"agosto 2, 2017","format":false,"excerpt":"Ruedas del echador de la PUMini rueda del echador del deber ruedas r\u00edgidas del echadordiverso tama\u00f1o disponible Mini rueda del echador del deberRuedas del echador del PA Ruedas de nylon del echadorRueda de nylon del echador Ruedas del echador de la PUMini rueda del echador del deber ruedas r\u00edgidas del\u2026","rel":"","context":"Entrada similar ","block_context":{"text":"Entrada similar ","link":""},"img":{"alt_text":"","src":"","width":0,"height":0},"classes":[]},{"id":4045,"url":"https:\/\/castor-wheels.com\/es\/ruedas-de-servicio-liviano\/","url_meta":{"origin":4068,"position":1},"title":"Ruedas ligeras del echador","author":"caster","date":"agosto 2, 2017","format":false,"excerpt":"rueda ligera del echadorrueda peque\u00f1a del echador rueda del deber ligerotruckle peque\u00f1o ruedas r\u00edgidas del echadorrueda de goma gris del deber ligero Ruedas del echador de la PUrueda roja de la PU del deber ligero rueda trucklerueda peque\u00f1a del echador truckle del deber ligerotruckle peque\u00f1o ruedas del echadorrueda scafolding Truckle\u2026","rel":"","context":"Entrada similar ","block_context":{"text":"Entrada similar ","link":""},"img":{"alt_text":"","src":"","width":0,"height":0},"classes":[]},{"id":4009,"url":"https:\/\/castor-wheels.com\/es\/ruedas-de-trabajo-pesado\/","url_meta":{"origin":4068,"position":2},"title":"Ruedas resistentes del echador","author":"caster","date":"agosto 2, 2017","format":false,"excerpt":"echador industrial pesado de gomarueda de deber de Heacy ruedas r\u00edgidas del echadordiverso tama\u00f1o disponible ruedas giratorias del echadorruedas resistentes estupendas de la PU del echador Ruedas del echador de la PURueda de nylon del echador echador industrial pesado de gomarueda de deber de Heacy ruedas resistentes del echadorrueda resistente\u2026","rel":"","context":"Entrada similar ","block_context":{"text":"Entrada similar ","link":""},"img":{"alt_text":"","src":"","width":0,"height":0},"classes":[]},{"id":4018,"url":"https:\/\/castor-wheels.com\/es\/ruedas-de-trabajo-pesado-2\/","url_meta":{"origin":4068,"position":3},"title":"Ruedas resistentes del echador","author":"caster","date":"agosto 2, 2017","format":false,"excerpt":"echador industrial pesado de gomarueda de deber de Heacy ruedas r\u00edgidas del echadordiverso tama\u00f1o disponible ruedas giratorias del echadorruedas resistentes estupendas de la PU del echador Ruedas del echador de la PURueda de nylon del echador echador industrial pesado de gomarueda de deber de Heacy ruedas resistentes del echadorrueda resistente\u2026","rel":"","context":"Entrada similar ","block_context":{"text":"Entrada similar ","link":""},"img":{"alt_text":"","src":"","width":0,"height":0},"classes":[]},{"id":3112,"url":"https:\/\/castor-wheels.com\/es\/pesado-aranceles-ruedas-ruedas\/","url_meta":{"origin":4068,"position":4},"title":"Ruedas de trabajo pesado","author":"caster","date":"agosto 2, 2017","format":false,"excerpt":"rueda industrial pesada de gomarueda de Heacy deber ruedas del echador r\u00edgidodiverso tama\u00f1o disponible las ruedas del echador del eslab\u00f3n giratorioSuper ruedas de PU de alta resistencia Ruedas del echador de la PURueda del echador de nylon rueda industrial pesada de gomarueda de Heacy deber ruedas de trabajo pesadorueda de\u2026","rel":"","context":"Entrada similar ","block_context":{"text":"Entrada similar ","link":""},"img":{"alt_text":"","src":"","width":0,"height":0},"classes":[]},{"id":4093,"url":"https:\/\/castor-wheels.com\/es\/nylon-rueda-giratoria\/","url_meta":{"origin":4068,"position":5},"title":"Rueda de nylon del echador","author":"caster","date":"agosto 2, 2017","format":false,"excerpt":"Ruedas del echador del PARuedas del echador del PA con la cubierta \u00a0ruedas de nylon del echadorRuedas de nylon del echadorRueda del echador del PA con el frenoRuedas del echador del PArueda ligera del echadorruedas de nylondiverso tama\u00f1o disponibleechador de poca potenciaruedas de nylon del echadorRuedas de nylon del echadorRueda\u2026","rel":"","context":"Entrada similar ","block_context":{"text":"Entrada similar ","link":""},"img":{"alt_text":"nylon caster wheel","src":"https:\/\/i0.wp.com\/castor-wheels.com\/wp-content\/uploads\/2017\/08\/nylon-wheel-with-cover.jpg?resize=350%2C200&ssl=1","width":350,"height":200},"classes":[]}],"_links":{"self":[{"href":"https:\/\/castor-wheels.com\/es\/wp-json\/wp\/v2\/pages\/4068","targetHints":{"allow":["GET"]}}],"collection":[{"href":"https:\/\/castor-wheels.com\/es\/wp-json\/wp\/v2\/pages"}],"about":[{"href":"https:\/\/castor-wheels.com\/es\/wp-json\/wp\/v2\/types\/page"}],"author":[{"embeddable":true,"href":"https:\/\/castor-wheels.com\/es\/wp-json\/wp\/v2\/users\/1"}],"replies":[{"embeddable":true,"href":"https:\/\/castor-wheels.com\/es\/wp-json\/wp\/v2\/comments?post=4068"}],"version-history":[{"count":1,"href":"https:\/\/castor-wheels.com\/es\/wp-json\/wp\/v2\/pages\/4068\/revisions"}],"predecessor-version":[{"id":4237,"href":"https:\/\/castor-wheels.com\/es\/wp-json\/wp\/v2\/pages\/4068\/revisions\/4237"}],"wp:attachment":[{"href":"https:\/\/castor-wheels.com\/es\/wp-json\/wp\/v2\/media?parent=4068"}],"curies":[{"name":"wp","href":"https:\/\/api.w.org\/{rel}","templated":true}]}}