{"id":4079,"date":"2017-08-02T22:21:22","date_gmt":"2017-08-02T14:21:22","guid":{"rendered":"http:\/\/castor-wheels.com\/wordpress\/?page_id=1655"},"modified":"2017-08-02T22:21:22","modified_gmt":"2017-08-02T14:21:22","slug":"mini-duty-ruedas-giratorias","status":"publish","type":"page","link":"https:\/\/castor-wheels.com\/es\/mini-duty-ruedas-giratorias\/","title":{"rendered":"Mini ruedas del echador del deber"},"content":{"rendered":"<figure><img data-recalc-dims=\"1\" decoding=\"async\" src=\"https:\/\/i0.wp.com\/castor-wheels.com\/wp-content\/uploads\/2017\/07\/light-duty05.jpg?w=525\" alt=\"rueda ligera del echador\" title=\"luz \u2013 deber \u2013 rueda giratoria\"><\/figure>\n<h3>Ruedas del echador de la PU<\/h3>\n<p>Mini rueda del echador del deber <\/p>\n<figure><img data-recalc-dims=\"1\" decoding=\"async\" src=\"https:\/\/i0.wp.com\/castor-wheels.com\/wp-content\/uploads\/2017\/07\/light-duty16.jpg?w=525\" alt=\"Mini echador de deber\" title=\"luz-duty16\"><\/figure>\n<h3>ruedas r\u00edgidas del echador<\/h3>\n<p>diverso tama\u00f1o disponible<\/p>\n<figure><img data-recalc-dims=\"1\" decoding=\"async\" src=\"https:\/\/i0.wp.com\/castor-wheels.com\/wp-content\/uploads\/2017\/07\/light-duty30.jpg?w=525\" alt=\"Mini rueda del echador del deber\" title=\"luz-duty30\"><\/figure>\n<h3>Mini rueda del echador del deber<\/h3>\n<p>Ruedas del echador del PA<\/p>\n<figure><img data-recalc-dims=\"1\" decoding=\"async\" src=\"https:\/\/i0.wp.com\/castor-wheels.com\/wp-content\/uploads\/2017\/07\/light-duty10.jpg?w=525\" alt=\"Mini rueda del echador del deber\" title=\"luz-duty10\"><\/figure>\n<h3>Ruedas de nylon del echador<\/h3>\n<p>Rueda de nylon del echador<\/p>\n<figure><img data-recalc-dims=\"1\" decoding=\"async\" src=\"https:\/\/i0.wp.com\/castor-wheels.com\/wp-content\/uploads\/2017\/07\/light-duty19.jpg?w=525\" alt=\"Mini rueda del echador del deber\" title=\"luz-duty19\"><\/figure>\n<h3>Ruedas del echador de la PU<\/h3>\n<p>Mini rueda del echador del deber <\/p>\n<figure><img data-recalc-dims=\"1\" decoding=\"async\" src=\"https:\/\/i0.wp.com\/castor-wheels.com\/wp-content\/uploads\/2017\/07\/light-duty12.jpg?w=525\" alt=\"Mini rueda del echador del deber\" title=\"luz-duty12\"><\/figure>\n<h3>ruedas r\u00edgidas del echador<\/h3>\n<p>diverso tama\u00f1o disponible<\/p>\n<figure><img data-recalc-dims=\"1\" decoding=\"async\" src=\"https:\/\/i0.wp.com\/castor-wheels.com\/wp-content\/uploads\/2017\/07\/light-duty13.jpg?w=525\" alt=\"Mini rueda del echador del deber\" title=\"luz-duty13\"><\/figure>\n<h3>Mini rueda del echador del deber<\/h3>\n<p>Ruedas del echador del PA<\/p>\n<figure><img data-recalc-dims=\"1\" decoding=\"async\" src=\"https:\/\/i0.wp.com\/castor-wheels.com\/wp-content\/uploads\/2017\/07\/light-duty01.jpg?w=525\" alt=\"Mini rueda del echador del deber\" title=\"luz-duty01\"><\/figure>\n<h3>Ruedas de nylon del echador<\/h3>\n<p>Rueda de nylon del echador<\/p>","protected":false},"excerpt":{"rendered":"<p>Ruedas del echador de la PU Mini rueda del echador del deber ruedas r\u00edgidas del echador diverso tama\u00f1o disponible Mini rueda del echador del deber Ruedas del echador del PA Ruedas de nylon del echador Rueda de nylon del echador Ruedas del echador de la PU Mini rueda del echador del deber ruedas r\u00edgidas del [&hellip;]<\/p>\n","protected":false},"author":1,"featured_media":0,"parent":0,"menu_order":0,"comment_status":"closed","ping_status":"closed","template":"","meta":{"footnotes":""},"class_list":["post-4079","page","type-page","status-publish","hentry"],"jetpack_sharing_enabled":true,"jetpack_shortlink":"https:\/\/wp.me\/P96XZu-13N","jetpack-related-posts":[{"id":4093,"url":"https:\/\/castor-wheels.com\/es\/nylon-rueda-giratoria\/","url_meta":{"origin":4079,"position":0},"title":"Rueda de nylon del echador","author":"caster","date":"agosto 2, 2017","format":false,"excerpt":"Ruedas del echador del PARuedas del echador del PA con la cubierta \u00a0ruedas de nylon del echadorRuedas de nylon del echadorRueda del echador del PA con el frenoRuedas del echador del PArueda ligera del echadorruedas de nylondiverso tama\u00f1o disponibleechador de poca potenciaruedas de nylon del echadorRuedas de nylon del echadorRueda\u2026","rel":"","context":"Entrada similar ","block_context":{"text":"Entrada similar ","link":""},"img":{"alt_text":"nylon caster wheel","src":"https:\/\/i0.wp.com\/castor-wheels.com\/wp-content\/uploads\/2017\/08\/nylon-wheel-with-cover.jpg?resize=350%2C200&ssl=1","width":350,"height":200},"classes":[]},{"id":4045,"url":"https:\/\/castor-wheels.com\/es\/ruedas-de-servicio-liviano\/","url_meta":{"origin":4079,"position":1},"title":"Ruedas ligeras del echador","author":"caster","date":"agosto 2, 2017","format":false,"excerpt":"rueda ligera del echadorrueda peque\u00f1a del echador rueda del deber ligerotruckle peque\u00f1o ruedas r\u00edgidas del echadorrueda de goma gris del deber ligero Ruedas del echador de la PUrueda roja de la PU del deber ligero rueda trucklerueda peque\u00f1a del echador truckle del deber ligerotruckle peque\u00f1o ruedas del echadorrueda scafolding Truckle\u2026","rel":"","context":"Entrada similar ","block_context":{"text":"Entrada similar ","link":""},"img":{"alt_text":"","src":"","width":0,"height":0},"classes":[]},{"id":4068,"url":"https:\/\/castor-wheels.com\/es\/ruedas-de-trabajo-mediano\/","url_meta":{"origin":4079,"position":2},"title":"Ruedas del echador del deber medio","author":"caster","date":"agosto 2, 2017","format":false,"excerpt":"\u00a0 Ruedas del echador de la PU tipo de agujero de perno ruedas ruedas r\u00edgidas del echador diverso tama\u00f1o disponible ruedas giratorias del echador ruedas del echador del deber medio Ruedas de nylon del echador rueda del echador del deber medio Ruedas del echador de la PU rueda del echador\u2026","rel":"","context":"Entrada similar ","block_context":{"text":"Entrada similar ","link":""},"img":{"alt_text":"","src":"","width":0,"height":0},"classes":[]},{"id":3037,"url":"https:\/\/castor-wheels.com\/es\/casterwheels-3\/","url_meta":{"origin":4079,"position":3},"title":"Ruedas del echador","author":"caster","date":"julio 30, 2017","format":false,"excerpt":"\u00a0 Ruedas del echador de la PU rueda del echador de 6 \" ruedas r\u00edgidas del echador diverso tama\u00f1o disponible ruedas giratorias del echador ruedas resistentes estupendas de la PU del echador Ruedas de nylon del echador Rueda de nylon del echador Ruedas del echador del PA 5 \"rueda r\u00edgida\u2026","rel":"","context":"Entrada similar ","block_context":{"text":"Entrada similar ","link":""},"img":{"alt_text":"","src":"","width":0,"height":0},"classes":[]},{"id":3112,"url":"https:\/\/castor-wheels.com\/es\/pesado-aranceles-ruedas-ruedas\/","url_meta":{"origin":4079,"position":4},"title":"Ruedas de trabajo pesado","author":"caster","date":"agosto 2, 2017","format":false,"excerpt":"rueda industrial pesada de gomarueda de Heacy deber ruedas del echador r\u00edgidodiverso tama\u00f1o disponible las ruedas del echador del eslab\u00f3n giratorioSuper ruedas de PU de alta resistencia Ruedas del echador de la PURueda del echador de nylon rueda industrial pesada de gomarueda de Heacy deber ruedas de trabajo pesadorueda de\u2026","rel":"","context":"Entrada similar ","block_context":{"text":"Entrada similar ","link":""},"img":{"alt_text":"","src":"","width":0,"height":0},"classes":[]},{"id":4009,"url":"https:\/\/castor-wheels.com\/es\/ruedas-de-trabajo-pesado\/","url_meta":{"origin":4079,"position":5},"title":"Ruedas resistentes del echador","author":"caster","date":"agosto 2, 2017","format":false,"excerpt":"echador industrial pesado de gomarueda de deber de Heacy ruedas r\u00edgidas del echadordiverso tama\u00f1o disponible ruedas giratorias del echadorruedas resistentes estupendas de la PU del echador Ruedas del echador de la PURueda de nylon del echador echador industrial pesado de gomarueda de deber de Heacy ruedas resistentes del echadorrueda resistente\u2026","rel":"","context":"Entrada similar ","block_context":{"text":"Entrada similar ","link":""},"img":{"alt_text":"","src":"","width":0,"height":0},"classes":[]}],"_links":{"self":[{"href":"https:\/\/castor-wheels.com\/es\/wp-json\/wp\/v2\/pages\/4079","targetHints":{"allow":["GET"]}}],"collection":[{"href":"https:\/\/castor-wheels.com\/es\/wp-json\/wp\/v2\/pages"}],"about":[{"href":"https:\/\/castor-wheels.com\/es\/wp-json\/wp\/v2\/types\/page"}],"author":[{"embeddable":true,"href":"https:\/\/castor-wheels.com\/es\/wp-json\/wp\/v2\/users\/1"}],"replies":[{"embeddable":true,"href":"https:\/\/castor-wheels.com\/es\/wp-json\/wp\/v2\/comments?post=4079"}],"version-history":[{"count":0,"href":"https:\/\/castor-wheels.com\/es\/wp-json\/wp\/v2\/pages\/4079\/revisions"}],"wp:attachment":[{"href":"https:\/\/castor-wheels.com\/es\/wp-json\/wp\/v2\/media?parent=4079"}],"curies":[{"name":"wp","href":"https:\/\/api.w.org\/{rel}","templated":true}]}}