{"id":4123,"date":"2017-08-02T22:29:02","date_gmt":"2017-08-02T14:29:02","guid":{"rendered":"http:\/\/castor-wheels.com\/wordpress\/?page_id=1675"},"modified":"2017-08-02T22:29:02","modified_gmt":"2017-08-02T14:29:02","slug":"compra-carro-echador","status":"publish","type":"page","link":"https:\/\/castor-wheels.com\/es\/compra-carro-echador\/","title":{"rendered":"Echador del carro de compras"},"content":{"rendered":"<figure><img data-recalc-dims=\"1\" decoding=\"async\" src=\"https:\/\/i0.wp.com\/castor-wheels.com\/wp-content\/uploads\/2017\/08\/W182Blue-elastic-rubber-caster-.jpg?w=525\" alt=\"echador de goma el\u00e1stico\" title=\"W182Blue-el\u00e1stico-goma-Caster\"><\/figure>\n<h3>ruedas de goma del echador<\/h3>\n<p>rueda de carrito de compras<\/p>\n<figure><img data-recalc-dims=\"1\" decoding=\"async\" src=\"https:\/\/i0.wp.com\/castor-wheels.com\/wp-content\/uploads\/2017\/08\/W181Blue-elastic-rubber-caster-.jpg?w=525\" alt=\"Echador de goma el\u00e1stico azul\" title=\"W181Blue-el\u00e1stico-goma-Caster\"><\/figure>\n<h3>ruedas r\u00edgidas del echador<\/h3>\n<p>echador de goma el\u00e1stico<\/p>\n<figure><img data-recalc-dims=\"1\" decoding=\"async\" src=\"https:\/\/i0.wp.com\/castor-wheels.com\/wp-content\/uploads\/2017\/07\/light-duty24.jpg?w=525\" alt=\"rueda de goma del echador\" title=\"luz-duty24\"><\/figure>\n<h3>ruedas giratorias del echador<\/h3>\n<p>rueda de goma del echador<\/p>\n<figure><img data-recalc-dims=\"1\" decoding=\"async\" src=\"https:\/\/i0.wp.com\/castor-wheels.com\/wp-content\/uploads\/2017\/08\/W170-PA-caster.jpg?w=525\" alt=\"Rueda del echador del PA\" title=\"W170-PA-Caster\"><\/figure>\n<h3>Rueda del echador del par<\/h3>\n<p>echador del carro de compras<\/p>","protected":false},"excerpt":{"rendered":"<p>ruedas de goma del echador rueda de carrito de compras ruedas r\u00edgidas del echador echador de goma el\u00e1stico ruedas giratorias del echador rueda de goma del echador Rueda del echador del par echador del carro de compras<\/p>","protected":false},"author":1,"featured_media":0,"parent":0,"menu_order":0,"comment_status":"closed","ping_status":"closed","template":"","meta":{"footnotes":""},"class_list":["post-4123","page","type-page","status-publish","hentry"],"jetpack_sharing_enabled":true,"jetpack_shortlink":"https:\/\/wp.me\/P96XZu-14v","jetpack-related-posts":[{"id":3119,"url":"https:\/\/castor-wheels.com\/es\/industrial-ruedas-giratorias\/","url_meta":{"origin":4123,"position":0},"title":"Ruedas industriales del echador","author":"caster","date":"agosto 2, 2017","format":false,"excerpt":"ruedas de nylon del echadorrueda industrial rueda industrialdiverso tama\u00f1o disponible ruedas giratorias del echadorruedas resistentes estupendas de la PU del echador Ruedas de nylon del echadorRueda de nylon del echador rueda de goma resistenterueda industrial rueda industrialdiverso tama\u00f1o disponible ruedas giratorias del echadorruedas resistentes estupendas de la PU del echador\u2026","rel":"","context":"Entrada similar ","block_context":{"text":"Entrada similar ","link":""},"img":{"alt_text":"","src":"","width":0,"height":0},"classes":[]},{"id":4167,"url":"https:\/\/castor-wheels.com\/es\/ruedas-de-goma\/","url_meta":{"origin":4123,"position":1},"title":"Rueda de goma del echador","author":"caster","date":"agosto 2, 2017","format":false,"excerpt":"ruedas de goma del echadordiverso tama\u00f1o disponible ruedas giratorias del echadorechador de goma el\u00e1stico Neum\u00e1ticoRueda neum\u00e1tica del neum\u00e1tico base interior de la rueda de goma PPrueda de goma del echador ruedas de goma del echadorrueda de goma con el borde de oro ruedas giratorias del echadorechador de goma el\u00e1stico echador\u2026","rel":"","context":"Entrada similar ","block_context":{"text":"Entrada similar ","link":""},"img":{"alt_text":"","src":"","width":0,"height":0},"classes":[]},{"id":3037,"url":"https:\/\/castor-wheels.com\/es\/casterwheels-3\/","url_meta":{"origin":4123,"position":2},"title":"Ruedas del echador","author":"caster","date":"julio 30, 2017","format":false,"excerpt":"\u00a0 Ruedas del echador de la PU rueda del echador de 6 \" ruedas r\u00edgidas del echador diverso tama\u00f1o disponible ruedas giratorias del echador ruedas resistentes estupendas de la PU del echador Ruedas de nylon del echador Rueda de nylon del echador Ruedas del echador del PA 5 \"rueda r\u00edgida\u2026","rel":"","context":"Entrada similar ","block_context":{"text":"Entrada similar ","link":""},"img":{"alt_text":"","src":"","width":0,"height":0},"classes":[]},{"id":4181,"url":"https:\/\/castor-wheels.com\/es\/caucho-en-hierro-echador\/","url_meta":{"origin":4123,"position":3},"title":"Caucho en el echador del hierro","author":"caster","date":"agosto 2, 2017","format":false,"excerpt":"ruedas de goma del echadordiverso tama\u00f1o disponibleruedas r\u00edgidas del echadorechador de goma el\u00e1stico ruedas giratorias del echador rueda de goma del echadorechador de gomadiverso tama\u00f1o disponible ruedas de goma del echador ruedas de goma resistentesruedas de goma del echadorruedas de goma del echadorrueda de goma del echador","rel":"","context":"Entrada similar ","block_context":{"text":"Entrada similar ","link":""},"img":{"alt_text":"","src":"","width":0,"height":0},"classes":[]},{"id":4055,"url":"https:\/\/castor-wheels.com\/es\/medico-ruedas-giratorias\/","url_meta":{"origin":4123,"position":4},"title":"Ruedas m\u00e9dicas del echador","author":"caster","date":"agosto 2, 2017","format":false,"excerpt":"rueda m\u00e9dica del echadordiverso tama\u00f1o disponible ruedas del echador del hospitalechador m\u00e9dico ruedas giratorias del echadorrueda del echador del hospital rueda de goma gris del echadorechador de goma r\u00edgido cama de hospital Castorrueda del echador del hospital ruedas del echador del hospitalechador de goma del hospital ruedas r\u00edgidas del echadorrueda\u2026","rel":"","context":"Entrada similar ","block_context":{"text":"Entrada similar ","link":""},"img":{"alt_text":"","src":"","width":0,"height":0},"classes":[]},{"id":4590,"url":"https:\/\/castor-wheels.com\/es\/medico-ruedas-giratorias-2\/","url_meta":{"origin":4123,"position":5},"title":"Ruedas m\u00e9dicas del echador","author":"caster","date":"agosto 2, 2017","format":false,"excerpt":"rueda m\u00e9dica del echadordiverso tama\u00f1o disponible ruedas del echador del hospitalechador m\u00e9dico ruedas giratorias del echadorrueda del echador del hospital rueda de goma gris del echadorechador de goma r\u00edgido cama de hospital Castorrueda del echador del hospital ruedas del echador del hospitalechador de goma del hospital ruedas r\u00edgidas del echadorrueda\u2026","rel":"","context":"Entrada similar ","block_context":{"text":"Entrada similar ","link":""},"img":{"alt_text":"","src":"","width":0,"height":0},"classes":[]}],"_links":{"self":[{"href":"https:\/\/castor-wheels.com\/es\/wp-json\/wp\/v2\/pages\/4123","targetHints":{"allow":["GET"]}}],"collection":[{"href":"https:\/\/castor-wheels.com\/es\/wp-json\/wp\/v2\/pages"}],"about":[{"href":"https:\/\/castor-wheels.com\/es\/wp-json\/wp\/v2\/types\/page"}],"author":[{"embeddable":true,"href":"https:\/\/castor-wheels.com\/es\/wp-json\/wp\/v2\/users\/1"}],"replies":[{"embeddable":true,"href":"https:\/\/castor-wheels.com\/es\/wp-json\/wp\/v2\/comments?post=4123"}],"version-history":[{"count":0,"href":"https:\/\/castor-wheels.com\/es\/wp-json\/wp\/v2\/pages\/4123\/revisions"}],"wp:attachment":[{"href":"https:\/\/castor-wheels.com\/es\/wp-json\/wp\/v2\/media?parent=4123"}],"curies":[{"name":"wp","href":"https:\/\/api.w.org\/{rel}","templated":true}]}}