{"id":4167,"date":"2017-08-02T22:36:33","date_gmt":"2017-08-02T14:36:33","guid":{"rendered":"http:\/\/castor-wheels.com\/wordpress\/?page_id=1683"},"modified":"2017-08-02T22:36:33","modified_gmt":"2017-08-02T14:36:33","slug":"ruedas-de-goma","status":"publish","type":"page","link":"https:\/\/castor-wheels.com\/es\/ruedas-de-goma\/","title":{"rendered":"Rueda de goma del echador"},"content":{"rendered":"<figure><img data-recalc-dims=\"1\" decoding=\"async\" src=\"https:\/\/i0.wp.com\/castor-wheels.com\/wp-content\/uploads\/2017\/07\/light-duty25.jpg?w=525\" alt=\"rueda de goma del echador\" title=\"rueda de goma del echador\"><\/figure>\n<h3>ruedas de goma del echador<\/h3>\n<p>diverso tama\u00f1o disponible<\/p>\n<figure><img data-recalc-dims=\"1\" decoding=\"async\" src=\"https:\/\/i0.wp.com\/castor-wheels.com\/wp-content\/uploads\/2017\/08\/W180Blue-elastic-rubber-caster-.jpg?w=525\" alt=\"echador de goma el\u00e1stico\" title=\"W180-goma-Caster\"><\/figure>\n<h3>ruedas giratorias del echador<\/h3>\n<p>echador de goma el\u00e1stico<\/p>\n<figure><img data-recalc-dims=\"1\" decoding=\"async\" src=\"https:\/\/i0.wp.com\/castor-wheels.com\/wp-content\/uploads\/2017\/08\/W190-Pneumatic-Tire.jpg?w=525\" alt=\"Neum\u00e1tico\" title=\"W190-neum\u00e1tico-neum\u00e1tico\"><\/figure>\n<h3>Neum\u00e1tico<\/h3>\n<p>Rueda neum\u00e1tica del neum\u00e1tico<\/p>\n<figure><img data-recalc-dims=\"1\" decoding=\"async\" src=\"https:\/\/i0.wp.com\/castor-wheels.com\/wp-content\/uploads\/2017\/08\/W93-rubber-wheel-1.jpg?w=525\" alt=\"rueda de goma\" title=\"W93-rueda de goma\"><\/figure>\n<h3>base interior de la rueda de goma PP<\/h3>\n<p>rueda de goma del echador<\/p>\n<figure><img data-recalc-dims=\"1\" decoding=\"async\" src=\"https:\/\/i0.wp.com\/castor-wheels.com\/wp-content\/uploads\/2017\/08\/W177-rubber-wheel.jpg?w=525\" alt=\"rueda de goma\" title=\"Rueda de goma de W177\"><\/figure>\n<h3>ruedas de goma del echador<\/h3>\n<p>rueda de goma con el borde de oro<\/p>\n<figure><img data-recalc-dims=\"1\" decoding=\"async\" src=\"https:\/\/i0.wp.com\/castor-wheels.com\/wp-content\/uploads\/2017\/08\/W182Blue-elastic-rubber-caster-.jpg?w=525\" alt=\"echador de goma el\u00e1stico\" title=\"W182Blue-el\u00e1stico-goma-Caster\"><\/figure>\n<h3>ruedas giratorias del echador<\/h3>\n<p>echador de goma el\u00e1stico<\/p>\n<figure><img data-recalc-dims=\"1\" decoding=\"async\" src=\"https:\/\/i0.wp.com\/castor-wheels.com\/wp-content\/uploads\/2017\/08\/W131-rubber-caster-1.jpg?w=525\" alt=\"echador de goma\" title=\"W131-goma-Caster\"><\/figure>\n<h3>echador de goma<\/h3>\n<p>rueda de goma del echador<\/p>\n<figure><img data-recalc-dims=\"1\" decoding=\"async\" src=\"https:\/\/i0.wp.com\/castor-wheels.com\/wp-content\/uploads\/2017\/08\/W96-rubber-wheel-1.jpg?w=525\" alt=\"rueda de goma\" title=\"W96-rueda de goma\"><\/figure>\n<h3>base interior de la rueda de goma PP<\/h3>\n<p>rueda de goma del echador<\/p>\n<figure><img data-recalc-dims=\"1\" decoding=\"async\" src=\"https:\/\/i0.wp.com\/castor-wheels.com\/wp-content\/uploads\/2017\/08\/W94-rubber-wheel-1.jpg?w=525\" alt=\"echador de goma\" title=\"W94-rueda de goma\"><\/figure>\n<h3>ruedas de goma del echador<\/h3>\n<p>rueda de goma con el borde de oro<\/p>\n<figure><img data-recalc-dims=\"1\" decoding=\"async\" src=\"https:\/\/i0.wp.com\/castor-wheels.com\/wp-content\/uploads\/2017\/08\/W74-Blue-elastic-rubber-caster-.jpg?w=525\" alt=\"echador de goma el\u00e1stico\" title=\"W74 azul-el\u00e1stico-goma-Caster\"><\/figure>\n<h3>ruedas giratorias del echador<\/h3>\n<p> echador de goma<\/p>\n<figure><img data-recalc-dims=\"1\" decoding=\"async\" src=\"https:\/\/i0.wp.com\/castor-wheels.com\/wp-content\/uploads\/2017\/08\/W123rubber-caster-brake-1.jpg?w=525\" alt=\"freno de goma del echador\" title=\"W123rubber-echador-freno\"><\/figure>\n<h3>echador de goma<\/h3>\n<p>rueda de goma del echador<\/p>\n<figure><img data-recalc-dims=\"1\" decoding=\"async\" src=\"https:\/\/i0.wp.com\/castor-wheels.com\/wp-content\/uploads\/2017\/08\/W32-rubber-wheel.jpg?w=525\" alt=\"rueda de goma\" title=\"W32-rueda de goma\"><\/figure>\n<h3>rueda de goma <\/h3>\n<p>rueda de goma marco rojo<\/p>\n<figure><img data-recalc-dims=\"1\" decoding=\"async\" src=\"https:\/\/i0.wp.com\/castor-wheels.com\/wp-content\/uploads\/2017\/08\/W145-heavy-duty-rubber.jpg?w=525\" alt=\"rueda de goma resistente\" title=\"W145-resistente-caucho\"><\/figure>\n<h3>ruedas de goma del echador<\/h3>\n<p>rueda de goma<\/p>\n<figure><img data-recalc-dims=\"1\" decoding=\"async\" src=\"https:\/\/i0.wp.com\/castor-wheels.com\/wp-content\/uploads\/2017\/08\/W36-rubber-wheel.jpg?w=525\" alt=\"rueda de goma\" title=\"W36-rueda de goma\"><\/figure>\n<h3>ruedas de goma<\/h3>\n<p>marco de hierro de la rueda de goma<\/p>\n<figure><img data-recalc-dims=\"1\" decoding=\"async\" src=\"https:\/\/i0.wp.com\/castor-wheels.com\/wp-content\/uploads\/2017\/08\/W40-rubber-wheel.jpg?w=525\" alt=\"rueda de goma\" title=\"W40-rueda de goma\"><\/figure>\n<h3>echador de goma<\/h3>\n<p>rueda de goma del echador<\/p>\n<figure><img data-recalc-dims=\"1\" decoding=\"async\" src=\"https:\/\/i0.wp.com\/castor-wheels.com\/wp-content\/uploads\/2017\/08\/W38-rubber-wheel.jpg?w=525\" alt=\"rueda de goma\" title=\"W38-rueda de goma\"><\/figure>\n<h3>rueda de goma <\/h3>\n<p>rueda de goma<\/p>","protected":false},"excerpt":{"rendered":"<p>ruedas de goma del echador diverso tama\u00f1o disponible ruedas giratorias del echador echador de goma el\u00e1stico Neum\u00e1tico Rueda neum\u00e1tica del neum\u00e1tico base interior de la rueda de goma PP rueda de goma del echador ruedas de goma del echador rueda de goma con el borde de oro ruedas giratorias del echador echador de goma el\u00e1stico [&hellip;]<\/p>\n","protected":false},"author":1,"featured_media":0,"parent":0,"menu_order":0,"comment_status":"closed","ping_status":"closed","template":"","meta":{"footnotes":""},"class_list":["post-4167","page","type-page","status-publish","hentry"],"jetpack_sharing_enabled":true,"jetpack_shortlink":"https:\/\/wp.me\/P96XZu-15d","jetpack-related-posts":[{"id":4181,"url":"https:\/\/castor-wheels.com\/es\/caucho-en-hierro-echador\/","url_meta":{"origin":4167,"position":0},"title":"Caucho en el echador del hierro","author":"caster","date":"agosto 2, 2017","format":false,"excerpt":"ruedas de goma del echadordiverso tama\u00f1o disponibleruedas r\u00edgidas del echadorechador de goma el\u00e1stico ruedas giratorias del echador rueda de goma del echadorechador de gomadiverso tama\u00f1o disponible ruedas de goma del echador ruedas de goma resistentesruedas de goma del echadorruedas de goma del echadorrueda de goma del echador","rel":"","context":"Entrada similar ","block_context":{"text":"Entrada similar ","link":""},"img":{"alt_text":"","src":"","width":0,"height":0},"classes":[]},{"id":4055,"url":"https:\/\/castor-wheels.com\/es\/medico-ruedas-giratorias\/","url_meta":{"origin":4167,"position":1},"title":"Ruedas m\u00e9dicas del echador","author":"caster","date":"agosto 2, 2017","format":false,"excerpt":"rueda m\u00e9dica del echadordiverso tama\u00f1o disponible ruedas del echador del hospitalechador m\u00e9dico ruedas giratorias del echadorrueda del echador del hospital rueda de goma gris del echadorechador de goma r\u00edgido cama de hospital Castorrueda del echador del hospital ruedas del echador del hospitalechador de goma del hospital ruedas r\u00edgidas del echadorrueda\u2026","rel":"","context":"Entrada similar ","block_context":{"text":"Entrada similar ","link":""},"img":{"alt_text":"","src":"","width":0,"height":0},"classes":[]},{"id":4590,"url":"https:\/\/castor-wheels.com\/es\/medico-ruedas-giratorias-2\/","url_meta":{"origin":4167,"position":2},"title":"Ruedas m\u00e9dicas del echador","author":"caster","date":"agosto 2, 2017","format":false,"excerpt":"rueda m\u00e9dica del echadordiverso tama\u00f1o disponible ruedas del echador del hospitalechador m\u00e9dico ruedas giratorias del echadorrueda del echador del hospital rueda de goma gris del echadorechador de goma r\u00edgido cama de hospital Castorrueda del echador del hospital ruedas del echador del hospitalechador de goma del hospital ruedas r\u00edgidas del echadorrueda\u2026","rel":"","context":"Entrada similar ","block_context":{"text":"Entrada similar ","link":""},"img":{"alt_text":"","src":"","width":0,"height":0},"classes":[]},{"id":4123,"url":"https:\/\/castor-wheels.com\/es\/compra-carro-echador\/","url_meta":{"origin":4167,"position":3},"title":"Echador del carro de compras","author":"caster","date":"agosto 2, 2017","format":false,"excerpt":"ruedas de goma del echadorrueda de carrito de compras ruedas r\u00edgidas del echadorechador de goma el\u00e1stico ruedas giratorias del echadorrueda de goma del echador Rueda del echador del parechador del carro de compras","rel":"","context":"Entrada similar ","block_context":{"text":"Entrada similar ","link":""},"img":{"alt_text":"","src":"","width":0,"height":0},"classes":[]},{"id":3112,"url":"https:\/\/castor-wheels.com\/es\/pesado-aranceles-ruedas-ruedas\/","url_meta":{"origin":4167,"position":4},"title":"Ruedas de trabajo pesado","author":"caster","date":"agosto 2, 2017","format":false,"excerpt":"rueda industrial pesada de gomarueda de Heacy deber ruedas del echador r\u00edgidodiverso tama\u00f1o disponible las ruedas del echador del eslab\u00f3n giratorioSuper ruedas de PU de alta resistencia Ruedas del echador de la PURueda del echador de nylon rueda industrial pesada de gomarueda de Heacy deber ruedas de trabajo pesadorueda de\u2026","rel":"","context":"Entrada similar ","block_context":{"text":"Entrada similar ","link":""},"img":{"alt_text":"","src":"","width":0,"height":0},"classes":[]},{"id":4009,"url":"https:\/\/castor-wheels.com\/es\/ruedas-de-trabajo-pesado\/","url_meta":{"origin":4167,"position":5},"title":"Ruedas resistentes del echador","author":"caster","date":"agosto 2, 2017","format":false,"excerpt":"echador industrial pesado de gomarueda de deber de Heacy ruedas r\u00edgidas del echadordiverso tama\u00f1o disponible ruedas giratorias del echadorruedas resistentes estupendas de la PU del echador Ruedas del echador de la PURueda de nylon del echador echador industrial pesado de gomarueda de deber de Heacy ruedas resistentes del echadorrueda resistente\u2026","rel":"","context":"Entrada similar ","block_context":{"text":"Entrada similar ","link":""},"img":{"alt_text":"","src":"","width":0,"height":0},"classes":[]}],"_links":{"self":[{"href":"https:\/\/castor-wheels.com\/es\/wp-json\/wp\/v2\/pages\/4167","targetHints":{"allow":["GET"]}}],"collection":[{"href":"https:\/\/castor-wheels.com\/es\/wp-json\/wp\/v2\/pages"}],"about":[{"href":"https:\/\/castor-wheels.com\/es\/wp-json\/wp\/v2\/types\/page"}],"author":[{"embeddable":true,"href":"https:\/\/castor-wheels.com\/es\/wp-json\/wp\/v2\/users\/1"}],"replies":[{"embeddable":true,"href":"https:\/\/castor-wheels.com\/es\/wp-json\/wp\/v2\/comments?post=4167"}],"version-history":[{"count":0,"href":"https:\/\/castor-wheels.com\/es\/wp-json\/wp\/v2\/pages\/4167\/revisions"}],"wp:attachment":[{"href":"https:\/\/castor-wheels.com\/es\/wp-json\/wp\/v2\/media?parent=4167"}],"curies":[{"name":"wp","href":"https:\/\/api.w.org\/{rel}","templated":true}]}}