{"id":4371,"date":"2017-08-02T22:38:53","date_gmt":"2017-08-02T14:38:53","guid":{"rendered":"http:\/\/castor-wheels.com\/wordpress\/?page_id=1687"},"modified":"2017-08-02T22:38:53","modified_gmt":"2017-08-02T14:38:53","slug":"carretilla-de-mano-carro-2","status":"publish","type":"page","link":"https:\/\/castor-wheels.com\/es\/carretilla-de-mano-carro-2\/","title":{"rendered":"Carretilla del carro de mano"},"content":{"rendered":"<figure><img data-recalc-dims=\"1\" decoding=\"async\" src=\"https:\/\/i0.wp.com\/castor-wheels.com\/wp-content\/uploads\/2017\/09\/foldable-troley-b-wheel-2-1.jpg?w=525\" alt=\"carro de mano\" title=\"plegable-troley-b-wheel-2\"><\/figure>\n<h3>troley plegable<\/h3>\n<p>carretilla plegable\/carro de mano<\/p>\n<figure><img data-recalc-dims=\"1\" decoding=\"async\" src=\"https:\/\/i0.wp.com\/castor-wheels.com\/wp-content\/uploads\/2017\/09\/foldable-troley-b-wheel-1.jpg?w=525\" alt=\"carretilla plegable\" title=\"plegable-troley-b-wheel\"><\/figure>\n<h3>carro de mano<\/h3>\n<p>carro de mano plegable<\/p>\n<figure><img data-recalc-dims=\"1\" decoding=\"async\" src=\"https:\/\/i0.wp.com\/castor-wheels.com\/wp-content\/uploads\/2017\/09\/sack-hand-truck.jpg?w=525\" alt=\"carro de mano del saco\" title=\"carro de mano del saco\"><\/figure>\n<h3>carro de mano del saco<\/h3>\n<p>cami\u00f3n de mano de entrega<\/p>\n<figure><img data-recalc-dims=\"1\" decoding=\"async\" src=\"https:\/\/i0.wp.com\/castor-wheels.com\/wp-content\/uploads\/2017\/09\/hand-truck-3.jpg?w=525\" alt=\"carro de mano de la nariz de pala\" title=\"mano Truck-3\"><\/figure>\n<h3>carro de mano de la nariz de pala<\/h3>\n<p>carro de mano al por menor<\/p>\n<figure><img data-recalc-dims=\"1\" decoding=\"async\" src=\"https:\/\/i0.wp.com\/castor-wheels.com\/wp-content\/uploads\/2017\/09\/foldable-trolley-1.jpg?w=525\" alt=\"carretilla movible de la mano\" title=\"carretilla plegable\"><\/figure>\n<h3>carros de plataforma<\/h3>\n<p>carretilla movible de la mano<\/p>\n<figure><img data-recalc-dims=\"1\" decoding=\"async\" src=\"https:\/\/i0.wp.com\/castor-wheels.com\/wp-content\/uploads\/2017\/09\/blue-troley-300-1.jpg?w=525\" alt=\"carretilla de mano de la plataforma\" title=\"azul-troley-300\"><\/figure>\n<h3>plataforma de camiones<\/h3>\n<p>carro de mano plegable<\/p>\n<figure><img data-recalc-dims=\"1\" decoding=\"async\" src=\"https:\/\/i0.wp.com\/castor-wheels.com\/wp-content\/uploads\/2017\/09\/hand-truck.jpg?w=525\" alt=\"carro de mano al por menor\" title=\"carro de mano\"><\/figure>\n<h3>carro de mano al por menor<\/h3>\n<p>carretillas de mano<\/p>\n<figure><img data-recalc-dims=\"1\" decoding=\"async\" src=\"https:\/\/i0.wp.com\/castor-wheels.com\/wp-content\/uploads\/2017\/09\/foldable-troley-300.jpg?w=525\" alt=\"troley plegable\" title=\"troley plegable-300\"><\/figure>\n<h3>carretilla de mano de la plataforma<\/h3>\n<p>carro de mano plegable<\/p>\n<figure><img data-recalc-dims=\"1\" decoding=\"async\" src=\"https:\/\/i0.wp.com\/castor-wheels.com\/wp-content\/uploads\/2017\/09\/hand-truck-packing.jpg?w=525\" alt=\"embalaje del carro de mano\" title=\"embalaje del carro de mano\"><\/figure>\n<h3>carro de mano <\/h3>\n<p>carretilla plegable de la mano<\/p>\n<figure><img data-recalc-dims=\"1\" decoding=\"async\" src=\"https:\/\/i0.wp.com\/castor-wheels.com\/wp-content\/uploads\/2017\/09\/foldable-trolley-1.jpg?w=525\" alt=\"carretilla movible de la mano\" title=\"carretilla plegable\"><\/figure>\n<h3>plataforma de camiones<\/h3>\n<p>carro de mano plegable<\/p>\n<figure><img data-recalc-dims=\"1\" decoding=\"async\" src=\"https:\/\/i0.wp.com\/castor-wheels.com\/wp-content\/uploads\/2017\/09\/hand-truck-stock.jpg?w=525\" alt=\"carro de mano\" title=\"acci\u00f3n del carro de mano\"><\/figure>\n<h3>carro de mano al por menor<\/h3>\n<p>carretillas de mano<\/p>\n<figure><img data-recalc-dims=\"1\" decoding=\"async\" src=\"https:\/\/i0.wp.com\/castor-wheels.com\/wp-content\/uploads\/2017\/09\/foldable-troley-b-wheel-2-1.jpg?w=525\" alt=\"carro de mano\" title=\"plegable-troley-b-wheel-2\"><\/figure>\n<h3>carretilla de mano de la plataforma<\/h3>\n<p>carro de mano plegable<\/p>","protected":false},"excerpt":{"rendered":"<p>troley plegable carretilla plegable\/carro de mano carro de mano carro de mano plegable carro de mano del saco cami\u00f3n de mano de entrega carro de mano de la nariz de pala carro de mano al por menor carros de plataforma carretilla movible de la mano plataforma de camiones carro de mano plegable carro de mano [&hellip;]<\/p>\n","protected":false},"author":1,"featured_media":0,"parent":0,"menu_order":0,"comment_status":"closed","ping_status":"closed","template":"","meta":{"footnotes":""},"class_list":["post-4371","page","type-page","status-publish","hentry"],"jetpack_sharing_enabled":true,"jetpack_shortlink":"https:\/\/wp.me\/P96XZu-18v","jetpack-related-posts":[{"id":3999,"url":"https:\/\/castor-wheels.com\/es\/carretilla-de-mano-carro\/","url_meta":{"origin":4371,"position":0},"title":"Carretilla del carro de mano","author":"caster","date":"agosto 2, 2017","format":false,"excerpt":"troley plegablecarretilla plegable\/carro de mano carro de mano del sacoentrega de camiones de mano carros de plataformacarretilla movible de la mano pala de mano nariz de camionescarretilla de mano al por menor plataforma de camionescarro de mano plegablecarretilla de mano al por menorcarretillas de manoplataforma de mano de camionescarro de\u2026","rel":"","context":"Entrada similar ","block_context":{"text":"Entrada similar ","link":""},"img":{"alt_text":"hand truck","src":"https:\/\/i0.wp.com\/castor-wheels.com\/wp-content\/uploads\/2017\/09\/foldable-troley-b-wheel-2-1.jpg?resize=350%2C200","width":350,"height":200},"classes":[]},{"id":3929,"url":"https:\/\/castor-wheels.com\/es\/carretilla\/","url_meta":{"origin":4371,"position":1},"title":"Carretilla","author":"caster","date":"diciembre 3, 2017","format":false,"excerpt":"carretilla plegable\/carro de manocarro de mano carretilla de manocarro de mano plegable carro de mano del sacoentrega de camiones de mano pala de mano nariz de camionescarretilla de mano al por menor carros de plataformacarretilla movible de la mano plataforma de camionescarro de mano plegable carretilla de mano al por\u2026","rel":"","context":"Entrada similar ","block_context":{"text":"Entrada similar ","link":""},"img":{"alt_text":"hand truck","src":"https:\/\/i0.wp.com\/castor-wheels.com\/wp-content\/uploads\/2017\/09\/foldable-troley-b-wheel-2-1-150x150.jpg?resize=350%2C200&ssl=1","width":350,"height":200},"classes":[]},{"id":4372,"url":"https:\/\/castor-wheels.com\/es\/mano-plataforma-carro\/","url_meta":{"origin":4371,"position":2},"title":"Carretilla de paleta de la mano","author":"caster","date":"agosto 2, 2017","format":false,"excerpt":"carretilla de paleta de la manogato de la plataforma de la mano gato de la plataforma de la manocarro de paleta de nylon de la rueda embalaje de la plataforma de la mano6sets por palet rueda de gato de la plataformarueda de gato de la plataforma","rel":"","context":"Entrada similar ","block_context":{"text":"Entrada similar ","link":""},"img":{"alt_text":"","src":"","width":0,"height":0},"classes":[]},{"id":3989,"url":"https:\/\/castor-wheels.com\/es\/hand-palet-truck\/","url_meta":{"origin":4371,"position":3},"title":"Carretilla de paleta de mano","author":"caster","date":"agosto 2, 2017","format":false,"excerpt":"carretilla de paleta de manogato de la paleta de la mano gato de la paleta de la manocarro de plataforma de nylon de la rueda embalaje de la plataforma de la mano6sets por palet rueda de gato de la plataformarueda de gato de la plataforma","rel":"","context":"Entrada similar ","block_context":{"text":"Entrada similar ","link":""},"img":{"alt_text":"","src":"","width":0,"height":0},"classes":[]},{"id":3098,"url":"https:\/\/castor-wheels.com\/es\/transpaleta-manual\/","url_meta":{"origin":4371,"position":4},"title":"Transpaleta manual","author":"caster","date":"agosto 2, 2017","format":false,"excerpt":"Transpaleta manualTranspaleta de mano Transpaleta de manocarro de plataforma de rueda de nylon embalaje de la plataforma de mano6sets por la plataforma rueda de pallet jackrueda de pallet jack","rel":"","context":"Entrada similar ","block_context":{"text":"Entrada similar ","link":""},"img":{"alt_text":"","src":"","width":0,"height":0},"classes":[]},{"id":3091,"url":"https:\/\/castor-wheels.com\/es\/mano-paleta-camion-detalle\/","url_meta":{"origin":4371,"position":5},"title":"carretilla de paleta de la mano","author":"caster","date":"julio 25, 2017","format":false,"excerpt":"carretilla de paleta de la mano Descripci\u00f3n: gato de la plataforma de la mano\/carro de plataforma de la mano Caracter\u00edsticas: Manija f\u00e1cil del control de 3 posiciones--suba, baje, neutral. pedal. 2. Bomba de fundici\u00f3n integrada sin soldadura, con sistema de sobrecarga y bypass de seguridad 3. Opciones de la rueda:\u2026","rel":"","context":"Entrada similar ","block_context":{"text":"Entrada similar ","link":""},"img":{"alt_text":"gato de la plataforma de la mano","src":"https:\/\/i0.wp.com\/castor-wheels.com\/wp-content\/uploads\/2017\/08\/pallet-truck-s.jpg?resize=350%2C200","width":350,"height":200},"classes":[]}],"_links":{"self":[{"href":"https:\/\/castor-wheels.com\/es\/wp-json\/wp\/v2\/pages\/4371","targetHints":{"allow":["GET"]}}],"collection":[{"href":"https:\/\/castor-wheels.com\/es\/wp-json\/wp\/v2\/pages"}],"about":[{"href":"https:\/\/castor-wheels.com\/es\/wp-json\/wp\/v2\/types\/page"}],"author":[{"embeddable":true,"href":"https:\/\/castor-wheels.com\/es\/wp-json\/wp\/v2\/users\/1"}],"replies":[{"embeddable":true,"href":"https:\/\/castor-wheels.com\/es\/wp-json\/wp\/v2\/comments?post=4371"}],"version-history":[{"count":0,"href":"https:\/\/castor-wheels.com\/es\/wp-json\/wp\/v2\/pages\/4371\/revisions"}],"wp:attachment":[{"href":"https:\/\/castor-wheels.com\/es\/wp-json\/wp\/v2\/media?parent=4371"}],"curies":[{"name":"wp","href":"https:\/\/api.w.org\/{rel}","templated":true}]}}