{"id":4372,"date":"2017-08-02T22:39:33","date_gmt":"2017-08-02T14:39:33","guid":{"rendered":"http:\/\/castor-wheels.com\/wordpress\/?page_id=1689"},"modified":"2017-08-02T22:39:33","modified_gmt":"2017-08-02T14:39:33","slug":"mano-plataforma-carro","status":"publish","type":"page","link":"https:\/\/castor-wheels.com\/es\/mano-plataforma-carro\/","title":{"rendered":"Carretilla de paleta de la mano"},"content":{"rendered":"<figure><a href=\"\/es\/hand-pallet-truck-detail\/\"><img data-recalc-dims=\"1\" decoding=\"async\" src=\"https:\/\/i0.wp.com\/castor-wheels.com\/wp-content\/uploads\/2017\/08\/hand-pallet-truck-nylon.jpg?w=525\" alt=\"carretilla de la plataforma de la mano-rueda de nylon\" title=\"mano-plataforma-carro-nil\u00f3n\"><\/a><\/figure>\n<h3><a href=\"\/es\/hand-pallet-truck-detail\/\">carretilla de paleta de la mano<\/a><\/h3>\n<p>gato de la plataforma de la mano<\/p>\n<figure><a href=\"\/es\/hand-pallet-truck-detail\/\"><img data-recalc-dims=\"1\" decoding=\"async\" src=\"https:\/\/i0.wp.com\/castor-wheels.com\/wp-content\/uploads\/2017\/08\/pallet-truck-s.jpg?w=525\" alt=\"gato de la plataforma de la mano\" title=\"palet-Truck-s\"><\/a><\/figure>\n<h3><a href=\"\/es\/hand-pallet-truck-detail\/\">gato de la plataforma de la mano<\/a><\/h3>\n<p>carro de paleta de nylon de la rueda<\/p>\n<figure><img data-recalc-dims=\"1\" decoding=\"async\" src=\"https:\/\/i0.wp.com\/castor-wheels.com\/wp-content\/uploads\/2017\/08\/pallet-truck-packing-s.jpg?w=525\" alt=\"embalaje del carro de la plataforma\" title=\"Pallet-Jack-embalaje\"><\/figure>\n<h3>embalaje de la plataforma de la mano<\/h3>\n<p>6sets por palet<\/p>\n<figure><img data-recalc-dims=\"1\" decoding=\"async\" src=\"https:\/\/i0.wp.com\/castor-wheels.com\/wp-content\/uploads\/2017\/08\/pallet-truck-wheel.jpg?w=525\" alt=\"rueda de gato de la plataforma\" title=\"paleta-carro-rueda\"><\/figure>\n<h3>rueda de gato de la plataforma<\/h3>\n<p>rueda de gato de la plataforma<\/p>","protected":false},"excerpt":{"rendered":"<p>carretilla de paleta de la mano gato de la plataforma de la mano gato de la plataforma de la mano carro de paleta de nylon de la rueda embalaje de la plataforma de la mano 6sets por palet rueda de gato de la plataforma rueda de gato de la plataforma<\/p>","protected":false},"author":1,"featured_media":0,"parent":0,"menu_order":0,"comment_status":"closed","ping_status":"closed","template":"","meta":{"footnotes":""},"class_list":["post-4372","page","type-page","status-publish","hentry"],"jetpack_sharing_enabled":true,"jetpack_shortlink":"https:\/\/wp.me\/P96XZu-18w","jetpack-related-posts":[{"id":3989,"url":"https:\/\/castor-wheels.com\/es\/hand-palet-truck\/","url_meta":{"origin":4372,"position":0},"title":"Carretilla de paleta de mano","author":"caster","date":"agosto 2, 2017","format":false,"excerpt":"carretilla de paleta de manogato de la paleta de la mano gato de la paleta de la manocarro de plataforma de nylon de la rueda embalaje de la plataforma de la mano6sets por palet rueda de gato de la plataformarueda de gato de la plataforma","rel":"","context":"Entrada similar ","block_context":{"text":"Entrada similar ","link":""},"img":{"alt_text":"","src":"","width":0,"height":0},"classes":[]},{"id":3091,"url":"https:\/\/castor-wheels.com\/es\/mano-paleta-camion-detalle\/","url_meta":{"origin":4372,"position":1},"title":"carretilla de paleta de la mano","author":"caster","date":"julio 25, 2017","format":false,"excerpt":"carretilla de paleta de la mano Descripci\u00f3n: gato de la plataforma de la mano\/carro de plataforma de la mano Caracter\u00edsticas: Manija f\u00e1cil del control de 3 posiciones--suba, baje, neutral. pedal. 2. Bomba de fundici\u00f3n integrada sin soldadura, con sistema de sobrecarga y bypass de seguridad 3. Opciones de la rueda:\u2026","rel":"","context":"Entrada similar ","block_context":{"text":"Entrada similar ","link":""},"img":{"alt_text":"gato de la plataforma de la mano","src":"https:\/\/i0.wp.com\/castor-wheels.com\/wp-content\/uploads\/2017\/08\/pallet-truck-s.jpg?resize=350%2C200","width":350,"height":200},"classes":[]},{"id":3929,"url":"https:\/\/castor-wheels.com\/es\/carretilla\/","url_meta":{"origin":4372,"position":2},"title":"Carretilla","author":"caster","date":"diciembre 3, 2017","format":false,"excerpt":"carretilla plegable\/carro de manocarro de mano carretilla de manocarro de mano plegable carro de mano del sacoentrega de camiones de mano pala de mano nariz de camionescarretilla de mano al por menor carros de plataformacarretilla movible de la mano plataforma de camionescarro de mano plegable carretilla de mano al por\u2026","rel":"","context":"Entrada similar ","block_context":{"text":"Entrada similar ","link":""},"img":{"alt_text":"hand truck","src":"https:\/\/i0.wp.com\/castor-wheels.com\/wp-content\/uploads\/2017\/09\/foldable-troley-b-wheel-2-1-150x150.jpg?resize=350%2C200&ssl=1","width":350,"height":200},"classes":[]},{"id":3999,"url":"https:\/\/castor-wheels.com\/es\/carretilla-de-mano-carro\/","url_meta":{"origin":4372,"position":3},"title":"Carretilla del carro de mano","author":"caster","date":"agosto 2, 2017","format":false,"excerpt":"troley plegablecarretilla plegable\/carro de mano carro de mano del sacoentrega de camiones de mano carros de plataformacarretilla movible de la mano pala de mano nariz de camionescarretilla de mano al por menor plataforma de camionescarro de mano plegablecarretilla de mano al por menorcarretillas de manoplataforma de mano de camionescarro de\u2026","rel":"","context":"Entrada similar ","block_context":{"text":"Entrada similar ","link":""},"img":{"alt_text":"hand truck","src":"https:\/\/i0.wp.com\/castor-wheels.com\/wp-content\/uploads\/2017\/09\/foldable-troley-b-wheel-2-1.jpg?resize=350%2C200","width":350,"height":200},"classes":[]},{"id":4461,"url":"https:\/\/castor-wheels.com\/es\/carretilla-rueda\/","url_meta":{"origin":4372,"position":4},"title":"Ruedas de la carretilla","author":"caster","date":"marzo 30, 2018","format":false,"excerpt":"\u00a0 Ruedas del echador de la PU ruedas de la carretilla ruedas r\u00edgidas del echador rueda troley ruedas giratorias del echador ruedas de carretilla medianas Ruedas de nylon del echador rueda r\u00edgida de la carretilla Ruedas del echador de la PU rueda movible de la carretilla ruedas r\u00edgidas del echador\u2026","rel":"","context":"Entrada similar ","block_context":{"text":"Entrada similar ","link":""},"img":{"alt_text":"","src":"","width":0,"height":0},"classes":[]},{"id":4105,"url":"https:\/\/castor-wheels.com\/es\/carretilla-2\/","url_meta":{"origin":4372,"position":5},"title":"Carretilla","author":"caster","date":"agosto 2, 2017","format":false,"excerpt":"carrito de supermercadocarrito de supermercado carrito de comprascarrito de la compra carretilla del hospitalcarrito m\u00e9dico carrito de supermercadocarrito de supermercado","rel":"","context":"Entrada similar ","block_context":{"text":"Entrada similar ","link":""},"img":{"alt_text":"","src":"","width":0,"height":0},"classes":[]}],"_links":{"self":[{"href":"https:\/\/castor-wheels.com\/es\/wp-json\/wp\/v2\/pages\/4372","targetHints":{"allow":["GET"]}}],"collection":[{"href":"https:\/\/castor-wheels.com\/es\/wp-json\/wp\/v2\/pages"}],"about":[{"href":"https:\/\/castor-wheels.com\/es\/wp-json\/wp\/v2\/types\/page"}],"author":[{"embeddable":true,"href":"https:\/\/castor-wheels.com\/es\/wp-json\/wp\/v2\/users\/1"}],"replies":[{"embeddable":true,"href":"https:\/\/castor-wheels.com\/es\/wp-json\/wp\/v2\/comments?post=4372"}],"version-history":[{"count":0,"href":"https:\/\/castor-wheels.com\/es\/wp-json\/wp\/v2\/pages\/4372\/revisions"}],"wp:attachment":[{"href":"https:\/\/castor-wheels.com\/es\/wp-json\/wp\/v2\/media?parent=4372"}],"curies":[{"name":"wp","href":"https:\/\/api.w.org\/{rel}","templated":true}]}}