{"id":4381,"date":"2017-08-02T22:26:26","date_gmt":"2017-08-02T14:26:26","guid":{"rendered":"http:\/\/castor-wheels.com\/wordpress\/?page_id=1669"},"modified":"2017-08-02T22:26:26","modified_gmt":"2017-08-02T14:26:26","slug":"alto-temperatura-echador","status":"publish","type":"page","link":"https:\/\/castor-wheels.com\/es\/alto-temperatura-echador\/","title":{"rendered":"Echador de alta temperatura"},"content":{"rendered":"<figure><img data-recalc-dims=\"1\" decoding=\"async\" src=\"https:\/\/i0.wp.com\/castor-wheels.com\/wp-content\/uploads\/2017\/08\/W20-heat-resistant.jpg?w=525\" alt=\"rueda resistente al calor\" title=\"W20 \u2013 resistente\"><\/figure>\n<h3>rueda resistente al calor<\/h3>\n<p>rueda de alta temperatura<\/p>\n<figure><img data-recalc-dims=\"1\" decoding=\"async\" src=\"https:\/\/i0.wp.com\/castor-wheels.com\/wp-content\/uploads\/2017\/08\/W16-heat-resistan-1.jpg?w=525\" alt=\"rueda resistente al calor\" title=\"W16-resistente al calor\"><\/figure>\n<h3>ruedas giratorias<\/h3>\n<p>rueda resistente al calor<\/p>\n<figure><img data-recalc-dims=\"1\" decoding=\"async\" src=\"https:\/\/i0.wp.com\/castor-wheels.com\/wp-content\/uploads\/2017\/08\/W140-cast-iron-caster.jpg?w=525\" alt=\"echador del arrabio\" title=\"W140-Cast-iron-Caster\"><\/figure>\n<h3>echador del arrabio<\/h3>\n<p>echador del arrabio<\/p>\n<figure><img data-recalc-dims=\"1\" decoding=\"async\" src=\"https:\/\/i0.wp.com\/castor-wheels.com\/wp-content\/uploads\/2017\/08\/W137-cast-iron-caster.jpg?w=525\" alt=\"echador del arrabio\" title=\"W137-Cast-iron-Caster\"><\/figure>\n<h3> rueda resistente del echador<\/h3>\n<p>echador d\u00factil del hierro<\/p>\n<figure><img data-recalc-dims=\"1\" decoding=\"async\" src=\"https:\/\/i0.wp.com\/castor-wheels.com\/wp-content\/uploads\/2017\/08\/heat-resistant02.jpg?w=525\" alt=\"rueda a prueba de calor del echador\" title=\"a prueba de calor\"><\/figure>\n<h3>rueda resistente al calor<\/h3>\n<p>rueda de alta temperatura<\/p>\n<figure><img data-recalc-dims=\"1\" decoding=\"async\" src=\"https:\/\/i0.wp.com\/castor-wheels.com\/wp-content\/uploads\/2017\/08\/heat-resistant01.jpg?w=525\" alt=\"rueda a prueba de calor del echador\" title=\"a prueba de calor\"><\/figure>\n<h3>ruedas giratorias<\/h3>\n<p>rueda resistente al calor<\/p>\n<figure><img data-recalc-dims=\"1\" decoding=\"async\" src=\"https:\/\/i0.wp.com\/castor-wheels.com\/wp-content\/uploads\/2017\/08\/W187-PU-wheel-PP-core.jpg?w=525\" alt=\"Rueda de la PU de la base de los PP\" title=\"W187-PU-wheel-PP-Core\"><\/figure>\n<h3>echador del arrabio<\/h3>\n<p>rueda de alta temperatura<\/p>\n<figure><img data-recalc-dims=\"1\" decoding=\"async\" src=\"https:\/\/i0.wp.com\/castor-wheels.com\/wp-content\/uploads\/2017\/08\/W132-rubber-caster-1.jpg?w=525\" alt=\"Echador del caucho de W132\" title=\"Echador del caucho de W132\"><\/figure>\n<h3> rueda resistente del echador<\/h3>\n<p>rueda de alta temperatura<\/p>","protected":false},"excerpt":{"rendered":"<p>rueda resistente al calor rueda de alta temperatura ruedas giratorias rueda resistente al calor echador del arrabio echador del arrabio rueda resistente del echador echador d\u00factil del hierro rueda resistente al calor rueda de alta temperatura ruedas giratorias rueda resistente al calor echador del arrabio rueda de alta temperatura rueda resistente del echador rueda de [&hellip;]<\/p>\n","protected":false},"author":1,"featured_media":0,"parent":0,"menu_order":0,"comment_status":"closed","ping_status":"closed","template":"","meta":{"footnotes":""},"class_list":["post-4381","page","type-page","status-publish","hentry"],"jetpack_sharing_enabled":true,"jetpack_shortlink":"https:\/\/wp.me\/P96XZu-18F","jetpack-related-posts":[{"id":4025,"url":"https:\/\/castor-wheels.com\/es\/alta-temperatura-echador\/","url_meta":{"origin":4381,"position":0},"title":"Echador de alta temperatura","author":"caster","date":"agosto 2, 2017","format":false,"excerpt":"rueda resistente al calorrueda de alta temperatura ruedas del echadorrueda resistente al calor echador del arrabioechador del arrabio rueda resistente del echadorfundici\u00f3n d\u00factil del hierro rueda resistente al calorrueda de alta temperatura ruedas del echadorrueda resistente al calor echador del arrabiorueda de alta temperatura rueda resistente del echadorrueda de alta\u2026","rel":"","context":"Entrada similar ","block_context":{"text":"Entrada similar ","link":""},"img":{"alt_text":"","src":"","width":0,"height":0},"classes":[]},{"id":3076,"url":"https:\/\/castor-wheels.com\/es\/extra-pesado-aranceles-caster\/","url_meta":{"origin":4381,"position":1},"title":"Extra resistente","author":"caster","date":"agosto 2, 2017","format":false,"excerpt":"Ruedas del echador de la PUrueda del echador resistente estupenda Ruedas del echador de la PUrueda extra pesados las ruedas del echador del eslab\u00f3n giratorioSuper ruedas de PU de alta resistencia Ruedas del echador de la PUrueda extra pesados","rel":"","context":"Entrada similar ","block_context":{"text":"Entrada similar ","link":""},"img":{"alt_text":"","src":"","width":0,"height":0},"classes":[]},{"id":3112,"url":"https:\/\/castor-wheels.com\/es\/pesado-aranceles-ruedas-ruedas\/","url_meta":{"origin":4381,"position":2},"title":"Ruedas de trabajo pesado","author":"caster","date":"agosto 2, 2017","format":false,"excerpt":"rueda industrial pesada de gomarueda de Heacy deber ruedas del echador r\u00edgidodiverso tama\u00f1o disponible las ruedas del echador del eslab\u00f3n giratorioSuper ruedas de PU de alta resistencia Ruedas del echador de la PURueda del echador de nylon rueda industrial pesada de gomarueda de Heacy deber ruedas de trabajo pesadorueda de\u2026","rel":"","context":"Entrada similar ","block_context":{"text":"Entrada similar ","link":""},"img":{"alt_text":"","src":"","width":0,"height":0},"classes":[]},{"id":4009,"url":"https:\/\/castor-wheels.com\/es\/ruedas-de-trabajo-pesado\/","url_meta":{"origin":4381,"position":3},"title":"Ruedas resistentes del echador","author":"caster","date":"agosto 2, 2017","format":false,"excerpt":"echador industrial pesado de gomarueda de deber de Heacy ruedas r\u00edgidas del echadordiverso tama\u00f1o disponible ruedas giratorias del echadorruedas resistentes estupendas de la PU del echador Ruedas del echador de la PURueda de nylon del echador echador industrial pesado de gomarueda de deber de Heacy ruedas resistentes del echadorrueda resistente\u2026","rel":"","context":"Entrada similar ","block_context":{"text":"Entrada similar ","link":""},"img":{"alt_text":"","src":"","width":0,"height":0},"classes":[]},{"id":4018,"url":"https:\/\/castor-wheels.com\/es\/ruedas-de-trabajo-pesado-2\/","url_meta":{"origin":4381,"position":4},"title":"Ruedas resistentes del echador","author":"caster","date":"agosto 2, 2017","format":false,"excerpt":"echador industrial pesado de gomarueda de deber de Heacy ruedas r\u00edgidas del echadordiverso tama\u00f1o disponible ruedas giratorias del echadorruedas resistentes estupendas de la PU del echador Ruedas del echador de la PURueda de nylon del echador echador industrial pesado de gomarueda de deber de Heacy ruedas resistentes del echadorrueda resistente\u2026","rel":"","context":"Entrada similar ","block_context":{"text":"Entrada similar ","link":""},"img":{"alt_text":"","src":"","width":0,"height":0},"classes":[]},{"id":4357,"url":"https:\/\/castor-wheels.com\/es\/extra-pesado-duty-caster\/","url_meta":{"origin":4381,"position":5},"title":"Echador adicional resistente","author":"caster","date":"agosto 2, 2017","format":false,"excerpt":"Ruedas del echador de la PUrueda de echador resistente estupenda Ruedas del echador de la PUrueda de echador adicional resistente ruedas giratorias del echadorruedas resistentes estupendas del echador de la PU Ruedas del echador de la PUrueda resistente adicional","rel":"","context":"Entrada similar ","block_context":{"text":"Entrada similar ","link":""},"img":{"alt_text":"","src":"","width":0,"height":0},"classes":[]}],"_links":{"self":[{"href":"https:\/\/castor-wheels.com\/es\/wp-json\/wp\/v2\/pages\/4381","targetHints":{"allow":["GET"]}}],"collection":[{"href":"https:\/\/castor-wheels.com\/es\/wp-json\/wp\/v2\/pages"}],"about":[{"href":"https:\/\/castor-wheels.com\/es\/wp-json\/wp\/v2\/types\/page"}],"author":[{"embeddable":true,"href":"https:\/\/castor-wheels.com\/es\/wp-json\/wp\/v2\/users\/1"}],"replies":[{"embeddable":true,"href":"https:\/\/castor-wheels.com\/es\/wp-json\/wp\/v2\/comments?post=4381"}],"version-history":[{"count":0,"href":"https:\/\/castor-wheels.com\/es\/wp-json\/wp\/v2\/pages\/4381\/revisions"}],"wp:attachment":[{"href":"https:\/\/castor-wheels.com\/es\/wp-json\/wp\/v2\/media?parent=4381"}],"curies":[{"name":"wp","href":"https:\/\/api.w.org\/{rel}","templated":true}]}}