{"id":4552,"date":"2019-05-12T22:11:57","date_gmt":"2019-05-12T14:11:57","guid":{"rendered":"http:\/\/castor-wheels.com\/?page_id=4511"},"modified":"2025-02-10T22:20:02","modified_gmt":"2025-02-10T14:20:02","slug":"carretilla-elevadora-pu-wheel-2","status":"publish","type":"page","link":"https:\/\/castor-wheels.com\/es\/carretilla-elevadora-pu-wheel-2\/","title":{"rendered":"Montacargas PU wheel"},"content":{"rendered":"<p>\u00a0<\/p>\n<figure><a href=\"\/es\/pu-caster-detail\/\"><img data-recalc-dims=\"1\" decoding=\"async\" title=\"85x60mm PU\" src=\"https:\/\/i0.wp.com\/castor-wheels.com\/wp-content\/uploads\/2019\/05\/85x60mm-PU-e1557666455730.jpg?w=525\" alt=\"80x60mm PU rueda\" \/><\/a><\/figure>\n<h3><a href=\"\/es\/pu-caster-detail\/\">ruedas de PU para montacargas<\/a><\/h3>\n<p>rueda elevadora de 80x60mm<\/p>\n<figure><a href=\"\/es\/pu-caster-detail\/\"><img data-recalc-dims=\"1\" decoding=\"async\" title=\"7741940157_29947161\" src=\"https:\/\/i0.wp.com\/castor-wheels.com\/wp-content\/uploads\/2019\/05\/85x60mm-PU.jpg?w=525\" alt=\"Rodillo cisterna de PU\" \/><\/a><\/figure>\n<h3><a href=\"\/es\/pu-caster-detail\/\">ruedas elevadoras el\u00e9ctricas<\/a><\/h3>\n<p>80x70mm PU rueda<\/p>\n<figure><img data-recalc-dims=\"1\" decoding=\"async\" title=\"4580065081_29947161\" src=\"https:\/\/i0.wp.com\/castor-wheels.com\/wp-content\/uploads\/2019\/05\/4580065081_29947161.jpg?w=525\" alt=\"4580065081_29947161\" \/><\/figure>\n<h3>ruedas de tracci\u00f3n de montacargas<\/h3>\n<p>230x70mm PU rueda de accionamiento para EV<\/p>\n<figure><a href=\"\/es\/pu-caster-detail\/\"><img data-recalc-dims=\"1\" decoding=\"async\" title=\"4401789398_29947161\" src=\"https:\/\/i0.wp.com\/castor-wheels.com\/wp-content\/uploads\/2019\/05\/4401789398_29947161.jpg?w=525\" alt=\"rueda de PU de todos los tama\u00f1os\" \/><\/a><\/figure>\n<h3><a href=\"\/es\/pu-caster-detail\/\">todo tama\u00f1o de ruedas EV PU<\/a><\/h3>\n<p>rueda el\u00e9ctrica EV PU con cubo de acero<\/p>\n<figure><img data-recalc-dims=\"1\" decoding=\"async\" title=\"85x110mm\" src=\"https:\/\/i0.wp.com\/castor-wheels.com\/wp-content\/uploads\/2019\/05\/85x110mm.jpg?w=525\" alt=\"85x110mm PU rueda\" \/><\/figure>\n<h3>Las ruedas de PU de Stacker<\/h3>\n<p>La rueda el\u00e9ctrica del apilador PU<\/p>\n<figure><img data-recalc-dims=\"1\" decoding=\"async\" title=\"rueda de 150x50mm\" src=\"https:\/\/i0.wp.com\/castor-wheels.com\/wp-content\/uploads\/2019\/05\/150x50mm-whee.jpg?w=525\" alt=\"150x50mm rueda de PU\" \/><\/figure>\n<h3>150x50mm rueda de PU<\/h3>\n<p>rueda auxiliar de la PU del montacargas<\/p>\n<figure><img data-recalc-dims=\"1\" decoding=\"async\" title=\"La rueda de tracci\u00f3n AGV\" src=\"https:\/\/i0.wp.com\/castor-wheels.com\/wp-content\/uploads\/2019\/05\/AGV-drive-wheel.jpg?w=525\" alt=\"La rueda de tracci\u00f3n AGV\" \/><\/figure>\n<h3>La rueda de tracci\u00f3n AGV<\/h3>\n<p>Rueda de PU AGV<\/p>\n<figure><img data-recalc-dims=\"1\" height=\"80\" width=\"250\" decoding=\"async\" title=\"Heli-250 \u00d7 80\" src=\"https:\/\/i0.wp.com\/castor-wheels.com\/wp-content\/uploads\/2019\/05\/heli-250x80.jpg?resize=250%2C80\" alt=\"Rueda de tracci\u00f3n Heli montacargas 250x80mm\" \/><\/figure>\n<h3>La rueda elevadora HELI<\/h3>\n<p>la rueda de tracci\u00f3n de 250x80mm<\/p>\n<figure><a href=\"\/es\/pu-caster-detail\/\"><img data-recalc-dims=\"1\" decoding=\"async\" title=\"4293643961_1768461554\" src=\"https:\/\/i0.wp.com\/castor-wheels.com\/wp-content\/uploads\/2019\/05\/4293643961_1768461554.jpg?w=525\" alt=\"rueda de cami\u00f3n de pallet 200x50mm\" \/><\/a><\/figure>\n<h3><a href=\"\/es\/pu-caster-detail\/\">ruedas de PU para Transpaletas<\/a><\/h3>\n<p>rueda POU 200x50mm<\/p>\n<figure><img data-recalc-dims=\"1\" decoding=\"async\" title=\"rueda de PU 80x55mm\" src=\"https:\/\/i0.wp.com\/castor-wheels.com\/wp-content\/uploads\/2019\/05\/80x55-pu.jpg?w=525\" alt=\"80x55 PU rueda para el montacargas el\u00e9ctrico Linde\" \/><\/figure>\n<h3>Las ruedas del montacargas Linde PU<\/h3>\n<p>rueda de PU 80x55mm para el montacargas el\u00e9ctrico Linde<\/p>\n<figure><img data-recalc-dims=\"1\" decoding=\"async\" title=\"1768461554\" src=\"https:\/\/i0.wp.com\/castor-wheels.com\/wp-content\/uploads\/2019\/05\/1768461554.jpg?w=525\" alt=\"la rueda del montacargas 85x80mm\" \/><\/figure>\n<h3>Las ruedas elevadoras RAYMONDA<\/h3>\n<p>la rueda del montacargas 85x80mm<\/p>\n<figure><img data-recalc-dims=\"1\" decoding=\"async\" title=\"3925710333_1682057791\" src=\"https:\/\/i0.wp.com\/castor-wheels.com\/wp-content\/uploads\/2019\/05\/3925710333_1682057791.jpg?w=525\" alt=\"rodillo de transpaleta y rodillo montacargas\" \/><\/figure>\n<h3>Rodillo PU<\/h3>\n<p>rodillo de transpaleta y rodillo montacargas<\/p>\n<p><b data-spm-anchor-id=\"a2700.details.pronpeci14.i0.66ce93a9mAgfuI\">Electric Pallet Jack PU rueda y la rueda del montacargas el\u00e9ctrico<\/b><\/p>\n<p><b>Diferentes tama\u00f1os disponibles para Toyota BT, ClarkmCrown, Hyundai, Jungheinrich, Nichiyu, Noblift, Lnde<\/b><\/p>\n<p>Como hay muchos tama\u00f1os diferentes de rueda de PU disponibles para transpaleta de mano y Transpaleta el\u00e9ctrica, cuando se necesita fuente el reemplazo de esas ruedas, por favor, compruebe los detalles de la siguiente y nos informan:<\/p>\n<p>1 marca de transpaleta o carretilla elevadora: como Linde montacargas, Heli, Toyota, BT series, Hyster montacargas, Crown montacargas, Daewood montacargas, HC Brand, Jungheinrich, TCM, Noblelift, etc.<br \/>\n2 di\u00e1metro exterior de la rueda. 3.\u00a0Ancho de la rueda. 4.\u00a0Di\u00e1metro interior.<br \/>\n5. modelo de montacargas.<br \/>\nDespu\u00e9s de proporcionar la informaci\u00f3n anterior, podemos sugerir la rueda correcta para usted.<\/p>","protected":false},"excerpt":{"rendered":"<p>\u00a0 ruedas de PU para montacargas rueda elevadora de 80x60mm ruedas elevadoras el\u00e9ctricas 80x70mm PU rueda ruedas de tracci\u00f3n de montacargas 230x70mm PU rueda de accionamiento para EV todo tama\u00f1o de ruedas EV PU rueda el\u00e9ctrica EV PU con cubo de acero Las ruedas de PU de Stacker La rueda el\u00e9ctrica del apilador PU 150x50mm [&hellip;]<\/p>\n","protected":false},"author":1,"featured_media":0,"parent":0,"menu_order":0,"comment_status":"closed","ping_status":"closed","template":"","meta":{"footnotes":""},"class_list":["post-4552","page","type-page","status-publish","hentry"],"jetpack_sharing_enabled":true,"jetpack_shortlink":"https:\/\/wp.me\/P96XZu-1bq","jetpack-related-posts":[{"id":3058,"url":"https:\/\/castor-wheels.com\/es\/pu-rueda-giratoria\/","url_meta":{"origin":4552,"position":0},"title":"Rueda del echador de la PU","author":"caster","date":"agosto 2, 2017","format":false,"excerpt":"Ruedas del echador de la PUrueda del echador de 6 \" ruedas r\u00edgidas del echadordiverso tama\u00f1o disponible ruedas giratorias del echadorruedas resistentes estupendas de la PU del echador Ruedas del echador de la PURueda del echador de la PU Ruedas del echador de la PUSerie de la rueda de la\u2026","rel":"","context":"Entrada similar ","block_context":{"text":"Entrada similar ","link":""},"img":{"alt_text":"","src":"","width":0,"height":0},"classes":[]},{"id":7069,"url":"https:\/\/castor-wheels.com\/es\/rueda-giratoria-extra-resistente\/","url_meta":{"origin":4552,"position":1},"title":"Rueda giratoria extra resistente","author":"caster","date":"marzo 3, 2025","format":false,"excerpt":"Ruedas para trabajo extra pesado Ruedas de PU CasterRueda de lanzador de servicio s\u00faper pesado Ruedas de PU CasterRueda de asa de servicio extra pesado ruedas giratoriasRuedas de PU PU de s\u00faper pesado Ruedas de PU Casterrueda extra pesada Ruedas de PU Casterrueda doble Ruedas de PU Casterrueda de lanzador\u2026","rel":"","context":"Entrada similar ","block_context":{"text":"Entrada similar ","link":""},"img":{"alt_text":"super heavy duty caster wheel","src":"https:\/\/i0.wp.com\/castor-wheels.com\/wp-content\/uploads\/2017\/08\/w163-super-heavy-duty.jpg?resize=350%2C200&ssl=1","width":350,"height":200},"classes":[]},{"id":3112,"url":"https:\/\/castor-wheels.com\/es\/pesado-aranceles-ruedas-ruedas\/","url_meta":{"origin":4552,"position":2},"title":"Ruedas de trabajo pesado","author":"caster","date":"agosto 2, 2017","format":false,"excerpt":"rueda industrial pesada de gomarueda de Heacy deber ruedas del echador r\u00edgidodiverso tama\u00f1o disponible las ruedas del echador del eslab\u00f3n giratorioSuper ruedas de PU de alta resistencia Ruedas del echador de la PURueda del echador de nylon rueda industrial pesada de gomarueda de Heacy deber ruedas de trabajo pesadorueda de\u2026","rel":"","context":"Entrada similar ","block_context":{"text":"Entrada similar ","link":""},"img":{"alt_text":"","src":"","width":0,"height":0},"classes":[]},{"id":3037,"url":"https:\/\/castor-wheels.com\/es\/casterwheels-3\/","url_meta":{"origin":4552,"position":3},"title":"Ruedas del echador","author":"caster","date":"julio 30, 2017","format":false,"excerpt":"\u00a0 Ruedas del echador de la PU rueda del echador de 6 \" ruedas r\u00edgidas del echador diverso tama\u00f1o disponible ruedas giratorias del echador ruedas resistentes estupendas de la PU del echador Ruedas de nylon del echador Rueda de nylon del echador Ruedas del echador del PA 5 \"rueda r\u00edgida\u2026","rel":"","context":"Entrada similar ","block_context":{"text":"Entrada similar ","link":""},"img":{"alt_text":"","src":"","width":0,"height":0},"classes":[]},{"id":4009,"url":"https:\/\/castor-wheels.com\/es\/ruedas-de-trabajo-pesado\/","url_meta":{"origin":4552,"position":4},"title":"Ruedas resistentes del echador","author":"caster","date":"agosto 2, 2017","format":false,"excerpt":"echador industrial pesado de gomarueda de deber de Heacy ruedas r\u00edgidas del echadordiverso tama\u00f1o disponible ruedas giratorias del echadorruedas resistentes estupendas de la PU del echador Ruedas del echador de la PURueda de nylon del echador echador industrial pesado de gomarueda de deber de Heacy ruedas resistentes del echadorrueda resistente\u2026","rel":"","context":"Entrada similar ","block_context":{"text":"Entrada similar ","link":""},"img":{"alt_text":"","src":"","width":0,"height":0},"classes":[]},{"id":4018,"url":"https:\/\/castor-wheels.com\/es\/ruedas-de-trabajo-pesado-2\/","url_meta":{"origin":4552,"position":5},"title":"Ruedas resistentes del echador","author":"caster","date":"agosto 2, 2017","format":false,"excerpt":"echador industrial pesado de gomarueda de deber de Heacy ruedas r\u00edgidas del echadordiverso tama\u00f1o disponible ruedas giratorias del echadorruedas resistentes estupendas de la PU del echador Ruedas del echador de la PURueda de nylon del echador echador industrial pesado de gomarueda de deber de Heacy ruedas resistentes del echadorrueda resistente\u2026","rel":"","context":"Entrada similar ","block_context":{"text":"Entrada similar ","link":""},"img":{"alt_text":"","src":"","width":0,"height":0},"classes":[]}],"_links":{"self":[{"href":"https:\/\/castor-wheels.com\/es\/wp-json\/wp\/v2\/pages\/4552","targetHints":{"allow":["GET"]}}],"collection":[{"href":"https:\/\/castor-wheels.com\/es\/wp-json\/wp\/v2\/pages"}],"about":[{"href":"https:\/\/castor-wheels.com\/es\/wp-json\/wp\/v2\/types\/page"}],"author":[{"embeddable":true,"href":"https:\/\/castor-wheels.com\/es\/wp-json\/wp\/v2\/users\/1"}],"replies":[{"embeddable":true,"href":"https:\/\/castor-wheels.com\/es\/wp-json\/wp\/v2\/comments?post=4552"}],"version-history":[{"count":2,"href":"https:\/\/castor-wheels.com\/es\/wp-json\/wp\/v2\/pages\/4552\/revisions"}],"predecessor-version":[{"id":6692,"href":"https:\/\/castor-wheels.com\/es\/wp-json\/wp\/v2\/pages\/4552\/revisions\/6692"}],"wp:attachment":[{"href":"https:\/\/castor-wheels.com\/es\/wp-json\/wp\/v2\/media?parent=4552"}],"curies":[{"name":"wp","href":"https:\/\/api.w.org\/{rel}","templated":true}]}}