{"id":4590,"date":"2017-08-02T22:30:26","date_gmt":"2017-08-02T14:30:26","guid":{"rendered":"http:\/\/castor-wheels.com\/wordpress\/?page_id=1677"},"modified":"2017-08-02T22:30:26","modified_gmt":"2017-08-02T14:30:26","slug":"medico-ruedas-giratorias-2","status":"publish","type":"page","link":"https:\/\/castor-wheels.com\/es\/medico-ruedas-giratorias-2\/","title":{"rendered":"Ruedas m\u00e9dicas del echador"},"content":{"rendered":"<figure><img data-recalc-dims=\"1\" decoding=\"async\" src=\"https:\/\/i0.wp.com\/castor-wheels.com\/wp-content\/uploads\/2017\/08\/W47-medical-caster.jpg?w=525\" alt=\"rueda m\u00e9dica del echador\" title=\"W47-Medical-Caster\"><\/figure>\n<h3>rueda m\u00e9dica del echador<\/h3>\n<p>diverso tama\u00f1o disponible<\/p>\n<figure><img data-recalc-dims=\"1\" decoding=\"async\" src=\"https:\/\/i0.wp.com\/castor-wheels.com\/wp-content\/uploads\/2017\/09\/mdeical-caster5.jpg?w=525\" alt=\"ruedas del echador del hospital\" title=\"mdeical-caster5\"><\/figure>\n<h3>ruedas del echador del hospital<\/h3>\n<p>echador m\u00e9dico<\/p>\n<figure><img data-recalc-dims=\"1\" decoding=\"async\" src=\"https:\/\/i0.wp.com\/castor-wheels.com\/wp-content\/uploads\/2017\/07\/light-duty24.jpg?w=525\" alt=\"rueda de goma del echador\" title=\"luz-duty24\"><\/figure>\n<h3>ruedas giratorias del echador<\/h3>\n<p>rueda del echador del hospital<\/p>\n<figure><img data-recalc-dims=\"1\" decoding=\"async\" src=\"https:\/\/i0.wp.com\/castor-wheels.com\/wp-content\/uploads\/2017\/07\/light-duty28.jpg?w=525\" alt=\"rueda de goma gris\" title=\"luz-duty28\"><\/figure>\n<h3>rueda de goma gris del echador<\/h3>\n<p>echador de goma r\u00edgido<\/p>\n<figure><img data-recalc-dims=\"1\" decoding=\"async\" src=\"https:\/\/i0.wp.com\/castor-wheels.com\/wp-content\/uploads\/2017\/09\/mdeical-caster2.jpg?w=525\" alt=\"ruedas m\u00e9dicas del echador\" title=\"mdeical-caster2\"><\/figure>\n<h3>cama de hospital Castor<\/h3>\n<p>rueda del echador del hospital<\/p>\n<figure><img data-recalc-dims=\"1\" decoding=\"async\" src=\"https:\/\/i0.wp.com\/castor-wheels.com\/wp-content\/uploads\/2017\/08\/W93-rubber-wheel-1.jpg?w=525\" alt=\"rueda de goma\" title=\"W93-rueda de goma\"><\/figure>\n<h3>ruedas del echador del hospital<\/h3>\n<p>echador de goma del hospital<\/p>\n<figure><img data-recalc-dims=\"1\" decoding=\"async\" src=\"https:\/\/i0.wp.com\/castor-wheels.com\/wp-content\/uploads\/2017\/08\/W95-rubber-wheel-1.jpg?w=525\" alt=\"echador de goma\" title=\"W95-rueda de goma\"><\/figure>\n<h3>ruedas r\u00edgidas del echador<\/h3>\n<p>rueda de goma del echador<\/p>\n<figure><img data-recalc-dims=\"1\" decoding=\"async\" src=\"https:\/\/i0.wp.com\/castor-wheels.com\/wp-content\/uploads\/2017\/08\/W180Blue-elastic-rubber-caster-.jpg?w=525\" alt=\"echador de goma el\u00e1stico\" title=\"W180-goma-Caster\"><\/figure>\n<h3>rueda del echador del hospital<\/h3>\n<p>echador de goma <\/p>\n<figure><img data-recalc-dims=\"1\" decoding=\"async\" src=\"https:\/\/i0.wp.com\/castor-wheels.com\/wp-content\/uploads\/2017\/08\/medical-caster-005.jpg?w=525\" alt=\"echador m\u00e9dico\" title=\"m\u00e9dico-Caster-005\"><\/figure>\n<h3>cama de hospital Castor<\/h3>\n<p>echador m\u00e9dico\/hospital cama Castor<\/p>\n<figure><img data-recalc-dims=\"1\" decoding=\"async\" src=\"https:\/\/i0.wp.com\/castor-wheels.com\/wp-content\/uploads\/2017\/08\/medical-caster-004.jpg?w=525\" alt=\"cama de hospital Castor\" title=\"echador m\u00e9dico-004\"><\/figure>\n<h3>cama de hospital Castor<\/h3>\n<p>echador del hospital<\/p>\n<figure><img data-recalc-dims=\"1\" decoding=\"async\" src=\"https:\/\/i0.wp.com\/castor-wheels.com\/wp-content\/uploads\/2017\/09\/mdeical-caster3.jpg?w=525\" alt=\"ruedas m\u00e9dicas del echador\" title=\"mdeical-caster3\"><\/figure>\n<h3>ruedas del echador<\/h3>\n<p>rueda de ricino del v\u00e1stago<\/p>\n<figure><img data-recalc-dims=\"1\" decoding=\"async\" src=\"https:\/\/i0.wp.com\/castor-wheels.com\/wp-content\/uploads\/2017\/08\/medical-caster-002.jpg?w=525\" alt=\"m\u00e9dico Castor\" title=\"m\u00e9dico-Caster-002\"><\/figure>\n<h3>rueda del echador del hospital<\/h3>\n<p>Meidical Caster <\/p>","protected":false},"excerpt":{"rendered":"<p>rueda m\u00e9dica del echador diverso tama\u00f1o disponible ruedas del echador del hospital echador m\u00e9dico ruedas giratorias del echador rueda del echador del hospital rueda de goma gris del echador echador de goma r\u00edgido cama de hospital Castor rueda del echador del hospital ruedas del echador del hospital echador de goma del hospital ruedas r\u00edgidas del [&hellip;]<\/p>\n","protected":false},"author":1,"featured_media":0,"parent":0,"menu_order":0,"comment_status":"closed","ping_status":"closed","template":"","meta":{"footnotes":""},"class_list":["post-4590","page","type-page","status-publish","hentry"],"jetpack_sharing_enabled":true,"jetpack_shortlink":"https:\/\/wp.me\/P96XZu-1c2","jetpack-related-posts":[{"id":4055,"url":"https:\/\/castor-wheels.com\/es\/medico-ruedas-giratorias\/","url_meta":{"origin":4590,"position":0},"title":"Ruedas m\u00e9dicas del echador","author":"caster","date":"agosto 2, 2017","format":false,"excerpt":"rueda m\u00e9dica del echadordiverso tama\u00f1o disponible ruedas del echador del hospitalechador m\u00e9dico ruedas giratorias del echadorrueda del echador del hospital rueda de goma gris del echadorechador de goma r\u00edgido cama de hospital Castorrueda del echador del hospital ruedas del echador del hospitalechador de goma del hospital ruedas r\u00edgidas del echadorrueda\u2026","rel":"","context":"Entrada similar ","block_context":{"text":"Entrada similar ","link":""},"img":{"alt_text":"","src":"","width":0,"height":0},"classes":[]},{"id":4167,"url":"https:\/\/castor-wheels.com\/es\/ruedas-de-goma\/","url_meta":{"origin":4590,"position":1},"title":"Rueda de goma del echador","author":"caster","date":"agosto 2, 2017","format":false,"excerpt":"ruedas de goma del echadordiverso tama\u00f1o disponible ruedas giratorias del echadorechador de goma el\u00e1stico Neum\u00e1ticoRueda neum\u00e1tica del neum\u00e1tico base interior de la rueda de goma PPrueda de goma del echador ruedas de goma del echadorrueda de goma con el borde de oro ruedas giratorias del echadorechador de goma el\u00e1stico echador\u2026","rel":"","context":"Entrada similar ","block_context":{"text":"Entrada similar ","link":""},"img":{"alt_text":"","src":"","width":0,"height":0},"classes":[]},{"id":4181,"url":"https:\/\/castor-wheels.com\/es\/caucho-en-hierro-echador\/","url_meta":{"origin":4590,"position":2},"title":"Caucho en el echador del hierro","author":"caster","date":"agosto 2, 2017","format":false,"excerpt":"ruedas de goma del echadordiverso tama\u00f1o disponibleruedas r\u00edgidas del echadorechador de goma el\u00e1stico ruedas giratorias del echador rueda de goma del echadorechador de gomadiverso tama\u00f1o disponible ruedas de goma del echador ruedas de goma resistentesruedas de goma del echadorruedas de goma del echadorrueda de goma del echador","rel":"","context":"Entrada similar ","block_context":{"text":"Entrada similar ","link":""},"img":{"alt_text":"","src":"","width":0,"height":0},"classes":[]},{"id":4123,"url":"https:\/\/castor-wheels.com\/es\/compra-carro-echador\/","url_meta":{"origin":4590,"position":3},"title":"Echador del carro de compras","author":"caster","date":"agosto 2, 2017","format":false,"excerpt":"ruedas de goma del echadorrueda de carrito de compras ruedas r\u00edgidas del echadorechador de goma el\u00e1stico ruedas giratorias del echadorrueda de goma del echador Rueda del echador del parechador del carro de compras","rel":"","context":"Entrada similar ","block_context":{"text":"Entrada similar ","link":""},"img":{"alt_text":"","src":"","width":0,"height":0},"classes":[]},{"id":4009,"url":"https:\/\/castor-wheels.com\/es\/ruedas-de-trabajo-pesado\/","url_meta":{"origin":4590,"position":4},"title":"Ruedas resistentes del echador","author":"caster","date":"agosto 2, 2017","format":false,"excerpt":"echador industrial pesado de gomarueda de deber de Heacy ruedas r\u00edgidas del echadordiverso tama\u00f1o disponible ruedas giratorias del echadorruedas resistentes estupendas de la PU del echador Ruedas del echador de la PURueda de nylon del echador echador industrial pesado de gomarueda de deber de Heacy ruedas resistentes del echadorrueda resistente\u2026","rel":"","context":"Entrada similar ","block_context":{"text":"Entrada similar ","link":""},"img":{"alt_text":"","src":"","width":0,"height":0},"classes":[]},{"id":4018,"url":"https:\/\/castor-wheels.com\/es\/ruedas-de-trabajo-pesado-2\/","url_meta":{"origin":4590,"position":5},"title":"Ruedas resistentes del echador","author":"caster","date":"agosto 2, 2017","format":false,"excerpt":"echador industrial pesado de gomarueda de deber de Heacy ruedas r\u00edgidas del echadordiverso tama\u00f1o disponible ruedas giratorias del echadorruedas resistentes estupendas de la PU del echador Ruedas del echador de la PURueda de nylon del echador echador industrial pesado de gomarueda de deber de Heacy ruedas resistentes del echadorrueda resistente\u2026","rel":"","context":"Entrada similar ","block_context":{"text":"Entrada similar ","link":""},"img":{"alt_text":"","src":"","width":0,"height":0},"classes":[]}],"_links":{"self":[{"href":"https:\/\/castor-wheels.com\/es\/wp-json\/wp\/v2\/pages\/4590","targetHints":{"allow":["GET"]}}],"collection":[{"href":"https:\/\/castor-wheels.com\/es\/wp-json\/wp\/v2\/pages"}],"about":[{"href":"https:\/\/castor-wheels.com\/es\/wp-json\/wp\/v2\/types\/page"}],"author":[{"embeddable":true,"href":"https:\/\/castor-wheels.com\/es\/wp-json\/wp\/v2\/users\/1"}],"replies":[{"embeddable":true,"href":"https:\/\/castor-wheels.com\/es\/wp-json\/wp\/v2\/comments?post=4590"}],"version-history":[{"count":0,"href":"https:\/\/castor-wheels.com\/es\/wp-json\/wp\/v2\/pages\/4590\/revisions"}],"wp:attachment":[{"href":"https:\/\/castor-wheels.com\/es\/wp-json\/wp\/v2\/media?parent=4590"}],"curies":[{"name":"wp","href":"https:\/\/api.w.org\/{rel}","templated":true}]}}