{"id":4686,"date":"2020-04-26T17:59:00","date_gmt":"2020-04-26T09:59:00","guid":{"rendered":"http:\/\/castor-wheels.com\/?page_id=4665"},"modified":"2020-04-26T19:58:55","modified_gmt":"2020-04-26T11:58:55","slug":"andamios-rueda-rueda-rueda","status":"publish","type":"page","link":"https:\/\/castor-wheels.com\/es\/andamios-rueda-rueda-rueda\/","title":{"rendered":"rueda de ruedas de andamios"},"content":{"rendered":"<p>\u00a0<\/p>\n<figure><img data-recalc-dims=\"1\" decoding=\"async\" title=\"W167 Caster andamios\" src=\"https:\/\/i0.wp.com\/castor-wheels.com\/wp-content\/uploads\/2017\/08\/W167-Scaffold-Caster.jpg?w=525\" alt=\"rueda de ruedas de andamios de goma negro\" \/><\/figure>\n<h3>rueda de ruedas con andamios<\/h3>\n<p>rueda de ruedas de andamios de goma negro<\/p>\n<figure><img data-recalc-dims=\"1\" decoding=\"async\" title=\"W166 Caster andamios\" src=\"https:\/\/i0.wp.com\/castor-wheels.com\/wp-content\/uploads\/2017\/08\/W166-Scaffold-Caster.jpg?w=525\" alt=\"Rueda de ruedas de andamios de PU\" \/><\/figure>\n<h3>Rueda de ruedas de andamios de PU<\/h3>\n<p>rueda de ruedas con doble freno<\/p>\n<figure><img data-recalc-dims=\"1\" decoding=\"async\" title=\"Scaffolding-Caster\" src=\"https:\/\/i0.wp.com\/castor-wheels.com\/wp-content\/uploads\/2017\/08\/W165-Scaffold-Caster.jpg?w=525\" alt=\"andina de goma caster\" \/><\/figure>\n<h3>ruedas de goma de andamios<\/h3>\n<p>rueda de goma gris de servicio ligero<\/p>\n<figure><img data-recalc-dims=\"1\" decoding=\"async\" title=\"W164-Scaffold-Caster\" src=\"https:\/\/i0.wp.com\/castor-wheels.com\/wp-content\/uploads\/2017\/08\/W164-Scaffold-Caster.jpg?w=525\" alt=\"Caster andamios\" \/><\/figure>\n<h3>ruedas de ruedas de andamios de nylon<\/h3>\n<p>rueda de ruedas de andamios de nylon<\/p>\n<figure><img data-recalc-dims=\"1\" decoding=\"async\" title=\"PU-ON-Iron-scaffolding-caster03\" src=\"https:\/\/i0.wp.com\/castor-wheels.com\/wp-content\/uploads\/2020\/04\/scaffold-caster03.jpg?w=525\" alt=\"PU en rueda de ruedas de andamios de hierro\" \/><\/figure>\n<h3>rueda de ruedas de andamios de servicio pesado<\/h3>\n<p>PU en rueda de ruedas de andamios de hierro<\/p>\n<figure><img data-recalc-dims=\"1\" decoding=\"async\" title=\"de hilo largo-andamios-caster\" src=\"https:\/\/i0.wp.com\/castor-wheels.com\/wp-content\/uploads\/2020\/04\/scaffold-caster02.jpg?w=525\" alt=\"rueda de ruedas de andamios de hilo largo\" \/><\/figure>\n<h3>andamios de altura extra caster<\/h3>\n<p>perno de rosca larga unido tipo andamiante rueda de ruedas<\/p>\n<figure><img data-recalc-dims=\"1\" decoding=\"async\" title=\"PU-andamios-caster\" src=\"https:\/\/i0.wp.com\/castor-wheels.com\/wp-content\/uploads\/2020\/04\/scaffold-caster09.jpg?w=525\" alt=\"Rueda de ruedas PU con doble freno\" \/><\/figure>\n<h3>ruedas del echador<\/h3>\n<p>rueda scafolding para plataforma de trabajo o podio<\/p>\n<figure><img data-recalc-dims=\"1\" decoding=\"async\" title=\"podio-scaffolding- caster\" src=\"https:\/\/i0.wp.com\/castor-wheels.com\/wp-content\/uploads\/2020\/04\/scaffold-caster08.jpg?w=525\" alt=\"rueda de rueda salidero de podio\" \/><\/figure>\n<h3>truckle de nylon<\/h3>\n<p>PVC en la rueda de ruedas de andamios de servicio ligero del n\u00facleo PP<\/p>\n<figure><img data-recalc-dims=\"1\" decoding=\"async\" title=\"andamio de goma-caster\" src=\"https:\/\/i0.wp.com\/castor-wheels.com\/wp-content\/uploads\/2020\/04\/scaffold-caster10.jpg?w=525\" alt=\"rueda de ruedas de andamios de goma\" \/><\/figure>\n<h3>rueda de ruedas con andamios con freno de cantar<\/h3>\n<p>Rueda de ruedas de andamios de n\u00facleo PP<\/p>\n<figure><img data-recalc-dims=\"1\" decoding=\"async\" title=\"repuestos para andamios-caster\" src=\"https:\/\/i0.wp.com\/castor-wheels.com\/wp-content\/uploads\/2020\/04\/spare-parts-for-scaffolding.jpg?w=525\" alt=\"varilla de acero pisada para andamer\u00eda caster\" \/><\/figure>\n<h3>piezas de ruedas de andamios de altura adicional<\/h3>\n<p>varilla de rosca de rosca larga<\/p>\n<figure><img data-recalc-dims=\"1\" decoding=\"async\" title=\"PU-andamios-caster\" src=\"https:\/\/i0.wp.com\/castor-wheels.com\/wp-content\/uploads\/2020\/04\/scaffold-caster09.jpg?w=525\" alt=\"Rueda de ruedas PU con doble freno\" \/><\/figure>\n<h3>ruedas de doble freno<\/h3>\n<p>rueda de podio scafolding<\/p>\n<figure><img data-recalc-dims=\"1\" decoding=\"async\" title=\"bolt-jointed-spare-parts-scaffolding\" src=\"https:\/\/i0.wp.com\/castor-wheels.com\/wp-content\/uploads\/2020\/04\/spare-parts-for-scaffolding2.jpg?w=525\" alt=\"piezas de repuesto de tipo perno para ruedas de andamios\" \/><\/figure>\n<h3>truckle de nylon<\/h3>\n<p>piezas de repuesto de tipo perno para ruedas de andamios<\/p>","protected":false},"excerpt":{"rendered":"<p>\u00a0 rueda de ruedas con andamios rueda de ruedas de andamios de goma negro Rueda de ruedas de andamios de PU rueda de ruedas con doble freno ruedas de goma de andamios rueda de goma gris de servicio ligero ruedas de ruedas de andamios de nylon rueda de ruedas de andamios de nylon rueda de [&hellip;]<\/p>\n","protected":false},"author":1,"featured_media":0,"parent":0,"menu_order":0,"comment_status":"closed","ping_status":"closed","template":"","meta":{"footnotes":""},"class_list":["post-4686","page","type-page","status-publish","hentry"],"jetpack_sharing_enabled":true,"jetpack_shortlink":"https:\/\/wp.me\/P96XZu-1dA","jetpack-related-posts":[{"id":7087,"url":"https:\/\/castor-wheels.com\/es\/rueda-giratoria-de-goma\/","url_meta":{"origin":4686,"position":0},"title":"Rueda giratoria de goma","author":"caster","date":"marzo 4, 2025","format":false,"excerpt":"Rueda giratoria de goma ruedas de gomaRueda con marco dorado ruedas giratoriasRueda giratoria de goma sobre n\u00facleo de hierro iron core solid rubber casterRuedas para andamios de caucho con n\u00facleo de hierro Rueda de goma con n\u00facleo de PPRueda de goma para contenedor de basura Cubo de basura de dos\u2026","rel":"","context":"Entrada similar ","block_context":{"text":"Entrada similar ","link":""},"img":{"alt_text":"rubber wheel with iron hub","src":"https:\/\/i0.wp.com\/castor-wheels.com\/wp-content\/uploads\/2023\/05\/rubber-wheel-with-irom-frame.jpg?resize=350%2C200&ssl=1","width":350,"height":200},"classes":[]},{"id":4045,"url":"https:\/\/castor-wheels.com\/es\/ruedas-de-servicio-liviano\/","url_meta":{"origin":4686,"position":1},"title":"Ruedas ligeras del echador","author":"caster","date":"agosto 2, 2017","format":false,"excerpt":"rueda ligera del echadorrueda peque\u00f1a del echador rueda del deber ligerotruckle peque\u00f1o ruedas r\u00edgidas del echadorrueda de goma gris del deber ligero Ruedas del echador de la PUrueda roja de la PU del deber ligero rueda trucklerueda peque\u00f1a del echador truckle del deber ligerotruckle peque\u00f1o ruedas del echadorrueda scafolding Truckle\u2026","rel":"","context":"Entrada similar ","block_context":{"text":"Entrada similar ","link":""},"img":{"alt_text":"","src":"","width":0,"height":0},"classes":[]},{"id":4093,"url":"https:\/\/castor-wheels.com\/es\/nylon-rueda-giratoria\/","url_meta":{"origin":4686,"position":2},"title":"Rueda de nylon del echador","author":"caster","date":"agosto 2, 2017","format":false,"excerpt":"Ruedas del echador del PARuedas del echador del PA con la cubierta \u00a0ruedas de nylon del echadorRuedas de nylon del echadorRueda del echador del PA con el frenoRuedas del echador del PArueda ligera del echadorruedas de nylondiverso tama\u00f1o disponibleechador de poca potenciaruedas de nylon del echadorRuedas de nylon del echadorRueda\u2026","rel":"","context":"Entrada similar ","block_context":{"text":"Entrada similar ","link":""},"img":{"alt_text":"nylon caster wheel","src":"https:\/\/i0.wp.com\/castor-wheels.com\/wp-content\/uploads\/2017\/08\/nylon-wheel-with-cover.jpg?resize=350%2C200&ssl=1","width":350,"height":200},"classes":[]},{"id":6763,"url":"https:\/\/castor-wheels.com\/es\/sobre-nosotros\/","url_meta":{"origin":4686,"position":3},"title":"Sobre nosotros","author":"caster","date":"febrero 14, 2025","format":false,"excerpt":"Acerca de la f\u00e1brica de ruedas giratorias de Xinrui Xinrui Plastic & Hardware Products Co., Ltd. es un fabricante de ruedas giratorias en China. Desde 2000, nos hemos centrado en la fabricaci\u00f3n y producci\u00f3n de todo tipo de ruedas giratorias. La ventaja de nuestra ubicaci\u00f3n es beneficiosa para el desarrollo\u2026","rel":"","context":"Entrada similar ","block_context":{"text":"Entrada similar ","link":""},"img":{"alt_text":"caster wheels","src":"https:\/\/i0.wp.com\/castor-wheels.com\/wp-content\/uploads\/2023\/09\/cropped-site-icon.webp?fit=512%2C512&ssl=1&resize=350%2C200","width":350,"height":200},"classes":[]},{"id":3015,"url":"https:\/\/castor-wheels.com\/es\/acerca-de-nosotros\/","url_meta":{"origin":4686,"position":4},"title":"Sobre nosotros","author":"caster","date":"julio 25, 2017","format":false,"excerpt":"Xinrui Plastic & Hardware Products Co., Ltd. se encuentra en Tangshan de la provincia de Hebei, la importante base de fabricaci\u00f3n de acero en el norte de China. La ventaja de ubicaci\u00f3n es beneficiosa para el desarrollo de nuestro negocio como podemos conseguir la materia prima local a precios competitivos.Nos\u2026","rel":"","context":"Entrada similar ","block_context":{"text":"Entrada similar ","link":""},"img":{"alt_text":"heavy duty PU caster","src":"https:\/\/i0.wp.com\/castor-wheels.com\/wp-content\/uploads\/2023\/09\/heavy-duty-pu4.jpg?resize=350%2C200&ssl=1","width":350,"height":200},"classes":[]},{"id":3070,"url":"https:\/\/castor-wheels.com\/es\/inicio\/","url_meta":{"origin":4686,"position":5},"title":"P\u00e1gina de inicio","author":"caster","date":"julio 27, 2017","format":false,"excerpt":"F\u00e1brica de ruedas Xinrui rueda en China\u00a0\u00a0\u00a0\u00a0\u00a0\u00a0\u00a0\u00a0\u00a0\u00a0\u00a0 Xinrui Plastic & Hardware Products Co., Ltd. se encuentra en Tangshan de la provincia de Hebei, la importante base de fabricaci\u00f3n de acero en el norte de China. La ventaja de ubicaci\u00f3n es beneficiosa para el desarrollo de nuestro negocio como podemos conseguir\u2026","rel":"","context":"Entrada similar ","block_context":{"text":"Entrada similar ","link":""},"img":{"alt_text":"rubber caster wheel","src":"https:\/\/i0.wp.com\/castor-wheels.com\/wp-content\/uploads\/2017\/08\/rubber-golden-rim.jpg?resize=350%2C200&ssl=1","width":350,"height":200},"classes":[]}],"_links":{"self":[{"href":"https:\/\/castor-wheels.com\/es\/wp-json\/wp\/v2\/pages\/4686","targetHints":{"allow":["GET"]}}],"collection":[{"href":"https:\/\/castor-wheels.com\/es\/wp-json\/wp\/v2\/pages"}],"about":[{"href":"https:\/\/castor-wheels.com\/es\/wp-json\/wp\/v2\/types\/page"}],"author":[{"embeddable":true,"href":"https:\/\/castor-wheels.com\/es\/wp-json\/wp\/v2\/users\/1"}],"replies":[{"embeddable":true,"href":"https:\/\/castor-wheels.com\/es\/wp-json\/wp\/v2\/comments?post=4686"}],"version-history":[{"count":2,"href":"https:\/\/castor-wheels.com\/es\/wp-json\/wp\/v2\/pages\/4686\/revisions"}],"predecessor-version":[{"id":4698,"href":"https:\/\/castor-wheels.com\/es\/wp-json\/wp\/v2\/pages\/4686\/revisions\/4698"}],"wp:attachment":[{"href":"https:\/\/castor-wheels.com\/es\/wp-json\/wp\/v2\/media?parent=4686"}],"curies":[{"name":"wp","href":"https:\/\/api.w.org\/{rel}","templated":true}]}}